{"id":2109,"date":"2021-03-26T08:35:58","date_gmt":"2021-03-26T08:35:58","guid":{"rendered":"http:\/\/localhost\/nuss\/?page_id=536"},"modified":"2025-11-11T11:32:58","modified_gmt":"2025-11-11T11:32:58","slug":"strutture-aziendali","status":"publish","type":"page","link":"https:\/\/kerryhotelbeijing.com\/it\/strutture-aziendali\/","title":{"rendered":"Strutture aziendali"},"content":{"rendered":"<div data-elementor-type=\"wp-page\" data-elementor-id=\"2109\" class=\"elementor elementor-2109\">\n\t\t\t\t<div class=\"elementor-element elementor-element-fd6cbd7 e-flex e-con-boxed e-con e-parent\" data-id=\"fd6cbd7\" data-element_type=\"container\" data-e-type=\"container\">\n\t\t\t\t\t<div class=\"e-con-inner\">\n\t\t\t\t<div class=\"elementor-element elementor-element-0f4e55c elementor-widget elementor-widget-heading\" data-id=\"0f4e55c\" data-element_type=\"widget\" data-e-type=\"widget\" data-widget_type=\"heading.default\">\n\t\t\t\t\t<h4 class=\"elementor-heading-title elementor-size-default\">Kerry Hotel, Pechino: strutture business di prim&#039;ordine nel cuore della capitale cinese, dove riunioni globali si incontrano con un&#039;esecuzione impeccabile <\/h4>\t\t\t\t<\/div>\n\t\t\t\t\t<\/div>\n\t\t\t\t<\/div>\n\t\t<div class=\"elementor-element elementor-element-812d16c e-flex e-con-boxed e-con e-parent\" data-id=\"812d16c\" data-element_type=\"container\" data-e-type=\"container\">\n\t\t\t\t\t<div class=\"e-con-inner\">\n\t\t\t\t<div class=\"elementor-element elementor-element-2cbfa9f elementor-widget elementor-widget-nuss-image-gallery\" data-id=\"2cbfa9f\" data-element_type=\"widget\" data-e-type=\"widget\" data-widget_type=\"nuss-image-gallery.default\">\n\t\t\t\t<div class=\"elementor-widget-container\">\n\t\t\t\t\t\t\t<div class=\"nuss-grid-wrapper\" data-grid=\"{&quot;type&quot;:&quot;grid&quot;,&quot;ratio&quot;:null,&quot;columns&quot;:3,&quot;gutter&quot;:30}\">\r\n\t\t\t<div class=\"nuss-grid lazy-grid\">\r\n\t\t\t\t<div class=\"grid-sizer\"><\/div>\r\n\r\n\t\t\t\t\t\t\t\t\t\t\t\t<div class=\"grid-item\">\r\n\t\t\t\t\t\t<div class=\"nuss-box\">\t\t<div class=\"nuss-image image\">\r\n\t\t\t<img decoding=\"async\"  src=\"https:\/\/kerryhotelbeijing.com\/wp-content\/uploads\/2025\/11\/Kerry-Hotel-Beijing-132.webp\" alt=\"Kerry Hotel Pechino (132)\" \/>\t\t<\/div>\r\n\t\t\t\t<\/div>\t\t\t\t\t<\/div>\r\n\t\t\t\t\t\t<div class=\"grid-item\">\r\n\t\t\t\t\t\t<div class=\"nuss-box\">\t\t<div class=\"nuss-image image\">\r\n\t\t\t<img decoding=\"async\"  src=\"https:\/\/kerryhotelbeijing.com\/wp-content\/uploads\/2025\/11\/Kerry-Hotel-Beijing-131.webp\" alt=\"Kerry Hotel Pechino (131)\" \/>\t\t<\/div>\r\n\t\t\t\t<\/div>\t\t\t\t\t<\/div>\r\n\t\t\t\t\t\t<div class=\"grid-item\">\r\n\t\t\t\t\t\t<div class=\"nuss-box\">\t\t<div class=\"nuss-image image\">\r\n\t\t\t<img decoding=\"async\"  src=\"https:\/\/kerryhotelbeijing.com\/wp-content\/uploads\/2025\/11\/Kerry-Hotel-Beijing-130.webp\" alt=\"Kerry Hotel Pechino (130)\" \/>\t\t<\/div>\r\n\t\t\t\t<\/div>\t\t\t\t\t<\/div>\r\n\t\t\t\t\t\t<div class=\"grid-item\">\r\n\t\t\t\t\t\t<div class=\"nuss-box\">\t\t<div class=\"nuss-image image\">\r\n\t\t\t<img decoding=\"async\"  src=\"https:\/\/kerryhotelbeijing.com\/wp-content\/uploads\/2025\/11\/Kerry-Hotel-Beijing-129.webp\" alt=\"Kerry Hotel Pechino (129)\" \/>\t\t<\/div>\r\n\t\t\t\t<\/div>\t\t\t\t\t<\/div>\r\n\t\t\t\t\t\t<div class=\"grid-item\">\r\n\t\t\t\t\t\t<div class=\"nuss-box\">\t\t<div class=\"nuss-image image\">\r\n\t\t\t<img decoding=\"async\"  src=\"https:\/\/kerryhotelbeijing.com\/wp-content\/uploads\/2025\/11\/Kerry-Hotel-Beijing-140.webp\" alt=\"Kerry Hotel Pechino (140)\" \/>\t\t<\/div>\r\n\t\t\t\t<\/div>\t\t\t\t\t<\/div>\r\n\t\t\t\t\t\t<div class=\"grid-item\">\r\n\t\t\t\t\t\t<div class=\"nuss-box\">\t\t<div class=\"nuss-image image\">\r\n\t\t\t<img decoding=\"async\"  src=\"https:\/\/kerryhotelbeijing.com\/wp-content\/uploads\/2025\/11\/Kerry-Hotel-Beijing-137.webp\" alt=\"Kerry Hotel Pechino (137)\" \/>\t\t<\/div>\r\n\t\t\t\t<\/div>\t\t\t\t\t<\/div>\r\n\t\t\t\t\t\t<div class=\"grid-item\">\r\n\t\t\t\t\t\t<div class=\"nuss-box\">\t\t<div class=\"nuss-image image\">\r\n\t\t\t<img decoding=\"async\"  src=\"https:\/\/kerryhotelbeijing.com\/wp-content\/uploads\/2025\/11\/Kerry-Hotel-Beijing-45.webp\" alt=\"Kerry Hotel Pechino (45)\" \/>\t\t<\/div>\r\n\t\t\t\t<\/div>\t\t\t\t\t<\/div>\r\n\t\t\t\t\t\t<div class=\"grid-item\">\r\n\t\t\t\t\t\t<div class=\"nuss-box\">\t\t<div class=\"nuss-image image\">\r\n\t\t\t<img decoding=\"async\"  src=\"https:\/\/kerryhotelbeijing.com\/wp-content\/uploads\/2025\/11\/Kerry-Hotel-Beijing-40.webp\" alt=\"Kerry Hotel Pechino (40)\" \/>\t\t<\/div>\r\n\t\t\t\t<\/div>\t\t\t\t\t<\/div>\r\n\t\t\t\t\t\t<div class=\"grid-item\">\r\n\t\t\t\t\t\t<div class=\"nuss-box\">\t\t<div class=\"nuss-image image\">\r\n\t\t\t<img decoding=\"async\"  src=\"https:\/\/kerryhotelbeijing.com\/wp-content\/uploads\/2025\/11\/Kerry-Hotel-Beijing-31.webp\" alt=\"Kerry Hotel Pechino (31)\" \/>\t\t<\/div>\r\n\t\t\t\t<\/div>\t\t\t\t\t<\/div>\r\n\t\t\t\t\t\t<div class=\"grid-item\">\r\n\t\t\t\t\t\t<div class=\"nuss-box\">\t\t<div class=\"nuss-image image\">\r\n\t\t\t<img decoding=\"async\"  src=\"https:\/\/kerryhotelbeijing.com\/wp-content\/uploads\/2025\/11\/Kerry-Hotel-Beijing-144.webp\" alt=\"Kerry Hotel Pechino (144)\" \/>\t\t<\/div>\r\n\t\t\t\t<\/div>\t\t\t\t\t<\/div>\r\n\t\t\t\t\t\t<div class=\"grid-item\">\r\n\t\t\t\t\t\t<div class=\"nuss-box\">\t\t<div class=\"nuss-image image\">\r\n\t\t\t<img decoding=\"async\"  src=\"https:\/\/kerryhotelbeijing.com\/wp-content\/uploads\/2025\/11\/Kerry-Hotel-Beijing-145.webp\" alt=\"Kerry Hotel Pechino (145)\" \/>\t\t<\/div>\r\n\t\t\t\t<\/div>\t\t\t\t\t<\/div>\r\n\t\t\t\t\t\t<div class=\"grid-item\">\r\n\t\t\t\t\t\t<div class=\"nuss-box\">\t\t<div class=\"nuss-image image\">\r\n\t\t\t<img decoding=\"async\"  src=\"https:\/\/kerryhotelbeijing.com\/wp-content\/uploads\/2025\/11\/Kerry-Hotel-Beijing-150.webp\" alt=\"Kerry Hotel Pechino (150)\" \/>\t\t<\/div>\r\n\t\t\t\t<\/div>\t\t\t\t\t<\/div>\r\n\t\t\t\t\t\t<div class=\"grid-item\">\r\n\t\t\t\t\t\t<div class=\"nuss-box\">\t\t<div class=\"nuss-image image\">\r\n\t\t\t<img decoding=\"async\"  src=\"https:\/\/kerryhotelbeijing.com\/wp-content\/uploads\/2025\/11\/Kerry-Hotel-Beijing-146.webp\" alt=\"Kerry Hotel Pechino (146)\" \/>\t\t<\/div>\r\n\t\t\t\t<\/div>\t\t\t\t\t<\/div>\r\n\t\t\t\t\t\t<div class=\"grid-item\">\r\n\t\t\t\t\t\t<div class=\"nuss-box\">\t\t<div class=\"nuss-image image\">\r\n\t\t\t<img decoding=\"async\"  src=\"https:\/\/kerryhotelbeijing.com\/wp-content\/uploads\/2025\/11\/Kerry-Hotel-Beijing-139.webp\" alt=\"Kerry Hotel Pechino (139)\" \/>\t\t<\/div>\r\n\t\t\t\t<\/div>\t\t\t\t\t<\/div>\r\n\t\t\t\t\t\t\t\r\n\t\t\t<\/div>\r\n\t\t<\/div>\r\n\t\t\t\t\t\t<\/div>\n\t\t\t\t<\/div>\n\t\t\t\t\t<\/div>\n\t\t\t\t<\/div>\n\t\t<div class=\"elementor-element elementor-element-10ad611 e-flex e-con-boxed e-con e-parent\" data-id=\"10ad611\" data-element_type=\"container\" data-e-type=\"container\">\n\t\t\t\t\t<div class=\"e-con-inner\">\n\t\t\t\t<div class=\"elementor-element elementor-element-f78c516 elementor-widget elementor-widget-text-editor\" data-id=\"f78c516\" data-element_type=\"widget\" data-e-type=\"widget\" data-widget_type=\"text-editor.default\">\n\t\t\t\t\t\t\t\t\t<p data-spm-anchor-id=\"a2ty_o01.29997173.0.i34.4f03c921hZz1xG\">Posizionato strategicamente a <strong>No.1 Guanghua Road, distretto di Chaoyang, Pechino, 100020<\/strong>, Il Kerry Hotel di Pechino non \u00e8 solo un hotel di lusso: \u00e8 un centro d&#039;affari di livello mondiale, progettato per dirigenti, imprenditori e aziende globali che desiderano un&#039;organizzazione impeccabile dei loro eventi in una delle citt\u00e0 pi\u00f9 dinamiche dell&#039;Asia. Parte del prestigioso Shangri-La Group, questa struttura a 5 stelle offre eccezionali strutture MICE (Meeting, Incentive, Conferenze, Esposizioni) in tutto il mondo. <strong>oltre 6.000 metri quadrati<\/strong> di spazi versatili e all&#039;avanguardia, che lo rendono la scelta ideale per riunioni aziendali, trattative ad alto rischio, lanci di prodotti e summit internazionali.<\/p><div class=\"my-2\">\u00a0<\/div><h3>Spazi per conferenze ed eventi senza pari per ogni esigenza<\/h3><p>Che si tratti di organizzare una riunione intima in una sala riunioni o un grande gala per oltre 500 ospiti, il Kerry Hotel di Pechino offre spazi flessibili ed eleganti, pensati su misura per le vostre esigenze:<\/p><div class=\"my-2\">\u00a0<\/div><ul dir=\"auto\"><li><p><strong>Grande sala da ballo<\/strong>: Fiore all&#039;occhiello del portfolio eventi dell&#039;hotel, questa sala da ballo senza pilastri vanta soffitti altissimi, sistemi di illuminazione sofisticati e finestre a tutta altezza che offrono viste panoramiche sulla citt\u00e0: perfetta per conferenze su larga scala, banchetti e cerimonie di premiazione.<\/p><\/li><li><p><strong>Sala da ballo di Kowloon<\/strong>: Una sala spaziosa e adattabile, ideale per riunioni di medie dimensioni, sessioni di formazione o cocktail, con layout personalizzabili e supporto audiovisivo avanzato.<\/p><\/li><li><p><strong>Dieci sale dedicate per eventi<\/strong>: Dalle sale riunioni pi\u00f9 intime agli spazi per riunioni di medie dimensioni, ogni sala \u00e8 dotata di tecnologie all&#039;avanguardia, tra cui sistemi di visualizzazione multimediali, Wi-Fi ad alta velocit\u00e0 e funzionalit\u00e0 di videoconferenza senza interruzioni, per garantire la produttivit\u00e0 sia che si tratti di presentazioni a stakeholder locali sia di connessioni con team globali.<\/p><\/li><li><p><strong>Giardino sul tetto<\/strong>: Un luogo esclusivo all&#039;aperto per eventi di networking, attivit\u00e0 di team building o ricevimenti al tramonto, che fonde l&#039;atmosfera naturale con la raffinatezza urbana, con tanto di servizi di catering e scenografici sfondi nel CBD.<\/p><\/li><\/ul><div class=\"my-2\">\u00a0<\/div><p>Tutti i locali sono supportati dagli esperti del Kerry Hotel <strong>Team di pianificazione eventi<\/strong>, che si occupano di ogni dettaglio, dagli allestimenti floreali e decorazioni a tema all&#039;installazione audiovisiva, alla traduzione simultanea e ai menu personalizzati, consentendoti di concentrarti sui tuoi impegni, non sulla logistica.<\/p><div class=\"my-2\">\u00a0<\/div><h3>Servizi Executive su misura per i viaggiatori d&#039;affari<\/h3><p>Oltre alle sale riunioni, il Kerry Hotel di Pechino arricchisce l&#039;esperienza aziendale con servizi premium:<\/p><div class=\"my-2\">\u00a0<\/div><ul dir=\"auto\"><li><p><strong>Executive Lounge (piano Club)<\/strong>: Esclusivamente per gli ospiti del Club Floor, questo tranquillo rifugio offre check-in\/out privati, colazione e cocktail serali gratuiti, postazioni di lavoro dedicate, accesso gratuito alle sale riunioni (fino a 2 ore) e servizio concierge personalizzato, trasformando i momenti di relax in momenti produttivi.<\/p><\/li><li><p><strong>Centro business aperto 24 ore su 24<\/strong>: Dotato di stampanti, scanner, fax e Internet ad alta velocit\u00e0, oltre a personale multilingue pronto ad assistervi con documenti dell&#039;ultimo minuto o comunicazioni urgenti.<\/p><\/li><li><p><strong>Trasferimenti aeroportuali prioritari e servizi di portineria<\/strong>: Risparmia tempo prezioso prenotando in anticipo il servizio di prelievo e rientro in aeroporto (disponibile a un costo aggiuntivo) e lascia che il concierge organizzi tutto, dai taxi alle prenotazioni di ristoranti o escursioni culturali tra una riunione e l&#039;altra.<\/p><\/li><li><p><strong>Connettivit\u00e0 ad alta velocit\u00e0<\/strong>: La connessione Wi-Fi gratuita in tutto l&#039;hotel, comprese le camere, le aree pubbliche e gli spazi per eventi, garantisce comunicazioni ininterrotte e collaborazione a distanza.<\/p><\/li><\/ul><div class=\"my-2\">\u00a0<\/div><h3>Posizione strategica per la massima efficienza<\/h3><p>Situato nel Central Business District (CBD) di Pechino, il Kerry Hotel \u00e8 a pochi passi dalle sedi centrali delle multinazionali, dalle ambasciate e dai principali snodi dei trasporti. <strong>490 metri dalla stazione della metropolitana Jintaixizhao<\/strong> E <strong>680 metri dalla stazione di Guomao<\/strong>, \u00e8 possibile raggiungere in pochi minuti i principali quartieri commerciali, gli uffici governativi o monumenti iconici come la Citt\u00e0 Proibita e Sanlitun. L&#039;hotel offre anche <strong>servizi di noleggio auto<\/strong> E <strong>assistenza per la prenotazione di taxi<\/strong>, garantendoti piena mobilit\u00e0 in tutta la capitale.<\/p><div class=\"my-2\">\u00a0<\/div><h3>Eccellenza culinaria per potenziare la tua produttivit\u00e0<\/h3><p>Alimentate i vostri meeting con un catering gourmet curato da chef pluripremiati. Dai rinfreschi leggeri durante le sessioni di gruppo alle sontuose cene di gala, il team culinario dell&#039;hotel crea men\u00f9 con autentiche specialit\u00e0 cantonesi, del Sichuan e di Pechino, oltre a piatti della cucina internazionale. Cenate in loco presso <strong>Ristorante cinese Horizon<\/strong>, goditi uno spuntino informale a <strong>La cucina di Kerry<\/strong>, oppure rilassati con cocktail artigianali e musica jazz dal vivo presso <strong>Centro Bar<\/strong> \u2014 tutto a pochi passi dal luogo del tuo evento.<\/p><div class=\"my-2\">\u00a0<\/div><h3>Perch\u00e9 le aziende globali scelgono il Kerry Hotel di Pechino<\/h3><p>Con una stellare <strong>Valutazione degli ospiti 9,2\/10<\/strong> Elogiato costantemente per il suo &quot;servizio eccezionale&quot;, la sua &quot;pulizia&quot; e la sua &quot;posizione ideale&quot;, il Kerry Hotel di Pechino si \u00e8 guadagnato la reputazione di struttura di prim&#039;ordine per i viaggiatori d&#039;affari. Che si tratti di organizzare una conferenza di pi\u00f9 giorni, di condurre riunioni con investitori o di celebrare traguardi aziendali, l&#039;hotel combina lusso, funzionalit\u00e0 e competenza locale per offrire esperienze indimenticabili e orientate ai risultati.<\/p><div class=\"my-2\">\u00a0<\/div><p data-spm-anchor-id=\"a2ty_o01.29997173.0.i35.4f03c921hZz1xG\">Prenota il tuo prossimo evento aziendale o soggiorno di lavoro al Kerry Hotel di Pechino, dove l&#039;efficienza incontra l&#039;eleganza e ogni dettaglio \u00e8 studiato per aiutarti a raggiungere il successo.<\/p>\t\t\t\t\t\t\t\t<\/div>\n\t\t\t\t\t<\/div>\n\t\t\t\t<\/div>\n\t\t\t\t<section class=\"elementor-section elementor-top-section elementor-element elementor-element-3cc0c8bf elementor-section-stretched elementor-section-boxed elementor-section-gap-beside-yes elementor-section-height-default elementor-section-height-default elementor-section-column-vertical-align-stretch\" data-id=\"3cc0c8bf\" data-element_type=\"section\" data-e-type=\"section\" data-settings=\"{&quot;background_background&quot;:&quot;classic&quot;,&quot;stretch_section&quot;:&quot;section-stretched&quot;}\">\n\t\t\t\t\t\t<div class=\"elementor-container elementor-column-gap-extended\">\n\t\t\t\t\t<div class=\"elementor-column elementor-col-100 elementor-top-column elementor-element elementor-element-6bc6e647\" data-id=\"6bc6e647\" data-element_type=\"column\" data-e-type=\"column\">\n\t\t\t<div class=\"elementor-widget-wrap elementor-element-populated\">\n\t\t\t\t\t\t<div class=\"elementor-element elementor-element-33c773f elementor-widget elementor-widget-nuss-heading\" data-id=\"33c773f\" data-element_type=\"widget\" data-e-type=\"widget\" data-widget_type=\"nuss-heading.default\">\n\t\t\t\t<div class=\"elementor-widget-container\">\n\t\t\t\t\t\t\t<div class=\"nuss-modern-heading\">\r\n\t\t\t\t\t\t<div class=\"heading-secondary-wrap\">\r\n\t\t\t\t<h3 class=\"heading-secondary elementor-heading-title\">Controlla disponibile <\/h3>\t\t\t<\/div>\r\n\t\t\r\n\t\t\t\r\n\t\t\t\r\n\t\t\t\t\t<\/div>\r\n\t\t\t\t\t<\/div>\n\t\t\t\t<\/div>\n\t\t\t\t<div class=\"elementor-element elementor-element-5f10e38a elementor-widget elementor-widget-text-editor\" data-id=\"5f10e38a\" data-element_type=\"widget\" data-e-type=\"widget\" data-widget_type=\"text-editor.default\">\n\t\t\t\t\t\t\t\t\t<iframe border=\"0\" src=\"https:\/\/www.trip.com\/partners\/ad\/S6494511?Allianceid=4590391&#038;SID=273202182&#038;trip_sub1=\" style=\"width:1000px;height:200px\" frameborder=\"0\" scrolling=\"no\" id=\"S6494511\"><\/iframe>\t\t\t\t\t\t\t\t<\/div>\n\t\t\t\t\t<\/div>\n\t\t<\/div>\n\t\t\t\t\t<\/div>\n\t\t<\/section>\n\t\t\t\t<\/div>","protected":false},"excerpt":{"rendered":"<p>Kerry Hotel, Beijing: Premier Business Facilities in the Heart of China\u2019s Capital \u2013 Where Global Meetings Meet Seamless Execution Strategically positioned at No.1 Guanghua Road, Chaoyang District, Beijing, 100020, Kerry Hotel, Beijing isn\u2019t just a luxury hotel \u2014 it\u2019s a world-class business hub designed for executives, entrepreneurs, and global corporations seeking flawless event execution in [&hellip;]<\/p>\n","protected":false},"author":1,"featured_media":0,"parent":0,"menu_order":0,"comment_status":"closed","ping_status":"closed","template":"","meta":{"footnotes":""},"class_list":["post-2109","page","type-page","status-publish","hentry","post-no-thumbnail"],"_links":{"self":[{"href":"https:\/\/kerryhotelbeijing.com\/it\/wp-json\/wp\/v2\/pages\/2109","targetHints":{"allow":["GET"]}}],"collection":[{"href":"https:\/\/kerryhotelbeijing.com\/it\/wp-json\/wp\/v2\/pages"}],"about":[{"href":"https:\/\/kerryhotelbeijing.com\/it\/wp-json\/wp\/v2\/types\/page"}],"author":[{"embeddable":true,"href":"https:\/\/kerryhotelbeijing.com\/it\/wp-json\/wp\/v2\/users\/1"}],"replies":[{"embeddable":true,"href":"https:\/\/kerryhotelbeijing.com\/it\/wp-json\/wp\/v2\/comments?post=2109"}],"version-history":[{"count":0,"href":"https:\/\/kerryhotelbeijing.com\/it\/wp-json\/wp\/v2\/pages\/2109\/revisions"}],"wp:attachment":[{"href":"https:\/\/kerryhotelbeijing.com\/it\/wp-json\/wp\/v2\/media?parent=2109"}],"curies":[{"name":"parola chiave","href":"https:\/\/api.w.org\/{rel}","templated":true}]}}