{"id":2106,"date":"2021-03-25T04:08:26","date_gmt":"2021-03-25T04:08:26","guid":{"rendered":"http:\/\/localhost\/nuss\/?page_id=298"},"modified":"2025-11-11T14:47:18","modified_gmt":"2025-11-11T14:47:18","slug":"esperienze","status":"publish","type":"page","link":"https:\/\/kerryhotelbeijing.com\/it\/esperienze\/","title":{"rendered":"Recensioni del Kerry Hotel Beijing"},"content":{"rendered":"<div data-elementor-type=\"wp-page\" data-elementor-id=\"2106\" class=\"elementor elementor-2106\">\n\t\t\t\t\t\t<section class=\"elementor-section elementor-top-section elementor-element elementor-element-1954ffc elementor-section-boxed elementor-section-gap-beside-yes elementor-section-height-default elementor-section-height-default elementor-section-column-vertical-align-stretch\" data-id=\"1954ffc\" data-element_type=\"section\" data-e-type=\"section\">\n\t\t\t\t\t\t<div class=\"elementor-container elementor-column-gap-extended\">\n\t\t\t\t\t<div class=\"elementor-column elementor-col-100 elementor-top-column elementor-element elementor-element-86aebc5\" data-id=\"86aebc5\" data-element_type=\"column\" data-e-type=\"column\">\n\t\t\t<div class=\"elementor-widget-wrap elementor-element-populated\">\n\t\t\t\t\t\t<div class=\"elementor-element elementor-element-11803d1 elementor-widget__width-initial elementor-invisible elementor-widget elementor-widget-text-editor\" data-id=\"11803d1\" data-element_type=\"widget\" data-e-type=\"widget\" data-settings=\"{&quot;_animation&quot;:&quot;nussFadeInUp&quot;}\" data-widget_type=\"text-editor.default\">\n\t\t\t\t\t\t\t\t\t<div class=\"svelte-1c06zsf\" data-lang-code=\"\">\n<p><strong data-spm-anchor-id=\"a2ty_o01.29997173.0.i46.4f03c921hZz1xG\">Kerry Hotel, Pechino: esperienze e recensioni di ospiti reali: perch\u00e9 i viaggiatori valutano questo gioiello a 5 stelle nel CBD con un punteggio di 9,2\/10<\/strong><\/p>\n<\/div>\t\t\t\t\t\t\t\t<\/div>\n\t\t\t\t\t<\/div>\n\t\t<\/div>\n\t\t\t\t\t<\/div>\n\t\t<\/section>\n\t\t<div class=\"elementor-element elementor-element-95e7268 e-flex e-con-boxed e-con e-parent\" data-id=\"95e7268\" data-element_type=\"container\" data-e-type=\"container\">\n\t\t\t\t\t<div class=\"e-con-inner\">\n\t\t\t\t<div class=\"elementor-element elementor-element-bd47571 elementor-widget elementor-widget-image\" data-id=\"bd47571\" data-element_type=\"widget\" data-e-type=\"widget\" data-widget_type=\"image.default\">\n\t\t\t\t\t\t\t\t\t\t\t\t\t\t\t<img fetchpriority=\"high\" decoding=\"async\" width=\"1713\" height=\"1132\" src=\"https:\/\/kerryhotelbeijing.com\/wp-content\/uploads\/2025\/11\/reviews.jpg\" class=\"attachment-full size-full wp-image-7371\" alt=\"\" srcset=\"https:\/\/kerryhotelbeijing.com\/wp-content\/uploads\/2025\/11\/reviews.jpg 1713w, https:\/\/kerryhotelbeijing.com\/wp-content\/uploads\/2025\/11\/reviews-300x198.jpg 300w, https:\/\/kerryhotelbeijing.com\/wp-content\/uploads\/2025\/11\/reviews-1024x677.jpg 1024w, https:\/\/kerryhotelbeijing.com\/wp-content\/uploads\/2025\/11\/reviews-768x508.jpg 768w, https:\/\/kerryhotelbeijing.com\/wp-content\/uploads\/2025\/11\/reviews-1536x1015.jpg 1536w, https:\/\/kerryhotelbeijing.com\/wp-content\/uploads\/2025\/11\/reviews-18x12.jpg 18w\" sizes=\"(max-width: 1713px) 100vw, 1713px\" \/>\t\t\t\t\t\t\t\t\t\t\t\t\t\t\t<\/div>\n\t\t\t\t\t<\/div>\n\t\t\t\t<\/div>\n\t\t<div class=\"elementor-element elementor-element-3e39171 e-flex e-con-boxed e-con e-parent\" data-id=\"3e39171\" data-element_type=\"container\" data-e-type=\"container\">\n\t\t\t\t\t<div class=\"e-con-inner\">\n\t\t\t\t<div class=\"elementor-element elementor-element-7761d0c elementor-widget elementor-widget-text-editor\" data-id=\"7761d0c\" data-element_type=\"widget\" data-e-type=\"widget\" data-widget_type=\"text-editor.default\">\n\t\t\t\t\t\t\t\t\t<p data-spm-anchor-id=\"a2ty_o01.29997173.0.i45.4f03c921hZz1xG\">Annidato a <strong>No.1 Guanghua Road, distretto di Chaoyang, Pechino, 100020<\/strong>, Il Kerry Hotel di Pechino non \u00e8 solo un altro hotel di lusso: \u00e8 un vivace santuario urbano che riceve costantemente elogi entusiastici dai viaggiatori di tutto il mondo. Con un&#039;eccezionale <strong>Valutazione 9,2\/10<\/strong> basato su oltre <strong>2.354 recensioni verificate degli ospiti<\/strong> su Trip.com, questa struttura gestita da Shangri-La ha consolidato la sua reputazione di uno degli hotel pi\u00f9 affidabili e amati di Pechino, sia per soggiorni di lavoro che di piacere e per soggiorni in famiglia.<\/p>\n<p>Che siate in viaggio per un meeting importante, alla scoperta della Citt\u00e0 Proibita o con i bambini al seguito, il Kerry Hotel offre un&#039;esperienza che unisce comfort moderno, un servizio attento e una posizione privilegiata, il tutto supportato dal feedback autentico dei viaggiatori, che la dice lunga.<\/p>\n<div class=\"py-2 my-3\"><hr \/><\/div>\n<h3><strong>Gli ospiti adorano la posizione: a pochi passi dal cuore pulsante di Pechino<\/strong><\/h3>\n<p>\u201c&quot;A pochi passi dalla maggior parte degli edifici&quot;: cos\u00ec un ospite recente ha riassunto l&#039;imbattibile posizione del Kerry Hotel nel Central Business District (CBD) di Pechino. E non \u00e8 il solo.<\/p>\n<ul dir=\"auto\">\n<li><strong>Stazione della metropolitana Jintaixizhao<\/strong> \u00e8 solo <strong>490 metri di distanza<\/strong>.<\/li>\n<li><strong>Stazione Guomao<\/strong> \u00e8 un mero <strong>680 metri<\/strong> \u2014 a pochi minuti da ambasciate, sedi centrali multinazionali e centri commerciali come il China World Mall.<\/li>\n<li>Le principali attrazioni? <strong>Citt\u00e0 Proibita<\/strong> E <strong>Piazza Tienanmen<\/strong> sono facilmente raggiungibili con la metropolitana, mentre alla moda <strong>Sanlitun<\/strong> \u00e8 raggiungibile con una breve corsa in taxi.<\/li>\n<\/ul>\n<p>Come ha osservato un recensore: <em>\u201c&quot;L&#039;hotel si trova nel centro della citt\u00e0. La maggior parte degli edifici \u00e8 raggiungibile a piedi.&quot;\u201d<\/em> Per i viaggiatori d&#039;affari, questo significa meno problemi di trasporto e ore pi\u00f9 produttive. Per i turisti, significa un facile accesso al cuore culturale e commerciale di Pechino.<\/p>\n<div class=\"py-2 my-3\"><hr \/><\/div>\n<h3><strong>Colazione a buffet: un momento clou della giornata elogiato da quasi tutti gli ospiti<\/strong><\/h3>\n<p>Uno dei vantaggi pi\u00f9 citati? La colazione. Con una sezione dedicata nel riepilogo delle recensioni basato sull&#039;intelligenza artificiale di Trip.com che evidenzia &quot;\u201c<strong>Colazione varia<\/strong>,\u201d \u00e8 chiaro che gli ospiti tornano per la colazione mattutina.<\/p>\n<ul dir=\"auto\">\n<li>Servito tutti i giorni dalle <strong>06:30\u201310:30<\/strong>, il buffet offre <strong>Cucina occidentale, cinese e asiatica<\/strong> \u2014 pensate a soffici pancake, dim sum, congee, frutta fresca e frittate preparate al momento.<\/li>\n<li>Gli ospiti sono entusiasti del <strong>freschezza, variet\u00e0 e voci di menu che ruotano quotidianamente<\/strong>. Un viaggiatore ha scritto: <em>\u201cIl buffet della colazione era delizioso e abbondante, con nuovi piatti ogni giorno.\u201d<\/em><\/li>\n<li>I prezzi sono ragionevoli: <strong>CNY 208 per adulto<\/strong>, con tariffe per bambini disponibili, e molti ospiti concordano che vale ogni yuan.<\/li>\n<\/ul>\n<p>Per chi preferisce cenare sul posto, <strong>servizio in camera<\/strong> ottiene anche ottimi voti, soprattutto per le opzioni pi\u00f9 golose come il &quot;doppio hamburger di manzo wagyu&quot; elogiato da DinaIlima nel luglio 2025.<\/p>\n<div class=\"py-2 my-3\"><hr \/><\/div>\n<h3><strong>Eccellenza a misura di famiglia: dove i bambini vengono trattati come VIP<\/strong><\/h3>\n<p>Il Kerry Hotel non \u00e8 solo tollerante con i bambini, ma \u00e8 anche celebrato dai bambini. Le famiglie lo valutano costantemente molto bene per il suo <strong>servizi pensati per i bambini e personale cordiale<\/strong>.<\/p>\n<ul dir=\"auto\">\n<li><strong>Camere a tema Jiabao<\/strong> (I modelli Panda e Boy) deliziano i piccoli ospiti con decorazioni giocose e una disposizione accogliente, perfette per le storie della buonanotte dopo una giornata di visite turistiche.<\/li>\n<li>Sul posto <strong>piscina per bambini, parco giochi e giocattoli<\/strong> tenere intrattenuti i pi\u00f9 piccoli.<\/li>\n<li>Il personale si impegna al massimo: <em>\u201cL&#039;attenzione del personale verso i bambini... lo rende una scelta popolare per le famiglie,\u201d<\/em> note Riepilogo della recensione dell&#039;IA di Trip.com.<\/li>\n<\/ul>\n<p>Un genitore ha condiviso: <em>\u201cL&#039;hotel offre vari servizi e attivit\u00e0 pensati per le famiglie... la disponibilit\u00e0 di giocattoli e attivit\u00e0 lo rende una scelta popolare.\u201d<\/em><\/p>\n<p>Che viaggiate con bambini piccoli o adolescenti, il Kerry Hotel garantisce che tutti si sentano benvenuti e ben nutriti.<\/p>\n<div class=\"py-2 my-3\"><hr \/><\/div>\n<h3><strong>Un servizio che si distingue: cortese, reattivo e personalizzato<\/strong><\/h3>\n<p>In una citt\u00e0 nota per la sua energia frenetica, il personale del Kerry Hotel offre un servizio calmo, cortese ed efficiente: un dettaglio che non passa inosservato.<\/p>\n<ul dir=\"auto\">\n<li><strong>personale della reception<\/strong> vengono ripetutamente descritti come &quot;gentili e disponibili&quot;, &quot;molto reattivi&quot; e &quot;al vostro servizio&quot;.\u201c<\/li>\n<li><strong>Servizi di portineria e prenotazione tour<\/strong> assistenza per tutto, dalle prenotazioni dei ristoranti ai biglietti per la Grande Muraglia.<\/li>\n<li><strong>reception aperta 24 ore su 24<\/strong> E <strong>check-in\/out espresso<\/strong> soddisfare sia chi si alza presto che chi arriva tardi.<\/li>\n<\/ul>\n<p>Sebbene alcuni ospiti suggeriscano piccoli miglioramenti (&quot;migliorare la qualit\u00e0 del servizio alla reception&quot;), il consenso generale \u00e8 positivo. Come ha affermato Richard Franklin Wong nell&#039;ottobre 2025: <em>\u201c&quot;Hotel eccellente con servizi eccellenti. Il servizio clienti \u00e8 stato ancora migliore. Un soggiorno davvero meraviglioso.&quot;\u201d<\/em><\/p>\n<div class=\"py-2 my-3\"><hr \/><\/div>\n<h3><strong>Pulizia e comfort: camere spaziose con tocchi moderni<\/strong><\/h3>\n<p>Con <strong>486 camere<\/strong> \u2014 comprese le suite Club Floor con accesso esclusivo alla lounge \u2014 il Kerry Hotel coniuga comfort e design contemporaneo.<\/p>\n<ul dir=\"auto\">\n<li><strong>Disposizioni spaziose<\/strong> (a partire da 38 m\u00b2), biancheria da letto di lusso e ampie finestre che offrono <strong>vista sulla citt\u00e0 o sul giardino<\/strong>.<\/li>\n<li>Servizi tecnologici: <strong>Smart TV da 40 pollici, Wi-Fi gratuito, casseforti elettroniche e linee telefoniche internazionali<\/strong>.<\/li>\n<li><strong>Ospiti del Club Floor<\/strong> Approfitta del check-in privato, del check-out posticipato, della colazione gratuita e dell&#039;accesso all&#039;Executive Lounge, ideale per i viaggiatori d&#039;affari che necessitano di spazi di lavoro tranquilli o di opportunit\u00e0 di networking.<\/li>\n<\/ul>\n<p>I revisori valutano costantemente la pulizia a <strong>9.4\/10<\/strong>, con commenti come: <em>\u201c&quot;eccezionalmente pulito&quot;, &quot;bagni impeccabili&quot; e &quot;niente polvere da nessuna parte&quot;.\u201d<\/em><\/p>\n<div class=\"py-2 my-3\"><hr \/><\/div>\n<h3><strong>Ristoranti e vita notturna: dall&#039;eleganza cantonese ai cocktail jazz<\/strong><\/h3>\n<p>Kerry Hotel <strong>cinque punti di ristoro<\/strong> assicurati di non dover mai lasciare i locali, a meno che tu non lo voglia.<\/p>\n<ul dir=\"auto\">\n<li><strong>Ristorante cinese Horizon<\/strong>: Specializzato in <strong>Cucina cantonese, pechinese e del Sichuan<\/strong> \u2014 un luogo preferito per gli autentici sapori locali.<\/li>\n<li><strong>La cucina di Kerry<\/strong>: Ristorante aperto tutto il giorno con piatti internazionali, perfetto per pasti informali.<\/li>\n<li><strong>Centro Bar<\/strong>: UN <strong>lounge premiata<\/strong> con musica jazz dal vivo, cocktail artigianali e vini pregiati: l&#039;ideale per rilassarsi dopo una lunga giornata.<\/li>\n<li><strong>La dispensa di Kerry<\/strong>: Prendi pasticcini artigianali, caff\u00e8 o spuntini leggeri da asporto.<\/li>\n<\/ul>\n<p>Gli ospiti apprezzano la variet\u00e0: <em>\u201cAnche il ristorante in loco e il servizio in camera sono noti per offrire pasti deliziosi,\u201d<\/em> secondo l&#039;analisi AI di Trip.com.<\/p>\n<div class=\"py-2 my-3\"><hr \/><\/div>\n<h3><strong>Benessere e svago: resta attivo o rilassati con stile<\/strong><\/h3>\n<p>Che tu voglia fare un po&#039; di esercizio tra una riunione e l&#039;altra o rilassarti in una vasca idromassaggio dopo una giornata di visite turistiche, i servizi del Kerry Hotel sono ci\u00f2 che fa per te.<\/p>\n<ul dir=\"auto\">\n<li><strong>Piscina interna riscaldata<\/strong> E <strong>piscina per bambini<\/strong>.<\/li>\n<li><strong>Palestra all&#039;avanguardia<\/strong>, <strong>campi da tennis e da basket<\/strong>, <strong>tennis da tavolo<\/strong>, E <strong>campo da squash<\/strong>.<\/li>\n<li><strong>Sala massaggi, sauna, bagni turchi e vasca idromassaggio<\/strong> per il massimo relax.<\/li>\n<li><strong>Pista da jogging all&#039;aperto<\/strong> per mantenersi in forma all&#039;aria aperta.<\/li>\n<\/ul>\n<p>Come ha detto un ospite: <em>\u201cGli ospiti possono mantenersi in forma... fare un tuffo nella piscina coperta... farsi fare un massaggio o sfidare gli amici a una partita a biliardo.\u201d<\/em><\/p>\n<div class=\"py-2 my-3\"><hr \/><\/div>\n<h3><strong>Ci\u00f2 che gli ospiti desiderano potrebbe essere migliorato<\/strong><\/h3>\n<p>Anche gli hotel pi\u00f9 quotati hanno margini di crescita. Secondo l&#039;analisi AI di Trip.com su 61 suggerimenti degli ospiti:<\/p>\n<ul dir=\"auto\">\n<li>Alcuni ospiti consigliano <strong>ammodernamento di strutture pi\u00f9 vecchie<\/strong> (in particolare nelle camere non Club).<\/li>\n<li>Alcuni notano che <strong>politiche di parcheggio<\/strong> potrebbe essere pi\u00f9 chiaro (parcheggio pubblico fuori sede disponibile al costo di 10 CNY\/ora).<\/li>\n<li>Un piccolo numero suggerisce <strong>migliorare l&#039;efficienza della reception<\/strong> durante gli orari di punta del check-in.<\/li>\n<\/ul>\n<p>Si tratta di piccoli dettagli che mettono in risalto un&#039;esperienza altrimenti stellare, spesso affrontati dal proattivo team di gestione dell&#039;hotel.<\/p>\n<div class=\"py-2 my-3\"><hr \/><\/div>\n<h3><strong>Verdetto finale: perch\u00e9 il Kerry Hotel di Pechino si \u00e8 guadagnato il suo punteggio di 9,2\/10<\/strong><\/h3>\n<p>Grazie alla sua posizione imbattibile nel centro citt\u00e0 e al fascino adatto alle famiglie, alla cucina gourmet, ai servizi benessere e al servizio eccezionale, il Kerry Hotel di Pechino offre un&#039;esperienza a 5 stelle che conquista i viaggiatori di tutto il mondo.<\/p>\n<p>Come ha riassunto Anne LW nel novembre 2025: <em>\u201cServizio fantastico... camera deliziosa con una doccia enorme... colazione a buffet deliziosa... Lo consiglierei sicuramente e ci tornerei.\u201d<\/em><\/p>\n<p>Che tu sia in viaggio per affari, per piacere o per entrambi, <strong>Kerry Hotel, Pechino<\/strong> Offre il perfetto mix di praticit\u00e0, comfort e carattere. Prenota oggi stesso il tuo soggiorno e scopri perch\u00e9 migliaia di viaggiatori continuano a tornare.<\/p>\n<p><strong>Pianifica il tuo soggiorno perfetto:<\/strong> \ud83d\udccd <strong>Indirizzo<\/strong>: No.1 Guanghua Road, distretto di Chaoyang, Pechino, 100020, Cina<br \/>\ud83d\udcde <strong>Telefono<\/strong>: +86-10-65618833<br \/>\ud83c\udf10 <strong>Sito web<\/strong>: <a href=\"https:\/\/kerryhotelbeijing.com\/it\/\" target=\"_blank\" rel=\"nofollow noopener\">https:\/\/kerryhotelbeijing.com <\/a><\/p>\n<p data-spm-anchor-id=\"a2ty_o01.29997173.0.i44.4f03c921hZz1xG\"><em>Controlla la disponibilit\u00e0 e prenota subito la tua camera: l&#039;ultima prenotazione \u00e8 avvenuta solo 12 minuti fa!<\/em><\/p>\t\t\t\t\t\t\t\t<\/div>\n\t\t\t\t\t<\/div>\n\t\t\t\t<\/div>\n\t\t\t\t<section class=\"elementor-section elementor-top-section elementor-element elementor-element-27ac2068 elementor-section-stretched elementor-section-boxed elementor-section-gap-beside-yes elementor-section-height-default elementor-section-height-default elementor-section-column-vertical-align-stretch\" data-id=\"27ac2068\" data-element_type=\"section\" data-e-type=\"section\" data-settings=\"{&quot;background_background&quot;:&quot;classic&quot;,&quot;stretch_section&quot;:&quot;section-stretched&quot;}\">\n\t\t\t\t\t\t<div class=\"elementor-container elementor-column-gap-extended\">\n\t\t\t\t\t<div class=\"elementor-column elementor-col-100 elementor-top-column elementor-element elementor-element-39dc6c9a\" data-id=\"39dc6c9a\" data-element_type=\"column\" data-e-type=\"column\">\n\t\t\t<div class=\"elementor-widget-wrap elementor-element-populated\">\n\t\t\t\t\t\t<div class=\"elementor-element elementor-element-103db9a7 elementor-widget elementor-widget-nuss-heading\" data-id=\"103db9a7\" data-element_type=\"widget\" data-e-type=\"widget\" data-widget_type=\"nuss-heading.default\">\n\t\t\t\t<div class=\"elementor-widget-container\">\n\t\t\t\t\t\t\t<div class=\"nuss-modern-heading\">\r\n\t\t\t\t\t\t<div class=\"heading-secondary-wrap\">\r\n\t\t\t\t<h3 class=\"heading-secondary elementor-heading-title\">Controlla disponibile <\/h3>\t\t\t<\/div>\r\n\t\t\r\n\t\t\t\r\n\t\t\t\r\n\t\t\t\t\t<\/div>\r\n\t\t\t\t\t<\/div>\n\t\t\t\t<\/div>\n\t\t\t\t<div class=\"elementor-element elementor-element-7eb12fb4 elementor-widget elementor-widget-text-editor\" data-id=\"7eb12fb4\" data-element_type=\"widget\" data-e-type=\"widget\" data-widget_type=\"text-editor.default\">\n\t\t\t\t\t\t\t\t\t<iframe border=\"0\" src=\"https:\/\/www.trip.com\/partners\/ad\/S6494511?Allianceid=4590391&#038;SID=273202182&#038;trip_sub1=\" style=\"width:1000px;height:200px\" frameborder=\"0\" scrolling=\"no\" id=\"S6494511\"><\/iframe>\t\t\t\t\t\t\t\t<\/div>\n\t\t\t\t\t<\/div>\n\t\t<\/div>\n\t\t\t\t\t<\/div>\n\t\t<\/section>\n\t\t\t\t<\/div>","protected":false},"excerpt":{"rendered":"<p>Kerry Hotel, Beijing: Real Guest Experiences &amp; Reviews \u2013 Why Travelers Rate This 5-Star CBD Gem 9.2\/10 Nestled at No.1 Guanghua Road, Chaoyang District, Beijing, 100020, Kerry Hotel, Beijing isn\u2019t just another luxury hotel \u2014 it\u2019s a vibrant urban sanctuary that consistently earns glowing praise from global travelers. With an outstanding 9.2\/10 rating based on [&hellip;]<\/p>\n","protected":false},"author":1,"featured_media":0,"parent":0,"menu_order":0,"comment_status":"closed","ping_status":"closed","template":"","meta":{"footnotes":""},"class_list":["post-2106","page","type-page","status-publish","hentry","post-no-thumbnail"],"_links":{"self":[{"href":"https:\/\/kerryhotelbeijing.com\/it\/wp-json\/wp\/v2\/pages\/2106","targetHints":{"allow":["GET"]}}],"collection":[{"href":"https:\/\/kerryhotelbeijing.com\/it\/wp-json\/wp\/v2\/pages"}],"about":[{"href":"https:\/\/kerryhotelbeijing.com\/it\/wp-json\/wp\/v2\/types\/page"}],"author":[{"embeddable":true,"href":"https:\/\/kerryhotelbeijing.com\/it\/wp-json\/wp\/v2\/users\/1"}],"replies":[{"embeddable":true,"href":"https:\/\/kerryhotelbeijing.com\/it\/wp-json\/wp\/v2\/comments?post=2106"}],"version-history":[{"count":0,"href":"https:\/\/kerryhotelbeijing.com\/it\/wp-json\/wp\/v2\/pages\/2106\/revisions"}],"wp:attachment":[{"href":"https:\/\/kerryhotelbeijing.com\/it\/wp-json\/wp\/v2\/media?parent=2106"}],"curies":[{"name":"parola chiave","href":"https:\/\/api.w.org\/{rel}","templated":true}]}}