{"id":2104,"date":"2021-03-23T09:33:48","date_gmt":"2021-03-23T09:33:48","guid":{"rendered":"http:\/\/localhost\/nuss\/?page_id=167"},"modified":"2025-11-11T14:46:02","modified_gmt":"2025-11-11T14:46:02","slug":"la-nostra-storia","status":"publish","type":"page","link":"https:\/\/kerryhotelbeijing.com\/it\/la-nostra-storia\/","title":{"rendered":"La nostra storia"},"content":{"rendered":"<div data-elementor-type=\"wp-page\" data-elementor-id=\"2104\" class=\"elementor elementor-2104\">\n\t\t\t\t\t\t<section class=\"elementor-section elementor-top-section elementor-element elementor-element-8f5bb9d elementor-section-boxed elementor-section-gap-beside-yes elementor-section-height-default elementor-section-height-default elementor-section-column-vertical-align-stretch\" data-id=\"8f5bb9d\" data-element_type=\"section\" data-e-type=\"section\">\n\t\t\t\t\t\t<div class=\"elementor-container elementor-column-gap-extended\">\n\t\t\t\t\t<div class=\"elementor-column elementor-col-100 elementor-top-column elementor-element elementor-element-7ec4215\" data-id=\"7ec4215\" data-element_type=\"column\" data-e-type=\"column\">\n\t\t\t<div class=\"elementor-widget-wrap elementor-element-populated\">\n\t\t\t\t\t\t<div class=\"elementor-element elementor-element-edd9d03 elementor-widget__width-initial elementor-invisible elementor-widget elementor-widget-text-editor\" data-id=\"edd9d03\" data-element_type=\"widget\" data-e-type=\"widget\" data-settings=\"{&quot;_animation&quot;:&quot;nussFadeInUp&quot;}\" data-widget_type=\"text-editor.default\">\n\t\t\t\t\t\t\t\t\t<p><strong data-spm-anchor-id=\"a2ty_o01.29997173.0.i68.4f03c921hZz1xG\">La nostra storia: dove la visione globale incontra il cuore pulsante di Pechino: l&#039;eredit\u00e0 del Kerry Hotel di Pechino<\/strong><\/p>\t\t\t\t\t\t\t\t<\/div>\n\t\t\t\t\t<\/div>\n\t\t<\/div>\n\t\t\t\t\t<\/div>\n\t\t<\/section>\n\t\t<div class=\"elementor-element elementor-element-ae7e42f e-flex e-con-boxed e-con e-parent\" data-id=\"ae7e42f\" data-element_type=\"container\" data-e-type=\"container\">\n\t\t\t\t\t<div class=\"e-con-inner\">\n\t\t\t\t<div class=\"elementor-element elementor-element-136c3a3 elementor-widget elementor-widget-text-editor\" data-id=\"136c3a3\" data-element_type=\"widget\" data-e-type=\"widget\" data-widget_type=\"text-editor.default\">\n\t\t\t\t\t\t\t\t\t<p>Situato nel vivace epicentro della capitale cinese, <strong>Kerry Hotel, Pechino<\/strong> \u00e8 pi\u00f9 di un hotel di lusso: \u00e8 una narrazione vivente di ambizione, scambio culturale e ospitalit\u00e0 duratura. Fin dalla sua fondazione nel 1999 come <strong>Kerry Centre Hotel<\/strong>, questa propriet\u00e0 iconica si \u00e8 evoluta in un faro di eleganza moderna e servizio cordiale, fondendo perfettamente gli standard internazionali con l&#039;anima di Pechino.<\/p><p>La nostra storia inizia con una visione: creare un santuario per viaggiatori globali e pionieri locali, un luogo in cui i leader aziendali si incontrano, le famiglie creano ricordi e gli esploratori si ricaricano prima di avventurarsi negli antichi vicoli e negli skyline futuristici di una delle citt\u00e0 pi\u00f9 dinamiche del mondo. Situato a <strong>No.1 Guanghua Road, distretto di Chaoyang, Pechino, 100020<\/strong>, ci troviamo con orgoglio nel Central Business District (CBD) della citt\u00e0, a pochi passi dalle sedi centrali delle multinazionali, dalle missioni diplomatiche e dai monumenti culturali: una posizione strategica che riflette la nostra missione: connettere le persone alle opportunit\u00e0, al comfort e alla scoperta.<\/p><h3>Una fondazione di eccellenza<\/h3><p>Fin dal primo giorno, il Kerry Hotel \u00e8 stato concepito come parte del prestigioso <strong>Gruppo Shangri-La<\/strong>, rinomato per il suo impegno verso &quot;un&#039;ospitalit\u00e0 che tocca i cuori&quot;. Questa tradizione ha instillato in noi una cultura dell&#039;eccellenza, in cui ogni interazione con gli ospiti, ogni dettaglio della camera e ogni creazione culinaria \u00e8 intrisa di attenzione e cura. Le nostre 486 camere, progettate con cura, sono state concepite non solo per il riposo, ma anche per il ringiovanimento, con letti di lusso, viste panoramiche sulla citt\u00e0 o sul giardino e tecnologie all&#039;avanguardia per mantenere gli ospiti connessi, che si tratti di concludere affari o guardare film in streaming dopo una lunga giornata di visite turistiche.<\/p><p>Nel 2012, una ristrutturazione completa ha reinventato i nostri spazi per il viaggiatore moderno. Abbiamo preservato il calore e il carattere che gli ospiti hanno amato, migliorando al contempo design, funzionalit\u00e0 e sostenibilit\u00e0, garantendo che il Kerry Hotel rimanga non solo attuale, ma anche all&#039;avanguardia.<\/p><h3>Una casa per famiglie, sognatori e realizzatori<\/h3><p>Crediamo che il vero lusso risieda nella personalizzazione e nell&#039;inclusivit\u00e0. Ecco perch\u00e9 siamo stati pionieri <strong>Camere a tema Jiabao<\/strong> \u2014 spazi giocosi e fantasiosi, pensati per deliziare i bambini con avventure a tema panda e motivi ispirati ai bambini eroi, completi di accappatoi, pantofole e spazzolini da denti a misura di bambino. Per i genitori, \u00e8 tranquillit\u00e0; per i bambini, \u00e8 magia. Il nostro team dedicato <strong>piscina per bambini, parco giochi e punti ristoro adatti alle famiglie<\/strong> rendono il Kerry Hotel uno dei preferiti dai viaggiatori multigenerazionali.<\/p><p>Per i viaggiatori d&#039;affari, offriamo pi\u00f9 di una semplice comodit\u00e0: offriamo autonomia. Con oltre <strong>6.000 metri quadrati di spazio MICE<\/strong>, tra cui la Grand Ballroom senza pilastri, la Kowloon Ballroom e il panoramico Rooftop Garden, abbiamo ospitato eventi di ogni tipo, dai summit Fortune 500 ai ritiri pi\u00f9 intimi per consigli di amministrazione. Gli ospiti del Club Floor godono dell&#039;accesso esclusivo all&#039;Executive Lounge, un tranquillo rifugio per il lavoro o il relax, che offre colazione gratuita, t\u00e8 pomeridiano, cocktail serali e check-in\/out privati.<\/p><h3>Viaggi culinari attraverso i continenti<\/h3><p>La nostra storia si racconta anche attraverso i sapori. Dalla raffinata cucina cantonese di <strong>Ristorante cinese Horizon<\/strong> alla vivace tariffa per tutto il giorno presso <strong>La cucina di Kerry<\/strong>, i nostri cinque distinti punti ristoro invitano gli ospiti in un viaggio gastronomico. Presso <strong>Centro Bar<\/strong>, cocktail pluripremiati e jazz dal vivo creano un&#039;atmosfera in cui si creano connessioni e si raccontano storie. E ogni mattina, il nostro sontuoso <strong>colazione a buffet (06:30\u201310:30)<\/strong> \u2014 apprezzato dagli ospiti per la sua freschezza e variet\u00e0 globale \u2014 d\u00e0 il tono a una giornata ben iniziata.<\/p><h3>Benessere, connessione e comunit\u00e0<\/h3><p>Il vero lusso non \u00e8 solo comfort, ma anche vitalit\u00e0. La nostra palestra all&#039;avanguardia, la piscina coperta riscaldata, i campi da tennis e da basket e la pista da jogging all&#039;aperto consentono agli ospiti di mantenersi attivi. Per chi cerca serenit\u00e0, le nostre sale massaggi, la sauna, i bagni turchi e la vasca idromassaggio offrono momenti di puro piacere. Che si tratti di una partita a squash o di un bicchiere di vino sotto le stelle sul Rooftop Garden, il Kerry Hotel promuove un senso di equilibrio e appartenenza.<\/p><h3>Radicato a Pechino, connesso al mondo<\/h3><p>La nostra posizione non \u00e8 casuale. Semplicemente <strong>490 metri dalla stazione della metropolitana Jintaixizhao<\/strong> E <strong>680 metri dalla stazione di Guomao<\/strong>, Ci troviamo al crocevia tra commercio, cultura e connettivit\u00e0. Gli ospiti possono raggiungere la Citt\u00e0 Proibita, Piazza Tienanmen o Sanlitun in pochi minuti, per poi tornare nella tranquilla oasi del nostro lussureggiante giardino interno e dei nostri sereni corridoi.<\/p><p>Parliamo la tua lingua, letteralmente. Con personale fluente in <strong>Inglese e mandarino<\/strong>, Grazie al servizio di concierge e agli strumenti di traduzione disponibili alla reception, la comunicazione non rappresenta mai un ostacolo. Il nostro concierge, disponibile 24 ore su 24, garantisce che ogni esigenza, dalla prenotazione di un tour della Grande Muraglia all&#039;organizzazione dei trasferimenti aeroportuali, venga soddisfatta con cortesia ed efficienza.<\/p><h3>La promessa di Kerry: un&#039;ospitalit\u00e0 che tocca i cuori<\/h3><p>In oltre vent&#039;anni abbiamo accolto diplomatici, CEO, artisti e famiglie, ognuno dei quali ha lasciato il segno nella nostra storia. I loro feedback, suggerimenti e sorrisi ci hanno plasmato in ci\u00f2 che siamo oggi: un hotel che non si limita a soddisfare le aspettative, ma le supera.<\/p><p>Ascoltiamo. Ci adattiamo. Innoviamo. E non dimentichiamo mai che dietro ogni prenotazione c&#039;\u00e8 una persona: qualcuno in cerca di conforto, connessione o ispirazione. Ecco perch\u00e9 continuiamo a perfezionare i nostri servizi, ad aggiornare le nostre strutture e ad approfondire il nostro impegno per la sostenibilit\u00e0 e la comunit\u00e0.<\/p><p>Al Kerry Hotel di Pechino, la nostra storia \u00e8 ancora in fase di scrittura: un ospite, un sorriso, un&#039;esperienza indimenticabile alla volta. Unitevi a noi. Lasciate che scriviamo insieme il vostro prossimo capitolo.<\/p><p data-spm-anchor-id=\"a2ty_o01.29997173.0.i70.4f03c921hZz1xG\"><em>Benvenuti a casa, nel cuore di Pechino.<\/em><\/p>\t\t\t\t\t\t\t\t<\/div>\n\t\t\t\t\t<\/div>\n\t\t\t\t<\/div>\n\t\t\t\t<section class=\"elementor-section elementor-top-section elementor-element elementor-element-58568fff elementor-section-stretched elementor-section-boxed elementor-section-gap-beside-yes elementor-section-height-default elementor-section-height-default elementor-section-column-vertical-align-stretch\" data-id=\"58568fff\" data-element_type=\"section\" data-e-type=\"section\" data-settings=\"{&quot;background_background&quot;:&quot;classic&quot;,&quot;stretch_section&quot;:&quot;section-stretched&quot;}\">\n\t\t\t\t\t\t<div class=\"elementor-container elementor-column-gap-extended\">\n\t\t\t\t\t<div class=\"elementor-column elementor-col-100 elementor-top-column elementor-element elementor-element-64d815f6\" data-id=\"64d815f6\" data-element_type=\"column\" data-e-type=\"column\">\n\t\t\t<div class=\"elementor-widget-wrap elementor-element-populated\">\n\t\t\t\t\t\t<div class=\"elementor-element elementor-element-725cd0ac elementor-widget elementor-widget-nuss-heading\" data-id=\"725cd0ac\" data-element_type=\"widget\" data-e-type=\"widget\" data-widget_type=\"nuss-heading.default\">\n\t\t\t\t<div class=\"elementor-widget-container\">\n\t\t\t\t\t\t\t<div class=\"nuss-modern-heading\">\r\n\t\t\t\t\t\t<div class=\"heading-secondary-wrap\">\r\n\t\t\t\t<h3 class=\"heading-secondary elementor-heading-title\">Controlla disponibile <\/h3>\t\t\t<\/div>\r\n\t\t\r\n\t\t\t\r\n\t\t\t\r\n\t\t\t\t\t<\/div>\r\n\t\t\t\t\t<\/div>\n\t\t\t\t<\/div>\n\t\t\t\t<div class=\"elementor-element elementor-element-75093a1 elementor-widget elementor-widget-text-editor\" data-id=\"75093a1\" data-element_type=\"widget\" data-e-type=\"widget\" data-widget_type=\"text-editor.default\">\n\t\t\t\t\t\t\t\t\t<iframe border=\"0\" src=\"https:\/\/www.trip.com\/partners\/ad\/S6494511?Allianceid=4590391&#038;SID=273202182&#038;trip_sub1=\" style=\"width:1000px;height:200px\" frameborder=\"0\" scrolling=\"no\" id=\"S6494511\"><\/iframe>\t\t\t\t\t\t\t\t<\/div>\n\t\t\t\t\t<\/div>\n\t\t<\/div>\n\t\t\t\t\t<\/div>\n\t\t<\/section>\n\t\t\t\t<\/div>","protected":false},"excerpt":{"rendered":"<p>Our Story: Where Global Vision Meets Beijing\u2019s Heartbeat \u2014 The Legacy of Kerry Hotel, Beijing Nestled at the vibrant epicenter of China\u2019s capital, Kerry Hotel, Beijing is more than a luxury hotel \u2014 it is a living narrative of ambition, cultural exchange, and enduring hospitality. Since its inception in 1999 as the Kerry Centre Hotel, [&hellip;]<\/p>\n","protected":false},"author":1,"featured_media":0,"parent":0,"menu_order":0,"comment_status":"closed","ping_status":"closed","template":"","meta":{"footnotes":""},"class_list":["post-2104","page","type-page","status-publish","hentry","post-no-thumbnail"],"_links":{"self":[{"href":"https:\/\/kerryhotelbeijing.com\/it\/wp-json\/wp\/v2\/pages\/2104","targetHints":{"allow":["GET"]}}],"collection":[{"href":"https:\/\/kerryhotelbeijing.com\/it\/wp-json\/wp\/v2\/pages"}],"about":[{"href":"https:\/\/kerryhotelbeijing.com\/it\/wp-json\/wp\/v2\/types\/page"}],"author":[{"embeddable":true,"href":"https:\/\/kerryhotelbeijing.com\/it\/wp-json\/wp\/v2\/users\/1"}],"replies":[{"embeddable":true,"href":"https:\/\/kerryhotelbeijing.com\/it\/wp-json\/wp\/v2\/comments?post=2104"}],"version-history":[{"count":0,"href":"https:\/\/kerryhotelbeijing.com\/it\/wp-json\/wp\/v2\/pages\/2104\/revisions"}],"wp:attachment":[{"href":"https:\/\/kerryhotelbeijing.com\/it\/wp-json\/wp\/v2\/media?parent=2104"}],"curies":[{"name":"parola chiave","href":"https:\/\/api.w.org\/{rel}","templated":true}]}}