{"id":5266,"date":"2021-07-18T08:03:35","date_gmt":"2021-07-18T08:03:35","guid":{"rendered":"https:\/\/nuss.uxper.co\/luxury-resort\/?page_id=5266"},"modified":"2025-11-11T11:25:49","modified_gmt":"2025-11-11T11:25:49","slug":"a-propos-de-nous","status":"publish","type":"page","link":"https:\/\/kerryhotelbeijing.com\/fr\/a-propos-de-nous\/","title":{"rendered":"\u00c0 propos de nous"},"content":{"rendered":"<div data-elementor-type=\"wp-page\" data-elementor-id=\"5266\" class=\"elementor elementor-5266\">\n\t\t\t\t\t\t<section class=\"elementor-section elementor-top-section elementor-element elementor-element-10416953 elementor-section-boxed elementor-section-gap-beside-yes elementor-section-height-default elementor-section-height-default elementor-section-column-vertical-align-stretch\" data-id=\"10416953\" data-element_type=\"section\" data-e-type=\"section\">\n\t\t\t\t\t\t<div class=\"elementor-container elementor-column-gap-extended\">\n\t\t\t\t\t<div class=\"elementor-column elementor-col-100 elementor-top-column elementor-element elementor-element-29c6aa8\" data-id=\"29c6aa8\" data-element_type=\"column\" data-e-type=\"column\">\n\t\t\t<div class=\"elementor-widget-wrap elementor-element-populated\">\n\t\t\t\t\t\t<div class=\"elementor-element elementor-element-7be18fe7 elementor-widget__width-initial elementor-invisible elementor-widget elementor-widget-text-editor\" data-id=\"7be18fe7\" data-element_type=\"widget\" data-e-type=\"widget\" data-settings=\"{&quot;_animation&quot;:&quot;nussFadeInUp&quot;}\" data-widget_type=\"text-editor.default\">\n\t\t\t\t\t\t\t\t\t<div class=\"svelte-1c06zsf\" data-lang-code=\"\"><p data-spm-anchor-id=\"a2ty_o01.29997173.0.i27.ead2c921ZzvKd1\">Votre porte d&#039;entr\u00e9e \u00e9l\u00e9gante vers le Bund et la route de Nankin<\/p><\/div>\t\t\t\t\t\t\t\t<\/div>\n\t\t\t\t\t<\/div>\n\t\t<\/div>\n\t\t\t\t\t<\/div>\n\t\t<\/section>\n\t\t\t\t<section class=\"elementor-section elementor-top-section elementor-element elementor-element-7d18327f elementor-section-boxed elementor-section-gap-beside-yes elementor-section-height-default elementor-section-height-default elementor-section-column-vertical-align-stretch\" data-id=\"7d18327f\" data-element_type=\"section\" data-e-type=\"section\">\n\t\t\t\t\t\t<div class=\"elementor-container elementor-column-gap-extended\">\n\t\t\t\t\t<div class=\"elementor-column elementor-col-50 elementor-top-column elementor-element elementor-element-56533670\" data-id=\"56533670\" data-element_type=\"column\" data-e-type=\"column\">\n\t\t\t<div class=\"elementor-widget-wrap elementor-element-populated\">\n\t\t\t\t\t\t<div class=\"elementor-element elementor-element-19c3f543 elementor-drop-cap-yes elementor-drop-cap-view-default elementor-invisible elementor-widget elementor-widget-text-editor\" data-id=\"19c3f543\" data-element_type=\"widget\" data-e-type=\"widget\" data-settings=\"{&quot;_animation&quot;:&quot;nussFadeInUp&quot;,&quot;drop_cap&quot;:&quot;yes&quot;}\" data-widget_type=\"text-editor.default\">\n\t\t\t\t\t\t\t\t\t<p data-spm-anchor-id=\"a2ty_o01.29997173.0.i23.4f03c921hZz1xG\">Nich\u00e9 au c\u0153ur vibrant du quartier central des affaires et diplomatique de P\u00e9kin, <strong>H\u00f4tel Kerry, P\u00e9kin<\/strong> (Anciennement Kerry Centre Hotel) offre un m\u00e9lange incomparable de luxe moderne, de confort id\u00e9al pour les familles et d&#039;une connectivit\u00e9 optimale pour les voyageurs d&#039;affaires et de loisirs. Strat\u00e9giquement situ\u00e9 \u00e0 <strong>No.1, route Guanghua, district de Chaoyang, P\u00e9kin, 100020<\/strong>, Ce havre de paix urbain 5 \u00e9toiles place ses clients \u00e0 deux pas des principaux sites touristiques, des multinationales, du centre commercial haut de gamme China World Mall et de hauts lieux culturels comme la Cit\u00e9 interdite et Sanlitun. <strong>Jintaixizhao<\/strong> et <strong>Guomao<\/strong> Les stations de m\u00e9tro \u00e9tant accessibles en moins de 10 minutes \u00e0 pied, se d\u00e9placer dans la ville est un jeu d&#039;enfant.<\/p>\t\t\t\t\t\t\t\t<\/div>\n\t\t\t\t\t<\/div>\n\t\t<\/div>\n\t\t\t\t<div class=\"elementor-column elementor-col-50 elementor-top-column elementor-element elementor-element-30f14127\" data-id=\"30f14127\" data-element_type=\"column\" data-e-type=\"column\">\n\t\t\t<div class=\"elementor-widget-wrap elementor-element-populated\">\n\t\t\t\t\t\t<div class=\"elementor-element elementor-element-59aea08 elementor-widget elementor-widget-image\" data-id=\"59aea08\" data-element_type=\"widget\" data-e-type=\"widget\" data-widget_type=\"image.default\">\n\t\t\t\t\t\t\t\t\t\t\t\t\t\t\t<img fetchpriority=\"high\" decoding=\"async\" width=\"1024\" height=\"768\" src=\"https:\/\/kerryhotelbeijing.com\/wp-content\/uploads\/2025\/11\/Kerry-Hotel-Beijing-111-1024x768.webp\" class=\"attachment-large size-large wp-image-7252\" alt=\"\" srcset=\"https:\/\/kerryhotelbeijing.com\/wp-content\/uploads\/2025\/11\/Kerry-Hotel-Beijing-111-1024x768.webp 1024w, https:\/\/kerryhotelbeijing.com\/wp-content\/uploads\/2025\/11\/Kerry-Hotel-Beijing-111-300x225.webp 300w, https:\/\/kerryhotelbeijing.com\/wp-content\/uploads\/2025\/11\/Kerry-Hotel-Beijing-111-768x576.webp 768w, https:\/\/kerryhotelbeijing.com\/wp-content\/uploads\/2025\/11\/Kerry-Hotel-Beijing-111-16x12.webp 16w, https:\/\/kerryhotelbeijing.com\/wp-content\/uploads\/2025\/11\/Kerry-Hotel-Beijing-111.webp 1137w\" sizes=\"(max-width: 1024px) 100vw, 1024px\" \/>\t\t\t\t\t\t\t\t\t\t\t\t\t\t\t<\/div>\n\t\t\t\t\t<\/div>\n\t\t<\/div>\n\t\t\t\t\t<\/div>\n\t\t<\/section>\n\t\t\t\t<section class=\"elementor-section elementor-top-section elementor-element elementor-element-29fb8578 elementor-section-height-min-height elementor-section-stretched elementor-section-full_width elementor-section-items-stretch elementor-section-height-default elementor-section-column-vertical-align-stretch\" data-id=\"29fb8578\" data-element_type=\"section\" data-e-type=\"section\" data-settings=\"{&quot;stretch_section&quot;:&quot;section-stretched&quot;}\">\n\t\t\t\t\t\t<div class=\"elementor-container elementor-column-gap-no\">\n\t\t\t\t\t<div class=\"elementor-column elementor-col-50 elementor-top-column elementor-element elementor-element-40ac270b\" data-id=\"40ac270b\" data-element_type=\"column\" data-e-type=\"column\">\n\t\t\t<div class=\"elementor-widget-wrap elementor-element-populated\">\n\t\t\t\t\t\t<div class=\"elementor-element elementor-element-20872773 elementor-widget__width-initial elementor-widget-mobile__width-inherit elementor-invisible nuss-elementor-loading nuss-slide-in-right elementor-widget elementor-widget-image\" data-id=\"20872773\" data-element_type=\"widget\" data-e-type=\"widget\" data-settings=\"{&quot;_animation&quot;:&quot;nussSlideInRight&quot;}\" data-widget_type=\"image.default\">\n\t\t\t\t\t\t\t\t\t\t\t\t\t\t\t<img decoding=\"async\" width=\"1280\" height=\"853\" src=\"https:\/\/kerryhotelbeijing.com\/wp-content\/uploads\/2025\/11\/Kerry-Hotel-Beijing-88.webp\" class=\"attachment-full size-full wp-image-7229\" alt=\"\" srcset=\"https:\/\/kerryhotelbeijing.com\/wp-content\/uploads\/2025\/11\/Kerry-Hotel-Beijing-88.webp 1280w, https:\/\/kerryhotelbeijing.com\/wp-content\/uploads\/2025\/11\/Kerry-Hotel-Beijing-88-300x200.webp 300w, https:\/\/kerryhotelbeijing.com\/wp-content\/uploads\/2025\/11\/Kerry-Hotel-Beijing-88-1024x682.webp 1024w, https:\/\/kerryhotelbeijing.com\/wp-content\/uploads\/2025\/11\/Kerry-Hotel-Beijing-88-768x512.webp 768w, https:\/\/kerryhotelbeijing.com\/wp-content\/uploads\/2025\/11\/Kerry-Hotel-Beijing-88-18x12.webp 18w\" sizes=\"(max-width: 1280px) 100vw, 1280px\" \/>\t\t\t\t\t\t\t\t\t\t\t\t\t\t\t<\/div>\n\t\t\t\t\t<\/div>\n\t\t<\/div>\n\t\t\t\t<div class=\"elementor-column elementor-col-50 elementor-top-column elementor-element elementor-element-2dac103\" data-id=\"2dac103\" data-element_type=\"column\" data-e-type=\"column\">\n\t\t\t<div class=\"elementor-widget-wrap elementor-element-populated\">\n\t\t\t\t\t\t<div class=\"elementor-element elementor-element-6f1b8966 elementor-invisible elementor-widget elementor-widget-text-editor\" data-id=\"6f1b8966\" data-element_type=\"widget\" data-e-type=\"widget\" data-settings=\"{&quot;_animation&quot;:&quot;nussFadeInUp&quot;}\" data-widget_type=\"text-editor.default\">\n\t\t\t\t\t\t\t\t\t<p data-spm-anchor-id=\"a2ty_o01.29997173.0.i24.4f03c921hZz1xG\">se vanter <strong>486 chambres et suites spacieuses et am\u00e9nag\u00e9es avec soin<\/strong>, L&#039;h\u00f4tel Kerry de P\u00e9kin offre un confort haut de gamme avec une literie moelleuse, des t\u00e9l\u00e9viseurs connect\u00e9s de 40 pouces, une connexion Wi-Fi haut d\u00e9bit et une vue imprenable sur la ville ou sur le paisible jardin de l&#039;h\u00f4tel. Les familles y sont particuli\u00e8rement bien accueillies. <strong>Chambres sur le th\u00e8me de Jiabao<\/strong>\u2014 avec notamment des parcours d&#039;aventure sur le th\u00e8me des pandas et des gar\u00e7ons \u2014 ainsi qu&#039;une piscine d\u00e9di\u00e9e aux enfants, une aire de jeux int\u00e9rieure et des options de restauration adapt\u00e9es aux enfants. Par ailleurs, les clients du Club Floor b\u00e9n\u00e9ficient de privil\u00e8ges exclusifs tels qu&#039;un enregistrement priv\u00e9, un d\u00e9part tardif et un acc\u00e8s complet au <strong>Salon ex\u00e9cutif<\/strong> avec petit-d\u00e9jeuner, th\u00e9 de l&#039;apr\u00e8s-midi et cocktails en soir\u00e9e offerts.<\/p><div class=\"my-2\">\u00a0<\/div><p>L&#039;h\u00f4tel propose des exp\u00e9riences culinaires exceptionnelles. <strong>cinq lieux de restauration distincts<\/strong>. Des sp\u00e9cialit\u00e9s raffin\u00e9es cantonaises et sichuanaises de <strong>Restaurant chinois Horizon<\/strong> aux buffets internationaux de <strong>La cuisine de Kerry<\/strong>, et les bouch\u00e9es artisanales et le caf\u00e9 chez <strong>Le garde-manger de Kerry<\/strong>, tous les palais sont combl\u00e9s. \u00c0 ne pas manquer <strong>Centro Bar<\/strong>, un lounge prim\u00e9 proposant des cocktails originaux, du jazz en direct et une ambiance conviviale id\u00e9ale pour se d\u00e9tendre apr\u00e8s une journ\u00e9e de r\u00e9unions ou de visites. Le c\u00e9l\u00e8bre <strong>buffet petit-d\u00e9jeuner (6h30\u201310h30)<\/strong>\u2014constamment pl\u00e9biscit\u00e9 par les clients\u2014 est un point fort, proposant une vaste s\u00e9lection de plats occidentaux, chinois et asiatiques pr\u00e9par\u00e9s avec des ingr\u00e9dients frais et locaux.<\/p>\t\t\t\t\t\t\t\t<\/div>\n\t\t\t\t\t<\/div>\n\t\t<\/div>\n\t\t\t\t\t<\/div>\n\t\t<\/section>\n\t\t\t\t<section class=\"elementor-section elementor-top-section elementor-element elementor-element-ad82ccb elementor-section-height-min-height elementor-section-stretched elementor-section-full_width elementor-section-items-stretch elementor-section-height-default elementor-section-column-vertical-align-stretch\" data-id=\"ad82ccb\" data-element_type=\"section\" data-e-type=\"section\" data-settings=\"{&quot;stretch_section&quot;:&quot;section-stretched&quot;}\">\n\t\t\t\t\t\t<div class=\"elementor-container elementor-column-gap-no\">\n\t\t\t\t\t<div class=\"elementor-column elementor-col-50 elementor-top-column elementor-element elementor-element-b62f051\" data-id=\"b62f051\" data-element_type=\"column\" data-e-type=\"column\">\n\t\t\t<div class=\"elementor-widget-wrap elementor-element-populated\">\n\t\t\t\t\t\t<div class=\"elementor-element elementor-element-b6e1e9a elementor-invisible elementor-widget elementor-widget-text-editor\" data-id=\"b6e1e9a\" data-element_type=\"widget\" data-e-type=\"widget\" data-settings=\"{&quot;_animation&quot;:&quot;nussFadeInUp&quot;}\" data-widget_type=\"text-editor.default\">\n\t\t\t\t\t\t\t\t\t<p>Pour le bien-\u00eatre et les loisirs, l&#039;h\u00f4tel Kerry de P\u00e9kin se distingue par son vaste espace\u2026 <strong>piscine int\u00e9rieure chauff\u00e9e<\/strong>, enti\u00e8rement \u00e9quip\u00e9 <strong>centre de remise en forme<\/strong>, <strong>courts de tennis et de basketball<\/strong>, <strong>salle de ping-pong<\/strong>, et rajeunissant <strong>services de massage<\/strong>. Les voyageurs d&#039;affaires b\u00e9n\u00e9ficient de plus de <strong>6 000 m\u00e8tres carr\u00e9s d&#039;espace MICE polyvalent<\/strong>, comprenant une grande salle de bal sans piliers, dix salles de r\u00e9ception modulables et un jardin panoramique sur le toit, id\u00e9al pour les conf\u00e9rences, les galas ou les mariages de destination.<\/p><div class=\"my-2\">\u00a0<\/div><p>Soutenu par la confiance <strong>Groupe Shangri-La<\/strong>, L&#039;h\u00f4tel Kerry de P\u00e9kin allie standards internationaux et service chaleureux et personnalis\u00e9. Avec un service exceptionnel <strong>Note des clients\u00a0: 9,2\/10<\/strong> Avec ses excellentes notes sur Trip.com et les \u00e9loges constants qu&#039;il re\u00e7oit pour sa propret\u00e9, son emplacement et ses \u00e9quipements adapt\u00e9s aux familles, l&#039;h\u00f4tel Kerry de P\u00e9kin demeure un choix de premier ordre pour les voyageurs exigeants en qu\u00eate de confort et de praticit\u00e9 dans la capitale dynamique de la Chine. Que vous soyez \u00e0 P\u00e9kin pour un week-end, un voyage d&#039;affaires ou des vacances en famille inoubliables, l&#039;h\u00f4tel Kerry vous garantit un s\u00e9jour aussi agr\u00e9able que sans tracas.<\/p>\t\t\t\t\t\t\t\t<\/div>\n\t\t\t\t\t<\/div>\n\t\t<\/div>\n\t\t\t\t<div class=\"elementor-column elementor-col-50 elementor-top-column elementor-element elementor-element-dc3c6aa\" data-id=\"dc3c6aa\" data-element_type=\"column\" data-e-type=\"column\">\n\t\t\t<div class=\"elementor-widget-wrap elementor-element-populated\">\n\t\t\t\t\t\t<div class=\"elementor-element elementor-element-0b618bd elementor-widget__width-initial elementor-widget-mobile__width-inherit elementor-invisible nuss-elementor-loading nuss-slide-in-right elementor-widget elementor-widget-image\" data-id=\"0b618bd\" data-element_type=\"widget\" data-e-type=\"widget\" data-settings=\"{&quot;_animation&quot;:&quot;nussSlideInRight&quot;}\" data-widget_type=\"image.default\">\n\t\t\t\t\t\t\t\t\t\t\t\t\t\t\t<img decoding=\"async\" width=\"1280\" height=\"853\" src=\"https:\/\/kerryhotelbeijing.com\/wp-content\/uploads\/2025\/11\/Kerry-Hotel-Beijing-37.webp\" class=\"attachment-full size-full wp-image-7178\" alt=\"\" srcset=\"https:\/\/kerryhotelbeijing.com\/wp-content\/uploads\/2025\/11\/Kerry-Hotel-Beijing-37.webp 1280w, https:\/\/kerryhotelbeijing.com\/wp-content\/uploads\/2025\/11\/Kerry-Hotel-Beijing-37-300x200.webp 300w, https:\/\/kerryhotelbeijing.com\/wp-content\/uploads\/2025\/11\/Kerry-Hotel-Beijing-37-1024x682.webp 1024w, https:\/\/kerryhotelbeijing.com\/wp-content\/uploads\/2025\/11\/Kerry-Hotel-Beijing-37-768x512.webp 768w, https:\/\/kerryhotelbeijing.com\/wp-content\/uploads\/2025\/11\/Kerry-Hotel-Beijing-37-18x12.webp 18w\" sizes=\"(max-width: 1280px) 100vw, 1280px\" \/>\t\t\t\t\t\t\t\t\t\t\t\t\t\t\t<\/div>\n\t\t\t\t\t<\/div>\n\t\t<\/div>\n\t\t\t\t\t<\/div>\n\t\t<\/section>\n\t\t\t\t<section class=\"elementor-section elementor-top-section elementor-element elementor-element-2092b7d0 elementor-section-stretched elementor-section-boxed elementor-section-gap-beside-yes elementor-section-height-default elementor-section-height-default elementor-section-column-vertical-align-stretch\" data-id=\"2092b7d0\" data-element_type=\"section\" data-e-type=\"section\" data-settings=\"{&quot;background_background&quot;:&quot;classic&quot;,&quot;stretch_section&quot;:&quot;section-stretched&quot;}\">\n\t\t\t\t\t\t<div class=\"elementor-container elementor-column-gap-extended\">\n\t\t\t\t\t<div class=\"elementor-column elementor-col-100 elementor-top-column elementor-element elementor-element-be69d75\" data-id=\"be69d75\" data-element_type=\"column\" data-e-type=\"column\">\n\t\t\t<div class=\"elementor-widget-wrap elementor-element-populated\">\n\t\t\t\t\t\t<div class=\"elementor-element elementor-element-320c022 elementor-widget elementor-widget-nuss-heading\" data-id=\"320c022\" data-element_type=\"widget\" data-e-type=\"widget\" data-widget_type=\"nuss-heading.default\">\n\t\t\t\t<div class=\"elementor-widget-container\">\n\t\t\t\t\t\t\t<div class=\"nuss-modern-heading\">\r\n\t\t\t\t\t\t<div class=\"heading-secondary-wrap\">\r\n\t\t\t\t<h3 class=\"heading-secondary elementor-heading-title\">Ch\u00e8que disponible <\/h3>\t\t\t<\/div>\r\n\t\t\r\n\t\t\t\r\n\t\t\t\r\n\t\t\t\t\t<\/div>\r\n\t\t\t\t\t<\/div>\n\t\t\t\t<\/div>\n\t\t\t\t<div class=\"elementor-element elementor-element-fe69a93 elementor-widget elementor-widget-text-editor\" data-id=\"fe69a93\" data-element_type=\"widget\" data-e-type=\"widget\" data-widget_type=\"text-editor.default\">\n\t\t\t\t\t\t\t\t\t<iframe border=\"0\" src=\"https:\/\/www.trip.com\/partners\/ad\/S6494511?Allianceid=4590391&#038;SID=273202182&#038;trip_sub1=\" style=\"width:1000px;height:200px\" frameborder=\"0\" scrolling=\"no\" id=\"S6494511\"><\/iframe>\t\t\t\t\t\t\t\t<\/div>\n\t\t\t\t\t<\/div>\n\t\t<\/div>\n\t\t\t\t\t<\/div>\n\t\t<\/section>\n\t\t\t\t<\/div>","protected":false},"excerpt":{"rendered":"<p>Your Stylish Gateway to the Bund &amp; Nanjing Road Nestled in the vibrant heart of Beijing\u2019s central business and diplomatic district, Kerry Hotel, Beijing (formerly Kerry Centre Hotel) offers an unparalleled blend of modern luxury, family-friendly comfort, and seamless connectivity for both leisure and business travelers. Strategically located at No.1 Guanghua Road, Chaoyang District, Beijing, [&hellip;]<\/p>\n","protected":false},"author":1,"featured_media":0,"parent":0,"menu_order":0,"comment_status":"closed","ping_status":"closed","template":"","meta":{"footnotes":""},"class_list":["post-5266","page","type-page","status-publish","hentry","post-no-thumbnail"],"_links":{"self":[{"href":"https:\/\/kerryhotelbeijing.com\/fr\/wp-json\/wp\/v2\/pages\/5266","targetHints":{"allow":["GET"]}}],"collection":[{"href":"https:\/\/kerryhotelbeijing.com\/fr\/wp-json\/wp\/v2\/pages"}],"about":[{"href":"https:\/\/kerryhotelbeijing.com\/fr\/wp-json\/wp\/v2\/types\/page"}],"author":[{"embeddable":true,"href":"https:\/\/kerryhotelbeijing.com\/fr\/wp-json\/wp\/v2\/users\/1"}],"replies":[{"embeddable":true,"href":"https:\/\/kerryhotelbeijing.com\/fr\/wp-json\/wp\/v2\/comments?post=5266"}],"version-history":[{"count":0,"href":"https:\/\/kerryhotelbeijing.com\/fr\/wp-json\/wp\/v2\/pages\/5266\/revisions"}],"wp:attachment":[{"href":"https:\/\/kerryhotelbeijing.com\/fr\/wp-json\/wp\/v2\/media?parent=5266"}],"curies":[{"name":"wp","href":"https:\/\/api.w.org\/{rel}","templated":true}]}}