{"id":2109,"date":"2021-03-26T08:35:58","date_gmt":"2021-03-26T08:35:58","guid":{"rendered":"http:\/\/localhost\/nuss\/?page_id=536"},"modified":"2025-11-11T11:32:58","modified_gmt":"2025-11-11T11:32:58","slug":"installations-commerciales","status":"publish","type":"page","link":"https:\/\/kerryhotelbeijing.com\/fr\/installations-commerciales\/","title":{"rendered":"Installations commerciales"},"content":{"rendered":"<div data-elementor-type=\"wp-page\" data-elementor-id=\"2109\" class=\"elementor elementor-2109\">\n\t\t\t\t<div class=\"elementor-element elementor-element-fd6cbd7 e-flex e-con-boxed e-con e-parent\" data-id=\"fd6cbd7\" data-element_type=\"container\" data-e-type=\"container\">\n\t\t\t\t\t<div class=\"e-con-inner\">\n\t\t\t\t<div class=\"elementor-element elementor-element-0f4e55c elementor-widget elementor-widget-heading\" data-id=\"0f4e55c\" data-element_type=\"widget\" data-e-type=\"widget\" data-widget_type=\"heading.default\">\n\t\t\t\t\t<h4 class=\"elementor-heading-title elementor-size-default\">H\u00f4tel Kerry, P\u00e9kin\u00a0: Des installations d\u2019affaires de premier ordre au c\u0153ur de la capitale chinoise \u2013 L\u00e0 o\u00f9 les r\u00e9unions internationales rencontrent une ex\u00e9cution sans faille <\/h4>\t\t\t\t<\/div>\n\t\t\t\t\t<\/div>\n\t\t\t\t<\/div>\n\t\t<div class=\"elementor-element elementor-element-812d16c e-flex e-con-boxed e-con e-parent\" data-id=\"812d16c\" data-element_type=\"container\" data-e-type=\"container\">\n\t\t\t\t\t<div class=\"e-con-inner\">\n\t\t\t\t<div class=\"elementor-element elementor-element-2cbfa9f elementor-widget elementor-widget-nuss-image-gallery\" data-id=\"2cbfa9f\" data-element_type=\"widget\" data-e-type=\"widget\" data-widget_type=\"nuss-image-gallery.default\">\n\t\t\t\t<div class=\"elementor-widget-container\">\n\t\t\t\t\t\t\t<div class=\"nuss-grid-wrapper\" data-grid=\"{&quot;type&quot;:&quot;grid&quot;,&quot;ratio&quot;:null,&quot;columns&quot;:3,&quot;gutter&quot;:30}\">\r\n\t\t\t<div class=\"nuss-grid lazy-grid\">\r\n\t\t\t\t<div class=\"grid-sizer\"><\/div>\r\n\r\n\t\t\t\t\t\t\t\t\t\t\t\t<div class=\"grid-item\">\r\n\t\t\t\t\t\t<div class=\"nuss-box\">\t\t<div class=\"nuss-image image\">\r\n\t\t\t<img decoding=\"async\"  src=\"https:\/\/kerryhotelbeijing.com\/wp-content\/uploads\/2025\/11\/Kerry-Hotel-Beijing-132.webp\" alt=\"H\u00f4tel Kerry P\u00e9kin (132)\" \/>\t\t<\/div>\r\n\t\t\t\t<\/div>\t\t\t\t\t<\/div>\r\n\t\t\t\t\t\t<div class=\"grid-item\">\r\n\t\t\t\t\t\t<div class=\"nuss-box\">\t\t<div class=\"nuss-image image\">\r\n\t\t\t<img decoding=\"async\"  src=\"https:\/\/kerryhotelbeijing.com\/wp-content\/uploads\/2025\/11\/Kerry-Hotel-Beijing-131.webp\" alt=\"H\u00f4tel Kerry P\u00e9kin (131)\" \/>\t\t<\/div>\r\n\t\t\t\t<\/div>\t\t\t\t\t<\/div>\r\n\t\t\t\t\t\t<div class=\"grid-item\">\r\n\t\t\t\t\t\t<div class=\"nuss-box\">\t\t<div class=\"nuss-image image\">\r\n\t\t\t<img decoding=\"async\"  src=\"https:\/\/kerryhotelbeijing.com\/wp-content\/uploads\/2025\/11\/Kerry-Hotel-Beijing-130.webp\" alt=\"H\u00f4tel Kerry P\u00e9kin (130)\" \/>\t\t<\/div>\r\n\t\t\t\t<\/div>\t\t\t\t\t<\/div>\r\n\t\t\t\t\t\t<div class=\"grid-item\">\r\n\t\t\t\t\t\t<div class=\"nuss-box\">\t\t<div class=\"nuss-image image\">\r\n\t\t\t<img decoding=\"async\"  src=\"https:\/\/kerryhotelbeijing.com\/wp-content\/uploads\/2025\/11\/Kerry-Hotel-Beijing-129.webp\" alt=\"H\u00f4tel Kerry P\u00e9kin (129)\" \/>\t\t<\/div>\r\n\t\t\t\t<\/div>\t\t\t\t\t<\/div>\r\n\t\t\t\t\t\t<div class=\"grid-item\">\r\n\t\t\t\t\t\t<div class=\"nuss-box\">\t\t<div class=\"nuss-image image\">\r\n\t\t\t<img decoding=\"async\"  src=\"https:\/\/kerryhotelbeijing.com\/wp-content\/uploads\/2025\/11\/Kerry-Hotel-Beijing-140.webp\" alt=\"H\u00f4tel Kerry P\u00e9kin (140)\" \/>\t\t<\/div>\r\n\t\t\t\t<\/div>\t\t\t\t\t<\/div>\r\n\t\t\t\t\t\t<div class=\"grid-item\">\r\n\t\t\t\t\t\t<div class=\"nuss-box\">\t\t<div class=\"nuss-image image\">\r\n\t\t\t<img decoding=\"async\"  src=\"https:\/\/kerryhotelbeijing.com\/wp-content\/uploads\/2025\/11\/Kerry-Hotel-Beijing-137.webp\" alt=\"H\u00f4tel Kerry P\u00e9kin (137)\" \/>\t\t<\/div>\r\n\t\t\t\t<\/div>\t\t\t\t\t<\/div>\r\n\t\t\t\t\t\t<div class=\"grid-item\">\r\n\t\t\t\t\t\t<div class=\"nuss-box\">\t\t<div class=\"nuss-image image\">\r\n\t\t\t<img decoding=\"async\"  src=\"https:\/\/kerryhotelbeijing.com\/wp-content\/uploads\/2025\/11\/Kerry-Hotel-Beijing-45.webp\" alt=\"H\u00f4tel Kerry P\u00e9kin (45)\" \/>\t\t<\/div>\r\n\t\t\t\t<\/div>\t\t\t\t\t<\/div>\r\n\t\t\t\t\t\t<div class=\"grid-item\">\r\n\t\t\t\t\t\t<div class=\"nuss-box\">\t\t<div class=\"nuss-image image\">\r\n\t\t\t<img decoding=\"async\"  src=\"https:\/\/kerryhotelbeijing.com\/wp-content\/uploads\/2025\/11\/Kerry-Hotel-Beijing-40.webp\" alt=\"H\u00f4tel Kerry P\u00e9kin (40)\" \/>\t\t<\/div>\r\n\t\t\t\t<\/div>\t\t\t\t\t<\/div>\r\n\t\t\t\t\t\t<div class=\"grid-item\">\r\n\t\t\t\t\t\t<div class=\"nuss-box\">\t\t<div class=\"nuss-image image\">\r\n\t\t\t<img decoding=\"async\"  src=\"https:\/\/kerryhotelbeijing.com\/wp-content\/uploads\/2025\/11\/Kerry-Hotel-Beijing-31.webp\" alt=\"H\u00f4tel Kerry P\u00e9kin (31)\" \/>\t\t<\/div>\r\n\t\t\t\t<\/div>\t\t\t\t\t<\/div>\r\n\t\t\t\t\t\t<div class=\"grid-item\">\r\n\t\t\t\t\t\t<div class=\"nuss-box\">\t\t<div class=\"nuss-image image\">\r\n\t\t\t<img decoding=\"async\"  src=\"https:\/\/kerryhotelbeijing.com\/wp-content\/uploads\/2025\/11\/Kerry-Hotel-Beijing-144.webp\" alt=\"H\u00f4tel Kerry P\u00e9kin (144)\" \/>\t\t<\/div>\r\n\t\t\t\t<\/div>\t\t\t\t\t<\/div>\r\n\t\t\t\t\t\t<div class=\"grid-item\">\r\n\t\t\t\t\t\t<div class=\"nuss-box\">\t\t<div class=\"nuss-image image\">\r\n\t\t\t<img decoding=\"async\"  src=\"https:\/\/kerryhotelbeijing.com\/wp-content\/uploads\/2025\/11\/Kerry-Hotel-Beijing-145.webp\" alt=\"H\u00f4tel Kerry P\u00e9kin (145)\" \/>\t\t<\/div>\r\n\t\t\t\t<\/div>\t\t\t\t\t<\/div>\r\n\t\t\t\t\t\t<div class=\"grid-item\">\r\n\t\t\t\t\t\t<div class=\"nuss-box\">\t\t<div class=\"nuss-image image\">\r\n\t\t\t<img decoding=\"async\"  src=\"https:\/\/kerryhotelbeijing.com\/wp-content\/uploads\/2025\/11\/Kerry-Hotel-Beijing-150.webp\" alt=\"H\u00f4tel Kerry P\u00e9kin (150)\" \/>\t\t<\/div>\r\n\t\t\t\t<\/div>\t\t\t\t\t<\/div>\r\n\t\t\t\t\t\t<div class=\"grid-item\">\r\n\t\t\t\t\t\t<div class=\"nuss-box\">\t\t<div class=\"nuss-image image\">\r\n\t\t\t<img decoding=\"async\"  src=\"https:\/\/kerryhotelbeijing.com\/wp-content\/uploads\/2025\/11\/Kerry-Hotel-Beijing-146.webp\" alt=\"H\u00f4tel Kerry P\u00e9kin (146)\" \/>\t\t<\/div>\r\n\t\t\t\t<\/div>\t\t\t\t\t<\/div>\r\n\t\t\t\t\t\t<div class=\"grid-item\">\r\n\t\t\t\t\t\t<div class=\"nuss-box\">\t\t<div class=\"nuss-image image\">\r\n\t\t\t<img decoding=\"async\"  src=\"https:\/\/kerryhotelbeijing.com\/wp-content\/uploads\/2025\/11\/Kerry-Hotel-Beijing-139.webp\" alt=\"H\u00f4tel Kerry P\u00e9kin (139)\" \/>\t\t<\/div>\r\n\t\t\t\t<\/div>\t\t\t\t\t<\/div>\r\n\t\t\t\t\t\t\t\r\n\t\t\t<\/div>\r\n\t\t<\/div>\r\n\t\t\t\t\t\t<\/div>\n\t\t\t\t<\/div>\n\t\t\t\t\t<\/div>\n\t\t\t\t<\/div>\n\t\t<div class=\"elementor-element elementor-element-10ad611 e-flex e-con-boxed e-con e-parent\" data-id=\"10ad611\" data-element_type=\"container\" data-e-type=\"container\">\n\t\t\t\t\t<div class=\"e-con-inner\">\n\t\t\t\t<div class=\"elementor-element elementor-element-f78c516 elementor-widget elementor-widget-text-editor\" data-id=\"f78c516\" data-element_type=\"widget\" data-e-type=\"widget\" data-widget_type=\"text-editor.default\">\n\t\t\t\t\t\t\t\t\t<p data-spm-anchor-id=\"a2ty_o01.29997173.0.i34.4f03c921hZz1xG\">Strat\u00e9giquement positionn\u00e9 \u00e0 <strong>No.1, route Guanghua, district de Chaoyang, P\u00e9kin, 100020<\/strong>, L&#039;h\u00f4tel Kerry de P\u00e9kin n&#039;est pas qu&#039;un simple h\u00f4tel de luxe\u00a0: c&#039;est un centre d&#039;affaires de renomm\u00e9e internationale con\u00e7u pour les dirigeants, les entrepreneurs et les multinationales en qu\u00eate d&#039;une organisation \u00e9v\u00e9nementielle irr\u00e9prochable dans l&#039;une des villes les plus dynamiques d&#039;Asie. Appartenant au prestigieux groupe Shangri-La, cet \u00e9tablissement 5 \u00e9toiles propose des infrastructures MICE (r\u00e9unions, incentives, congr\u00e8s, expositions) exceptionnelles. <strong>plus de 6 000 m\u00e8tres carr\u00e9s<\/strong> un espace polyvalent et ultramoderne, ce qui en fait un choix de premier ordre pour les r\u00e9unions d&#039;entreprise, les n\u00e9gociations \u00e0 enjeux \u00e9lev\u00e9s, les lancements de produits et les sommets internationaux.<\/p><div class=\"my-2\">\u00a0<\/div><h3>Des espaces de conf\u00e9rence et d&#039;\u00e9v\u00e9nement in\u00e9gal\u00e9s pour tous vos besoins<\/h3><p>Que vous organisiez une r\u00e9union de conseil d&#039;administration en petit comit\u00e9 ou un grand gala pour plus de 500 invit\u00e9s, l&#039;h\u00f4tel Kerry de P\u00e9kin propose des espaces flexibles et \u00e9l\u00e9gants adapt\u00e9s \u00e0 vos besoins\u00a0:<\/p><div class=\"my-2\">\u00a0<\/div><ul dir=\"auto\"><li><p><strong>Grande salle de bal<\/strong>V\u00e9ritable joyau du portefeuille \u00e9v\u00e9nementiel de l&#039;h\u00f4tel, cette salle de bal sans piliers se distingue par ses hauts plafonds, ses syst\u00e8mes d&#039;\u00e9clairage sophistiqu\u00e9s et ses baies vitr\u00e9es offrant une vue panoramique sur la ville \u2013 id\u00e9ale pour les conf\u00e9rences, les banquets et les remises de prix de grande envergure.<\/p><\/li><li><p><strong>Salle de bal de Kowloon<\/strong>Une salle spacieuse et modulable, id\u00e9ale pour les r\u00e9unions de taille moyenne, les sessions de formation ou les cocktails, avec des am\u00e9nagements personnalisables et un \u00e9quipement audiovisuel de pointe.<\/p><\/li><li><p><strong>Dix salles de r\u00e9ception d\u00e9di\u00e9es<\/strong>Des salles de r\u00e9union intimistes aux espaces de taille moyenne, chaque salle est \u00e9quip\u00e9e d&#039;une technologie de pointe, notamment des syst\u00e8mes d&#039;affichage multim\u00e9dia, une connexion Wi-Fi haut d\u00e9bit et des capacit\u00e9s de vid\u00e9oconf\u00e9rence fluides, garantissant ainsi la productivit\u00e9, que vous pr\u00e9sentiez \u00e0 des parties prenantes locales ou que vous communiquiez avec des \u00e9quipes internationales.<\/p><\/li><li><p><strong>Jardin sur le toit<\/strong>Un lieu exclusif en plein air pour des \u00e9v\u00e9nements de r\u00e9seautage, des activit\u00e9s de team building ou des r\u00e9ceptions au coucher du soleil, alliant ambiance naturelle et sophistication urbaine, avec services de traiteur et une vue imprenable sur le quartier central des affaires.<\/p><\/li><\/ul><div class=\"my-2\">\u00a0<\/div><p>Tous les lieux b\u00e9n\u00e9ficient du soutien des experts de Kerry Hotel. <strong>\u00c9quipe de planification d&#039;\u00e9v\u00e9nements<\/strong>, qui prennent en charge chaque d\u00e9tail \u2014 des arrangements floraux et de la d\u00e9coration th\u00e9matique \u00e0 l&#039;installation audiovisuelle, en passant par la traduction simultan\u00e9e et les menus personnalis\u00e9s \u2014 vous permettant ainsi de vous concentrer sur votre programme et non sur la logistique.<\/p><div class=\"my-2\">\u00a0<\/div><h3>Prestations haut de gamme con\u00e7ues pour les voyageurs d&#039;affaires<\/h3><p>Au-del\u00e0 des salles de r\u00e9union, l&#039;h\u00f4tel Kerry de P\u00e9kin rehausse l&#039;exp\u00e9rience professionnelle gr\u00e2ce \u00e0 des services haut de gamme\u00a0:<\/p><div class=\"my-2\">\u00a0<\/div><ul dir=\"auto\"><li><p><strong>Salon ex\u00e9cutif (\u00e9tage Club)<\/strong>R\u00e9serv\u00e9 aux clients du Club Floor, ce havre de paix offre un enregistrement et un d\u00e9part priv\u00e9s, le petit-d\u00e9jeuner et des cocktails en soir\u00e9e gratuits, des espaces de travail d\u00e9di\u00e9s, un acc\u00e8s gratuit aux salles de r\u00e9union (jusqu&#039;\u00e0 2 heures) et un service de conciergerie personnalis\u00e9, transformant ainsi les moments de d\u00e9tente en instants productifs.<\/p><\/li><li><p><strong>Centre d&#039;affaires ouvert 24h\/24<\/strong>: \u00c9quip\u00e9 d&#039;imprimantes, de scanners, de t\u00e9l\u00e9copieurs et d&#039;une connexion internet haut d\u00e9bit, ainsi que d&#039;un personnel multilingue pr\u00eat \u00e0 vous aider pour les documents de derni\u00e8re minute ou les communications urgentes.<\/p><\/li><li><p><strong>Transferts a\u00e9roport prioritaires et services de conciergerie<\/strong>Gagnez un temps pr\u00e9cieux gr\u00e2ce aux transferts a\u00e9roport pr\u00e9-r\u00e9serv\u00e9s (disponibles moyennant un suppl\u00e9ment) et laissez le concierge s&#039;occuper de tout, des taxis aux r\u00e9servations de restaurant en passant par les excursions culturelles entre vos r\u00e9unions.<\/p><\/li><li><p><strong>Connectivit\u00e9 haut d\u00e9bit<\/strong>: Le Wi-Fi gratuit dans tout l&#039;h\u00f4tel, y compris dans les chambres, les espaces communs et les salles de r\u00e9ception, garantit une communication ininterrompue et une collaboration \u00e0 distance.<\/p><\/li><\/ul><div class=\"my-2\">\u00a0<\/div><h3>Emplacement strat\u00e9gique pour une efficacit\u00e9 maximale<\/h3><p>Situ\u00e9 dans le quartier central des affaires de P\u00e9kin (CBD), l&#039;h\u00f4tel Kerry se trouve \u00e0 deux pas des si\u00e8ges sociaux des multinationales, des ambassades et des principaux n\u0153uds de transport. <strong>\u00c0 490 m\u00e8tres de la station de m\u00e9tro Jintaixizhao<\/strong> et <strong>\u00c0 680 m\u00e8tres de la gare de Guomao<\/strong>, Vous pourrez rejoindre en quelques minutes les principaux quartiers d&#039;affaires, les bureaux gouvernementaux ou des sites embl\u00e9matiques comme la Cit\u00e9 interdite et Sanlitun. L&#039;h\u00f4tel propose \u00e9galement <strong>services de location de voitures<\/strong> et <strong>assistance \u00e0 la r\u00e9servation de taxis<\/strong>, vous offrant une mobilit\u00e9 totale dans toute la capitale.<\/p><div class=\"my-2\">\u00a0<\/div><h3>L&#039;excellence culinaire au service de votre productivit\u00e9<\/h3><p>Dynamisez vos r\u00e9unions gr\u00e2ce \u00e0 un service traiteur gastronomique concoct\u00e9 par des chefs prim\u00e9s. Des pauses gourmandes lors des ateliers aux somptueux banquets, l&#039;\u00e9quipe culinaire de l&#039;h\u00f4tel \u00e9labore des menus mettant \u00e0 l&#039;honneur les sp\u00e9cialit\u00e9s authentiques cantonaises, sichuanaises et p\u00e9kinoises, ainsi qu&#039;une cuisine internationale. D\u00eenez sur place au <strong>Restaurant chinois Horizon<\/strong>, profitez de repas d\u00e9contract\u00e9s \u00e0 <strong>La cuisine de Kerry<\/strong>, ou d\u00e9tendez-vous avec des cocktails artisanaux et du jazz en direct au <strong>Centro Bar<\/strong> \u2014 le tout \u00e0 distance de marche de votre lieu de r\u00e9ception.<\/p><div class=\"my-2\">\u00a0<\/div><h3>Pourquoi les multinationales choisissent l&#039;h\u00f4tel Kerry \u00e0 P\u00e9kin<\/h3><p>Avec une \u00e9toile <strong>Note des clients\u00a0: 9,2\/10<\/strong> R\u00e9guli\u00e8rement salu\u00e9 pour son \u201c service exceptionnel \u201d, sa \u201c propret\u00e9 impeccable \u201d et son \u201c emplacement id\u00e9al \u201d, le Kerry Hotel de P\u00e9kin s&#039;est impos\u00e9 comme un \u00e9tablissement de premier plan pour les voyageurs d&#039;affaires. Que vous organisiez une conf\u00e9rence de plusieurs jours, des r\u00e9unions avec des investisseurs ou que vous c\u00e9l\u00e9briez des \u00e9v\u00e9nements importants pour votre entreprise, l&#039;h\u00f4tel allie luxe, fonctionnalit\u00e9 et expertise locale pour vous offrir une exp\u00e9rience inoubliable et ax\u00e9e sur les r\u00e9sultats.<\/p><div class=\"my-2\">\u00a0<\/div><p data-spm-anchor-id=\"a2ty_o01.29997173.0.i35.4f03c921hZz1xG\">R\u00e9servez votre prochain \u00e9v\u00e9nement d&#039;entreprise ou s\u00e9jour professionnel \u00e0 l&#039;h\u00f4tel Kerry de P\u00e9kin, o\u00f9 l&#039;efficacit\u00e9 rencontre l&#039;\u00e9l\u00e9gance et o\u00f9 chaque d\u00e9tail est con\u00e7u pour contribuer \u00e0 votre r\u00e9ussite.<\/p>\t\t\t\t\t\t\t\t<\/div>\n\t\t\t\t\t<\/div>\n\t\t\t\t<\/div>\n\t\t\t\t<section class=\"elementor-section elementor-top-section elementor-element elementor-element-3cc0c8bf elementor-section-stretched elementor-section-boxed elementor-section-gap-beside-yes elementor-section-height-default elementor-section-height-default elementor-section-column-vertical-align-stretch\" data-id=\"3cc0c8bf\" data-element_type=\"section\" data-e-type=\"section\" data-settings=\"{&quot;background_background&quot;:&quot;classic&quot;,&quot;stretch_section&quot;:&quot;section-stretched&quot;}\">\n\t\t\t\t\t\t<div class=\"elementor-container elementor-column-gap-extended\">\n\t\t\t\t\t<div class=\"elementor-column elementor-col-100 elementor-top-column elementor-element elementor-element-6bc6e647\" data-id=\"6bc6e647\" data-element_type=\"column\" data-e-type=\"column\">\n\t\t\t<div class=\"elementor-widget-wrap elementor-element-populated\">\n\t\t\t\t\t\t<div class=\"elementor-element elementor-element-33c773f elementor-widget elementor-widget-nuss-heading\" data-id=\"33c773f\" data-element_type=\"widget\" data-e-type=\"widget\" data-widget_type=\"nuss-heading.default\">\n\t\t\t\t<div class=\"elementor-widget-container\">\n\t\t\t\t\t\t\t<div class=\"nuss-modern-heading\">\r\n\t\t\t\t\t\t<div class=\"heading-secondary-wrap\">\r\n\t\t\t\t<h3 class=\"heading-secondary elementor-heading-title\">Ch\u00e8que disponible <\/h3>\t\t\t<\/div>\r\n\t\t\r\n\t\t\t\r\n\t\t\t\r\n\t\t\t\t\t<\/div>\r\n\t\t\t\t\t<\/div>\n\t\t\t\t<\/div>\n\t\t\t\t<div class=\"elementor-element elementor-element-5f10e38a elementor-widget elementor-widget-text-editor\" data-id=\"5f10e38a\" data-element_type=\"widget\" data-e-type=\"widget\" data-widget_type=\"text-editor.default\">\n\t\t\t\t\t\t\t\t\t<iframe border=\"0\" src=\"https:\/\/www.trip.com\/partners\/ad\/S6494511?Allianceid=4590391&#038;SID=273202182&#038;trip_sub1=\" style=\"width:1000px;height:200px\" frameborder=\"0\" scrolling=\"no\" id=\"S6494511\"><\/iframe>\t\t\t\t\t\t\t\t<\/div>\n\t\t\t\t\t<\/div>\n\t\t<\/div>\n\t\t\t\t\t<\/div>\n\t\t<\/section>\n\t\t\t\t<\/div>","protected":false},"excerpt":{"rendered":"<p>Kerry Hotel, Beijing: Premier Business Facilities in the Heart of China\u2019s Capital \u2013 Where Global Meetings Meet Seamless Execution Strategically positioned at No.1 Guanghua Road, Chaoyang District, Beijing, 100020, Kerry Hotel, Beijing isn\u2019t just a luxury hotel \u2014 it\u2019s a world-class business hub designed for executives, entrepreneurs, and global corporations seeking flawless event execution in [&hellip;]<\/p>\n","protected":false},"author":1,"featured_media":0,"parent":0,"menu_order":0,"comment_status":"closed","ping_status":"closed","template":"","meta":{"footnotes":""},"class_list":["post-2109","page","type-page","status-publish","hentry","post-no-thumbnail"],"_links":{"self":[{"href":"https:\/\/kerryhotelbeijing.com\/fr\/wp-json\/wp\/v2\/pages\/2109","targetHints":{"allow":["GET"]}}],"collection":[{"href":"https:\/\/kerryhotelbeijing.com\/fr\/wp-json\/wp\/v2\/pages"}],"about":[{"href":"https:\/\/kerryhotelbeijing.com\/fr\/wp-json\/wp\/v2\/types\/page"}],"author":[{"embeddable":true,"href":"https:\/\/kerryhotelbeijing.com\/fr\/wp-json\/wp\/v2\/users\/1"}],"replies":[{"embeddable":true,"href":"https:\/\/kerryhotelbeijing.com\/fr\/wp-json\/wp\/v2\/comments?post=2109"}],"version-history":[{"count":0,"href":"https:\/\/kerryhotelbeijing.com\/fr\/wp-json\/wp\/v2\/pages\/2109\/revisions"}],"wp:attachment":[{"href":"https:\/\/kerryhotelbeijing.com\/fr\/wp-json\/wp\/v2\/media?parent=2109"}],"curies":[{"name":"wp","href":"https:\/\/api.w.org\/{rel}","templated":true}]}}