{"id":2106,"date":"2021-03-25T04:08:26","date_gmt":"2021-03-25T04:08:26","guid":{"rendered":"http:\/\/localhost\/nuss\/?page_id=298"},"modified":"2025-11-11T14:47:18","modified_gmt":"2025-11-11T14:47:18","slug":"experiences","status":"publish","type":"page","link":"https:\/\/kerryhotelbeijing.com\/fr\/experiences\/","title":{"rendered":"Avis sur l&#039;h\u00f4tel Kerry \u00e0 P\u00e9kin"},"content":{"rendered":"<div data-elementor-type=\"wp-page\" data-elementor-id=\"2106\" class=\"elementor elementor-2106\">\n\t\t\t\t\t\t<section class=\"elementor-section elementor-top-section elementor-element elementor-element-1954ffc elementor-section-boxed elementor-section-gap-beside-yes elementor-section-height-default elementor-section-height-default elementor-section-column-vertical-align-stretch\" data-id=\"1954ffc\" data-element_type=\"section\" data-e-type=\"section\">\n\t\t\t\t\t\t<div class=\"elementor-container elementor-column-gap-extended\">\n\t\t\t\t\t<div class=\"elementor-column elementor-col-100 elementor-top-column elementor-element elementor-element-86aebc5\" data-id=\"86aebc5\" data-element_type=\"column\" data-e-type=\"column\">\n\t\t\t<div class=\"elementor-widget-wrap elementor-element-populated\">\n\t\t\t\t\t\t<div class=\"elementor-element elementor-element-11803d1 elementor-widget__width-initial elementor-invisible elementor-widget elementor-widget-text-editor\" data-id=\"11803d1\" data-element_type=\"widget\" data-e-type=\"widget\" data-settings=\"{&quot;_animation&quot;:&quot;nussFadeInUp&quot;}\" data-widget_type=\"text-editor.default\">\n\t\t\t\t\t\t\t\t\t<div class=\"svelte-1c06zsf\" data-lang-code=\"\">\n<p><strong data-spm-anchor-id=\"a2ty_o01.29997173.0.i46.4f03c921hZz1xG\">H\u00f4tel Kerry, P\u00e9kin\u00a0: T\u00e9moignages et avis de clients \u2013 Pourquoi les voyageurs attribuent-ils la note de 9,2\/10 \u00e0 ce joyau 5 \u00e9toiles du quartier central des affaires\u00a0?<\/strong><\/p>\n<\/div>\t\t\t\t\t\t\t\t<\/div>\n\t\t\t\t\t<\/div>\n\t\t<\/div>\n\t\t\t\t\t<\/div>\n\t\t<\/section>\n\t\t<div class=\"elementor-element elementor-element-95e7268 e-flex e-con-boxed e-con e-parent\" data-id=\"95e7268\" data-element_type=\"container\" data-e-type=\"container\">\n\t\t\t\t\t<div class=\"e-con-inner\">\n\t\t\t\t<div class=\"elementor-element elementor-element-bd47571 elementor-widget elementor-widget-image\" data-id=\"bd47571\" data-element_type=\"widget\" data-e-type=\"widget\" data-widget_type=\"image.default\">\n\t\t\t\t\t\t\t\t\t\t\t\t\t\t\t<img fetchpriority=\"high\" decoding=\"async\" width=\"1713\" height=\"1132\" src=\"https:\/\/kerryhotelbeijing.com\/wp-content\/uploads\/2025\/11\/reviews.jpg\" class=\"attachment-full size-full wp-image-7371\" alt=\"\" srcset=\"https:\/\/kerryhotelbeijing.com\/wp-content\/uploads\/2025\/11\/reviews.jpg 1713w, https:\/\/kerryhotelbeijing.com\/wp-content\/uploads\/2025\/11\/reviews-300x198.jpg 300w, https:\/\/kerryhotelbeijing.com\/wp-content\/uploads\/2025\/11\/reviews-1024x677.jpg 1024w, https:\/\/kerryhotelbeijing.com\/wp-content\/uploads\/2025\/11\/reviews-768x508.jpg 768w, https:\/\/kerryhotelbeijing.com\/wp-content\/uploads\/2025\/11\/reviews-1536x1015.jpg 1536w, https:\/\/kerryhotelbeijing.com\/wp-content\/uploads\/2025\/11\/reviews-18x12.jpg 18w\" sizes=\"(max-width: 1713px) 100vw, 1713px\" \/>\t\t\t\t\t\t\t\t\t\t\t\t\t\t\t<\/div>\n\t\t\t\t\t<\/div>\n\t\t\t\t<\/div>\n\t\t<div class=\"elementor-element elementor-element-3e39171 e-flex e-con-boxed e-con e-parent\" data-id=\"3e39171\" data-element_type=\"container\" data-e-type=\"container\">\n\t\t\t\t\t<div class=\"e-con-inner\">\n\t\t\t\t<div class=\"elementor-element elementor-element-7761d0c elementor-widget elementor-widget-text-editor\" data-id=\"7761d0c\" data-element_type=\"widget\" data-e-type=\"widget\" data-widget_type=\"text-editor.default\">\n\t\t\t\t\t\t\t\t\t<p data-spm-anchor-id=\"a2ty_o01.29997173.0.i45.4f03c921hZz1xG\">Nich\u00e9 \u00e0 <strong>No.1, route Guanghua, district de Chaoyang, P\u00e9kin, 100020<\/strong>, L&#039;h\u00f4tel Kerry de P\u00e9kin n&#039;est pas un simple h\u00f4tel de luxe\u00a0; c&#039;est un havre de paix urbain et dynamique qui ne cesse de recevoir des \u00e9loges de la part des voyageurs du monde entier. Dot\u00e9 d&#039;un service exceptionnel <strong>Note de 9,2\/10<\/strong> bas\u00e9 sur plus de <strong>2\u00a0354 avis clients v\u00e9rifi\u00e9s<\/strong> Sur Trip.com, cet \u00e9tablissement g\u00e9r\u00e9 par Shangri-La a consolid\u00e9 sa r\u00e9putation d&#039;h\u00f4tel parmi les plus fiables et les plus appr\u00e9ci\u00e9s de P\u00e9kin, que ce soit pour les voyages d&#039;affaires, de loisirs ou en famille.<\/p>\n<p>Que vous soyez en voyage d&#039;affaires pour une r\u00e9union importante, que vous exploriez la Cit\u00e9 interdite ou que vous voyagiez avec des enfants, l&#039;h\u00f4tel Kerry vous offre une exp\u00e9rience alliant confort moderne, service attentionn\u00e9 et emplacement de choix, le tout appuy\u00e9 par de v\u00e9ritables commentaires de voyageurs qui en disent long.<\/p>\n<div class=\"py-2 my-3\"><hr \/><\/div>\n<h3><strong>Les clients adorent l&#039;emplacement : \u00e0 distance de marche du c\u0153ur de P\u00e9kin.<\/strong><\/h3>\n<p>\u201c \u00c0 distance de marche de la plupart des b\u00e2timents \u201d : c&#039;est ainsi qu&#039;un client r\u00e9cent a r\u00e9sum\u00e9 l&#039;emplacement exceptionnel de l&#039;h\u00f4tel Kerry dans le quartier central des affaires de P\u00e9kin. Et il n&#039;est pas le seul.<\/p>\n<ul dir=\"auto\">\n<li><strong>Station de m\u00e9tro Jintaixizhao<\/strong> c&#039;est juste <strong>\u00e0 490 m\u00e8tres<\/strong>.<\/li>\n<li><strong>Gare de Guomao<\/strong> est un simple <strong>680 m\u00e8tres<\/strong> \u2014 vous pla\u00e7ant ainsi \u00e0 quelques minutes des ambassades, des si\u00e8ges sociaux de multinationales et des centres commerciaux comme le China World Mall.<\/li>\n<li>Principales attractions ? <strong>La Cit\u00e9 interdite<\/strong> et <strong>Place Tiananmen<\/strong> sont facilement accessibles par le m\u00e9tro, tandis que tendance <strong>Sanlitun<\/strong> Il suffit de quelques minutes en taxi.<\/li>\n<\/ul>\n<p>Comme l&#039;a fait remarquer un critique\u00a0: <em>\u201c L\u2019h\u00f4tel est situ\u00e9 dans le quartier central des affaires. La plupart des b\u00e2timents sont accessibles \u00e0 pied. \u201d<\/em> Pour les voyageurs d&#039;affaires, cela signifie moins de stress li\u00e9 aux transports et des heures plus productives. Pour les touristes, cela signifie un acc\u00e8s facile au dynamisme culturel et commercial de P\u00e9kin.<\/p>\n<div class=\"py-2 my-3\"><hr \/><\/div>\n<h3><strong>Buffet du petit-d\u00e9jeuner\u00a0: un point fort quotidien pl\u00e9biscit\u00e9 par presque tous les clients<\/strong><\/h3>\n<p>L&#039;un des avantages les plus souvent mentionn\u00e9s\u00a0? Le petit-d\u00e9jeuner. Une section d\u00e9di\u00e9e dans le r\u00e9sum\u00e9 des avis de Trip.com, bas\u00e9 sur l&#039;IA, met en avant\u00a0: \u201c\u00a0\u201c<strong>Petit-d\u00e9jeuner vari\u00e9<\/strong>,\u201d Il est clair que les clients reviennent pour le buffet du matin. \u00bb.<\/p>\n<ul dir=\"auto\">\n<li>Servi quotidiennement \u00e0 partir de <strong>06:30\u201310:30<\/strong>, le buffet propose <strong>Cuisines occidentale, chinoise et asiatique<\/strong> \u2014 Imaginez des cr\u00eapes moelleuses, des dim sum, du congee, des fruits frais et des omelettes pr\u00e9par\u00e9es \u00e0 la demande.<\/li>\n<li>Les clients sont dithyrambiques \u00e0 propos de <strong>fra\u00eecheur, vari\u00e9t\u00e9 et plats du menu qui changent tous les jours<\/strong>. Un voyageur a \u00e9crit : <em>\u201c Le buffet du petit-d\u00e9jeuner \u00e9tait d\u00e9licieux et copieux, avec de nouveaux plats chaque jour. \u201d<\/em><\/li>\n<li>Les prix sont raisonnables : <strong>208 CNY par adulte<\/strong>, avec des tarifs enfants disponibles \u2014 et de nombreux clients s&#039;accordent \u00e0 dire que cela vaut chaque yuan.<\/li>\n<\/ul>\n<p>Pour ceux qui pr\u00e9f\u00e8rent d\u00eener sur place, <strong>service de chambre<\/strong> Il obtient \u00e9galement d&#039;excellentes notes, notamment pour ses options gourmandes comme le \u201c double burger au b\u0153uf wagyu \u201d salu\u00e9 par DinaIlima en juillet 2025.<\/p>\n<div class=\"py-2 my-3\"><hr \/><\/div>\n<h3><strong>L&#039;excellence au service des familles : l\u00e0 o\u00f9 les enfants sont trait\u00e9s comme des VIP<\/strong><\/h3>\n<p>L&#039;h\u00f4tel Kerry n&#039;est pas seulement tol\u00e9rant envers les enfants, il les adore. Les familles lui attribuent r\u00e9guli\u00e8rement d&#039;excellentes notes pour son <strong>des \u00e9quipements adapt\u00e9s aux enfants et un personnel chaleureux<\/strong>.<\/p>\n<ul dir=\"auto\">\n<li><strong>Chambres sur le th\u00e8me de Jiabao<\/strong> Les mod\u00e8les Panda et Boy enchantent les jeunes h\u00f4tes avec un d\u00e9cor ludique et des am\u00e9nagements chaleureux, parfaits pour les histoires du soir apr\u00e8s une journ\u00e9e de visites.<\/li>\n<li>Sur place <strong>piscine pour enfants, aire de jeux et jouets<\/strong> Divertir les petits.<\/li>\n<li>Le personnel se surpasse : <em>\u201c L\u2019attention port\u00e9e aux enfants par le personnel\u2026 en fait un choix populaire aupr\u00e8s des familles. \u201d<\/em> Notes du r\u00e9sum\u00e9 des avis de Trip.com bas\u00e9 sur l&#039;IA.<\/li>\n<\/ul>\n<p>Un parent a partag\u00e9 : <em>\u201c L\u2019h\u00f4tel propose diverses prestations et activit\u00e9s destin\u00e9es aux familles\u2026 la mise \u00e0 disposition de jouets et d\u2019activit\u00e9s en fait un choix populaire. \u201d<\/em><\/p>\n<p>Que vous voyagiez avec des tout-petits ou des adolescents, l&#039;h\u00f4tel Kerry veille \u00e0 ce que chacun se sente le bienvenu et bien nourri.<\/p>\n<div class=\"py-2 my-3\"><hr \/><\/div>\n<h3><strong>Un service exceptionnel\u00a0: courtois, r\u00e9actif et personnalis\u00e9<\/strong><\/h3>\n<p>Dans une ville r\u00e9put\u00e9e pour son \u00e9nergie d\u00e9bordante, le personnel de l&#039;h\u00f4tel Kerry offre un service calme, courtois et efficace \u2013 un d\u00e9tail qui ne passe pas inaper\u00e7u.<\/p>\n<ul dir=\"auto\">\n<li><strong>personnel de la r\u00e9ception<\/strong> sont r\u00e9guli\u00e8rement d\u00e9crits comme \u201c polis et serviables \u201d, \u201c tr\u00e8s r\u00e9actifs \u201d et \u201c \u00e0 votre service \u201d.\u201d<\/li>\n<li><strong>Services de conciergerie et de r\u00e9servation d&#039;excursions<\/strong> nous aider pour tout, des r\u00e9servations de restaurant aux billets pour la Grande Muraille.<\/li>\n<li><strong>R\u00e9ception ouverte 24h\/24<\/strong> et <strong>enregistrement\/d\u00e9part express<\/strong> s&#039;adapter aux l\u00e8ve-t\u00f4t et aux retardataires.<\/li>\n<\/ul>\n<p>Si certains clients sugg\u00e8rent des am\u00e9liorations mineures (\u201c am\u00e9liorer la qualit\u00e9 du service \u00e0 la r\u00e9ception \u201d), le consensus g\u00e9n\u00e9ral est positif. Comme l&#039;a d\u00e9clar\u00e9 Richard Franklin Wong en octobre 2025\u00a0: <em>\u201c\u00a0H\u00f4tel excellent avec de superbes prestations. Le service client \u00e9tait encore meilleur. Un s\u00e9jour vraiment merveilleux.\u00a0\u201d<\/em><\/p>\n<div class=\"py-2 my-3\"><hr \/><\/div>\n<h3><strong>Propret\u00e9 et confort\u00a0: Chambres spacieuses avec des touches modernes<\/strong><\/h3>\n<p>Avec <strong>486 chambres<\/strong> \u2014 y compris les suites Club Floor avec acc\u00e8s exclusif au salon \u2014 l&#039;h\u00f4tel Kerry allie confort et design contemporain.<\/p>\n<ul dir=\"auto\">\n<li><strong>Agencements spacieux<\/strong> (\u00e0 partir de 38 m\u00b2), literie moelleuse et grandes fen\u00eatres offrant <strong>vues sur la ville ou le jardin<\/strong>.<\/li>\n<li>\u00c9quipements \u00e0 la pointe de la technologie\u00a0: <strong>T\u00e9l\u00e9viseurs intelligents de 40 pouces, Wi-Fi gratuit, coffres-forts \u00e9lectroniques et lignes t\u00e9l\u00e9phoniques internationales<\/strong>.<\/li>\n<li><strong>clients du Club Floor<\/strong> Profitez d&#039;un enregistrement priv\u00e9, d&#039;un d\u00e9part tardif, d&#039;un petit-d\u00e9jeuner offert et d&#039;un acc\u00e8s au salon ex\u00e9cutif \u2013 id\u00e9al pour les voyageurs d&#039;affaires ayant besoin d&#039;espaces de travail calmes ou d&#039;opportunit\u00e9s de r\u00e9seautage.<\/li>\n<\/ul>\n<p>Les \u00e9valuateurs attribuent syst\u00e9matiquement une note de propret\u00e9 \u00e0 <strong>9.4\/10<\/strong>, avec des commentaires comme : <em>\u201c D\u2019une propret\u00e9 exceptionnelle \u201d, \u201c Des salles de bains impeccables \u201d et \u201c Aucune poussi\u00e8re nulle part \u201d.\u201d<\/em><\/p>\n<div class=\"py-2 my-3\"><hr \/><\/div>\n<h3><strong>Restauration et vie nocturne\u00a0: de l\u2019\u00e9l\u00e9gance cantonaise aux cocktails jazz<\/strong><\/h3>\n<p>L&#039;h\u00f4tel Kerry <strong>cinq restaurants<\/strong> Vous n&#039;aurez jamais besoin de quitter les lieux, sauf si vous le souhaitez.<\/p>\n<ul dir=\"auto\">\n<li><strong>Restaurant chinois Horizon<\/strong>: Sp\u00e9cialis\u00e9 dans <strong>Cuisine cantonaise, p\u00e9kinoise et sichuanaise<\/strong> \u2014 un lieu de pr\u00e9dilection pour ses saveurs locales authentiques.<\/li>\n<li><strong>La cuisine de Kerry<\/strong>Restauration toute la journ\u00e9e avec des plats du monde entier, parfait pour des repas d\u00e9contract\u00e9s.<\/li>\n<li><strong>Centro Bar<\/strong>: Un <strong>salon prim\u00e9<\/strong> Avec du jazz en direct, des cocktails artisanaux et des vins fins, l&#039;endroit id\u00e9al pour se d\u00e9tendre apr\u00e8s une longue journ\u00e9e.<\/li>\n<li><strong>Le garde-manger de Kerry<\/strong>: Prenez des p\u00e2tisseries artisanales, du caf\u00e9 ou des en-cas l\u00e9gers \u00e0 emporter.<\/li>\n<\/ul>\n<p>Les clients appr\u00e9cient la vari\u00e9t\u00e9\u00a0: <em>\u201c Le restaurant de l&#039;h\u00f4tel et le service en chambre sont \u00e9galement r\u00e9put\u00e9s pour proposer des repas d\u00e9licieux. \u201d<\/em> d&#039;apr\u00e8s l&#039;analyse IA de Trip.com.<\/p>\n<div class=\"py-2 my-3\"><hr \/><\/div>\n<h3><strong>Bien-\u00eatre et loisirs : Restez actif ou d\u00e9tendez-vous avec style<\/strong><\/h3>\n<p>Que vous souhaitiez faire une s\u00e9ance d&#039;entra\u00eenement entre deux r\u00e9unions ou vous d\u00e9tendre dans un bain \u00e0 remous apr\u00e8s une journ\u00e9e de visites, l&#039;h\u00f4tel Kerry r\u00e9pond \u00e0 tous vos besoins.<\/p>\n<ul dir=\"auto\">\n<li><strong>Piscine int\u00e9rieure chauff\u00e9e<\/strong> et <strong>piscine pour enfants<\/strong>.<\/li>\n<li><strong>Salle de sport ultramoderne<\/strong>, <strong>courts de tennis et de basketball<\/strong>, <strong>tennis de table<\/strong>, et <strong>court de squash<\/strong>.<\/li>\n<li><strong>Salle de massage, sauna, hammam et jacuzzi<\/strong> Pour une d\u00e9tente ultime.<\/li>\n<li><strong>Piste de jogging ext\u00e9rieure<\/strong> pour faire du sport en plein air.<\/li>\n<\/ul>\n<p>Comme l&#039;a dit un invit\u00e9 : <em>\u201c Les clients peuvent garder la forme\u2026 faire un plongeon dans la piscine int\u00e9rieure\u2026 se faire masser ou d\u00e9fier des amis \u00e0 une partie de billard. \u201d<\/em><\/p>\n<div class=\"py-2 my-3\"><hr \/><\/div>\n<h3><strong>Ce que les clients souhaiteraient am\u00e9liorer<\/strong><\/h3>\n<p>M\u00eame les h\u00f4tels les mieux not\u00e9s peuvent encore progresser. D&#039;apr\u00e8s l&#039;analyse par IA de Trip.com portant sur 61 suggestions de clients\u00a0:<\/p>\n<ul dir=\"auto\">\n<li>Certains clients recommandent <strong>modernisation des installations plus anciennes<\/strong> (en particulier dans les chambres non-Club).<\/li>\n<li>Quelques remarques indiquent que <strong>Politiques de stationnement<\/strong> pourrait \u00eatre plus clair (parking public hors site disponible \u00e0 10 CNY\/heure).<\/li>\n<li>Un petit nombre sugg\u00e8re <strong>am\u00e9liorer l&#039;efficacit\u00e9 de la r\u00e9ception<\/strong> pendant les heures de pointe d&#039;enregistrement.<\/li>\n<\/ul>\n<p>Ce ne sont que des d\u00e9tails mineurs dans une exp\u00e9rience par ailleurs exceptionnelle, et ils sont souvent pris en charge par l&#039;\u00e9quipe de direction proactive de l&#039;h\u00f4tel.<\/p>\n<div class=\"py-2 my-3\"><hr \/><\/div>\n<h3><strong>Verdict final\u00a0: Pourquoi l\u2019h\u00f4tel Kerry de P\u00e9kin m\u00e9rite sa note de 9,2\/10<\/strong><\/h3>\n<p>Gr\u00e2ce \u00e0 son emplacement exceptionnel au c\u0153ur du quartier des affaires, son charme familial, sa cuisine gastronomique, ses installations de bien-\u00eatre et son service exceptionnel, l&#039;h\u00f4tel Kerry de P\u00e9kin offre une exp\u00e9rience 5 \u00e9toiles qui s\u00e9duit les voyageurs du monde entier.<\/p>\n<p>Comme l&#039;a r\u00e9sum\u00e9 Anne LW en novembre 2025\u00a0: <em>\u201c Service exceptionnel\u2026 chambre charmante avec une douche immense\u2026 le buffet du petit-d\u00e9jeuner \u00e9tait d\u00e9licieux\u2026 Je recommande vivement cet h\u00f4tel et j\u2019y retournerai sans h\u00e9siter. \u201d<\/em><\/p>\n<p>Que vous soyez en visite pour affaires, pour le plaisir ou les deux \u2014 <strong>H\u00f4tel Kerry, P\u00e9kin<\/strong> Il offre un parfait \u00e9quilibre entre commodit\u00e9, confort et charme. R\u00e9servez votre s\u00e9jour d\u00e8s aujourd&#039;hui et d\u00e9couvrez pourquoi des milliers de voyageurs y reviennent chaque ann\u00e9e.<\/p>\n<p><strong>Planifiez votre s\u00e9jour id\u00e9al\u00a0:<\/strong> \ud83d\udccd <strong>Adresse<\/strong>: No.1 Guanghua Road, district de Chaoyang, P\u00e9kin, 100020, Chine<br \/>\ud83d\udcde <strong>T\u00e9l\u00e9phone<\/strong>: +86-10-65618833<br \/>\ud83c\udf10 <strong>Site web<\/strong>: <a href=\"https:\/\/kerryhotelbeijing.com\/fr\/\" target=\"_blank\" rel=\"nofollow noopener\">https:\/\/kerryhotelbeijing.com <\/a><\/p>\n<p data-spm-anchor-id=\"a2ty_o01.29997173.0.i44.4f03c921hZz1xG\"><em>V\u00e9rifiez les disponibilit\u00e9s et r\u00e9servez votre chambre d\u00e8s maintenant \u2014 la derni\u00e8re r\u00e9servation date d&#039;il y a seulement 12 minutes !<\/em><\/p>\t\t\t\t\t\t\t\t<\/div>\n\t\t\t\t\t<\/div>\n\t\t\t\t<\/div>\n\t\t\t\t<section class=\"elementor-section elementor-top-section elementor-element elementor-element-27ac2068 elementor-section-stretched elementor-section-boxed elementor-section-gap-beside-yes elementor-section-height-default elementor-section-height-default elementor-section-column-vertical-align-stretch\" data-id=\"27ac2068\" data-element_type=\"section\" data-e-type=\"section\" data-settings=\"{&quot;background_background&quot;:&quot;classic&quot;,&quot;stretch_section&quot;:&quot;section-stretched&quot;}\">\n\t\t\t\t\t\t<div class=\"elementor-container elementor-column-gap-extended\">\n\t\t\t\t\t<div class=\"elementor-column elementor-col-100 elementor-top-column elementor-element elementor-element-39dc6c9a\" data-id=\"39dc6c9a\" data-element_type=\"column\" data-e-type=\"column\">\n\t\t\t<div class=\"elementor-widget-wrap elementor-element-populated\">\n\t\t\t\t\t\t<div class=\"elementor-element elementor-element-103db9a7 elementor-widget elementor-widget-nuss-heading\" data-id=\"103db9a7\" data-element_type=\"widget\" data-e-type=\"widget\" data-widget_type=\"nuss-heading.default\">\n\t\t\t\t<div class=\"elementor-widget-container\">\n\t\t\t\t\t\t\t<div class=\"nuss-modern-heading\">\r\n\t\t\t\t\t\t<div class=\"heading-secondary-wrap\">\r\n\t\t\t\t<h3 class=\"heading-secondary elementor-heading-title\">Ch\u00e8que disponible <\/h3>\t\t\t<\/div>\r\n\t\t\r\n\t\t\t\r\n\t\t\t\r\n\t\t\t\t\t<\/div>\r\n\t\t\t\t\t<\/div>\n\t\t\t\t<\/div>\n\t\t\t\t<div class=\"elementor-element elementor-element-7eb12fb4 elementor-widget elementor-widget-text-editor\" data-id=\"7eb12fb4\" data-element_type=\"widget\" data-e-type=\"widget\" data-widget_type=\"text-editor.default\">\n\t\t\t\t\t\t\t\t\t<iframe border=\"0\" src=\"https:\/\/www.trip.com\/partners\/ad\/S6494511?Allianceid=4590391&#038;SID=273202182&#038;trip_sub1=\" style=\"width:1000px;height:200px\" frameborder=\"0\" scrolling=\"no\" id=\"S6494511\"><\/iframe>\t\t\t\t\t\t\t\t<\/div>\n\t\t\t\t\t<\/div>\n\t\t<\/div>\n\t\t\t\t\t<\/div>\n\t\t<\/section>\n\t\t\t\t<\/div>","protected":false},"excerpt":{"rendered":"<p>Kerry Hotel, Beijing: Real Guest Experiences &amp; Reviews \u2013 Why Travelers Rate This 5-Star CBD Gem 9.2\/10 Nestled at No.1 Guanghua Road, Chaoyang District, Beijing, 100020, Kerry Hotel, Beijing isn\u2019t just another luxury hotel \u2014 it\u2019s a vibrant urban sanctuary that consistently earns glowing praise from global travelers. With an outstanding 9.2\/10 rating based on [&hellip;]<\/p>\n","protected":false},"author":1,"featured_media":0,"parent":0,"menu_order":0,"comment_status":"closed","ping_status":"closed","template":"","meta":{"footnotes":""},"class_list":["post-2106","page","type-page","status-publish","hentry","post-no-thumbnail"],"_links":{"self":[{"href":"https:\/\/kerryhotelbeijing.com\/fr\/wp-json\/wp\/v2\/pages\/2106","targetHints":{"allow":["GET"]}}],"collection":[{"href":"https:\/\/kerryhotelbeijing.com\/fr\/wp-json\/wp\/v2\/pages"}],"about":[{"href":"https:\/\/kerryhotelbeijing.com\/fr\/wp-json\/wp\/v2\/types\/page"}],"author":[{"embeddable":true,"href":"https:\/\/kerryhotelbeijing.com\/fr\/wp-json\/wp\/v2\/users\/1"}],"replies":[{"embeddable":true,"href":"https:\/\/kerryhotelbeijing.com\/fr\/wp-json\/wp\/v2\/comments?post=2106"}],"version-history":[{"count":0,"href":"https:\/\/kerryhotelbeijing.com\/fr\/wp-json\/wp\/v2\/pages\/2106\/revisions"}],"wp:attachment":[{"href":"https:\/\/kerryhotelbeijing.com\/fr\/wp-json\/wp\/v2\/media?parent=2106"}],"curies":[{"name":"wp","href":"https:\/\/api.w.org\/{rel}","templated":true}]}}