{"id":2105,"date":"2021-03-24T07:25:45","date_gmt":"2021-03-24T07:25:45","guid":{"rendered":"http:\/\/localhost\/nuss\/?page_id=235"},"modified":"2025-11-11T14:18:21","modified_gmt":"2025-11-11T14:18:21","slug":"faq","status":"publish","type":"page","link":"https:\/\/kerryhotelbeijing.com\/fr\/faq\/","title":{"rendered":"FAQ"},"content":{"rendered":"<div data-elementor-type=\"wp-page\" data-elementor-id=\"2105\" class=\"elementor elementor-2105\">\n\t\t\t\t\t\t<section class=\"elementor-section elementor-top-section elementor-element elementor-element-2a96a73 elementor-section-boxed elementor-section-gap-beside-yes elementor-section-height-default elementor-section-height-default elementor-section-column-vertical-align-stretch\" data-id=\"2a96a73\" data-element_type=\"section\" data-e-type=\"section\">\n\t\t\t\t\t\t<div class=\"elementor-container elementor-column-gap-extended\">\n\t\t\t\t\t<div class=\"elementor-column elementor-col-100 elementor-top-column elementor-element elementor-element-98ef20c\" data-id=\"98ef20c\" data-element_type=\"column\" data-e-type=\"column\">\n\t\t\t<div class=\"elementor-widget-wrap elementor-element-populated\">\n\t\t\t\t\t\t<div class=\"elementor-element elementor-element-97088c0 elementor-widget__width-initial elementor-invisible elementor-widget elementor-widget-text-editor\" data-id=\"97088c0\" data-element_type=\"widget\" data-e-type=\"widget\" data-settings=\"{&quot;_animation&quot;:&quot;nussFadeInUp&quot;}\" data-widget_type=\"text-editor.default\">\n\t\t\t\t\t\t\t\t\t<p>Vous trouverez ci-dessous une liste des questions les plus fr\u00e9quemment pos\u00e9es par nos clients.<\/p>\t\t\t\t\t\t\t\t<\/div>\n\t\t\t\t\t<\/div>\n\t\t<\/div>\n\t\t\t\t\t<\/div>\n\t\t<\/section>\n\t\t\t\t<section class=\"elementor-section elementor-top-section elementor-element elementor-element-b184647 elementor-section-gap-beside-no elementor-section-boxed elementor-section-height-default elementor-section-height-default elementor-section-column-vertical-align-stretch\" data-id=\"b184647\" data-element_type=\"section\" data-e-type=\"section\">\n\t\t\t\t\t\t<div class=\"elementor-container elementor-column-gap-extended\">\n\t\t\t\t\t<div class=\"elementor-column elementor-col-100 elementor-top-column elementor-element elementor-element-1d49749\" data-id=\"1d49749\" data-element_type=\"column\" data-e-type=\"column\">\n\t\t\t<div class=\"elementor-widget-wrap elementor-element-populated\">\n\t\t\t\t\t\t<div class=\"elementor-element elementor-element-b986a9e elementor-invisible elementor-widget elementor-widget-nuss-heading\" data-id=\"b986a9e\" data-element_type=\"widget\" data-e-type=\"widget\" data-settings=\"{&quot;_animation&quot;:&quot;nussFadeInUp&quot;}\" data-widget_type=\"nuss-heading.default\">\n\t\t\t\t<div class=\"elementor-widget-container\">\n\t\t\t\t\t\t\t<div class=\"nuss-modern-heading\">\r\n\t\t\t\r\n\t\t\t\t\t\t<div class=\"heading-primary-wrap\">\r\n\t\t\t\t<h4 class=\"heading-primary elementor-heading-title\">FAQ<\/h4>\t\t\t<\/div>\r\n\t\t\r\n\t\t\t\t\t\t<div class=\"heading-divider-wrap\">\r\n\t\t\t\t<div class=\"heading-divider\" style=\"left: 0px;top: 6px\"><\/div>\r\n\t\t\t<\/div>\r\n\t\r\n\t\t\t\t\t<\/div>\r\n\t\t\t\t\t<\/div>\n\t\t\t\t<\/div>\n\t\t\t\t<div class=\"elementor-element elementor-element-50f0733 elementor-invisible elementor-widget elementor-widget-heading\" data-id=\"50f0733\" data-element_type=\"widget\" data-e-type=\"widget\" data-settings=\"{&quot;_animation&quot;:&quot;nussFadeInUp&quot;}\" data-widget_type=\"heading.default\">\n\t\t\t\t\t<h2 class=\"elementor-heading-title elementor-size-default\">Questions et r\u00e9ponses<\/h2>\t\t\t\t<\/div>\n\t\t\t\t<div class=\"elementor-element elementor-element-2aee4a2 elementor-widget elementor-widget-text-editor\" data-id=\"2aee4a2\" data-element_type=\"widget\" data-e-type=\"widget\" data-widget_type=\"text-editor.default\">\n\t\t\t\t\t\t\t\t\t<h3><strong data-spm-anchor-id=\"a2ty_o01.29997173.0.i49.4f03c921hZz1xG\">1. Quels sont les horaires d&#039;arriv\u00e9e et de d\u00e9part\u00a0?<\/strong><\/h3><p>L&#039;enregistrement se fait \u00e0 partir de <strong>14:00<\/strong>, et le paiement se fait par <strong>12:00<\/strong>. La r\u00e9ception est ouverte 24h\/24 et 7j\/7.<\/p><div class=\"py-2 my-3\"><hr \/><\/div><h3><strong>2. L&#039;h\u00f4tel poss\u00e8de-t-il une piscine ?<\/strong><\/h3><p>Oui, l&#039;h\u00f4tel Kerry dispose d&#039;un <strong>piscine int\u00e9rieure chauff\u00e9e<\/strong> et un s\u00e9par\u00e9 <strong>piscine pour enfants<\/strong>.<\/p><div class=\"py-2 my-3\"><hr \/><\/div><h3><strong>3. Le petit-d\u00e9jeuner est-il inclus dans le prix de la chambre\u00a0?<\/strong><\/h3><p>Le petit-d\u00e9jeuner est <strong>non inclus<\/strong> au tarif standard des chambres. Il est disponible sous forme de buffet pour <strong>208 CNY par adulte<\/strong> (enfants de 11 ans et moins : 104 CNY).<\/p><div class=\"py-2 my-3\"><hr \/><\/div><h3><strong>4. Quels sont les horaires du petit-d\u00e9jeuner ?<\/strong><\/h3><p>Le petit-d\u00e9jeuner est servi tous les jours \u00e0 partir de <strong>06h30 \u00e0 10h30<\/strong>.<\/p><div class=\"py-2 my-3\"><hr \/><\/div><h3><strong>5. Les animaux de compagnie sont-ils autoris\u00e9s ?<\/strong><\/h3><p>Non, <strong>Les animaux de compagnie ne sont pas admis.<\/strong> \u00e0 l&#039;h\u00f4tel Kerry, \u00e0 P\u00e9kin.<\/p><div class=\"py-2 my-3\"><hr \/><\/div><h3><strong>6. L&#039;h\u00f4tel propose-t-il un service de transfert a\u00e9roport ?<\/strong><\/h3><p>Oui, <strong>Prise en charge et d\u00e9pose prioritaires \u00e0 l&#039;a\u00e9roport<\/strong> Ces services sont disponibles moyennant un suppl\u00e9ment. La r\u00e9servation est recommand\u00e9e.<\/p><div class=\"py-2 my-3\"><hr \/><\/div><h3><strong>7. \u00c0 quelle distance se trouve l&#039;h\u00f4tel de l&#039;a\u00e9roport international de P\u00e9kin-Capitale\u00a0?<\/strong><\/h3><p>Environ <strong>24,6 km<\/strong> (environ 38 minutes en voiture).<\/p><div class=\"py-2 my-3\"><hr \/><\/div><h3><strong>8. Quelle est la station de m\u00e9tro la plus proche ?<\/strong><\/h3><p><strong>Gare de Jintaixizhao<\/strong> c&#039;est juste <strong>\u00e0 490 m\u00e8tres<\/strong> (Environ 6 \u00e0 8 minutes \u00e0 pied). La gare de Guomao se trouve \u00e0 680 m.<\/p><div class=\"py-2 my-3\"><hr \/><\/div><h3><strong>9. L&#039;h\u00f4tel dispose-t-il d&#039;un parking ?<\/strong><\/h3><p>Oui, <strong>parking public hors site<\/strong> est disponible pour <strong>10 CNY\/heure<\/strong>. Les r\u00e9servations ne sont pas possibles.<\/p><div class=\"py-2 my-3\"><hr \/><\/div><h3><strong>10. Existe-t-il des \u00e9quipements adapt\u00e9s aux familles\u00a0?<\/strong><\/h3><p>Absolument ! Fonctionnalit\u00e9s : <strong>Chambres sur le th\u00e8me de Jiabao (Panda &amp; Boy)<\/strong>, un <strong>aire de jeux pour enfants<\/strong>, <strong>peignoirs\/chaussons pour enfants<\/strong>, et un <strong>piscine pour enfants<\/strong>.<\/p><div class=\"py-2 my-3\"><hr \/><\/div><h3><strong>11. Puis-je r\u00e9server une chambre avec vue sur la ville ou sur le jardin\u00a0?<\/strong><\/h3><p>Oui, la plupart des chambres proposent soit <strong>vues sur la ville ou le jardin<\/strong> \u2014 Veuillez pr\u00e9ciser votre pr\u00e9f\u00e9rence lors de la r\u00e9servation.<\/p><div class=\"py-2 my-3\"><hr \/><\/div><h3><strong>12. Quelles sont les options de restauration disponibles sur place ?<\/strong><\/h3><p>Cinq lieux :<\/p><ul dir=\"auto\"><li><strong>Restaurant chinois Horizon<\/strong> (cantonais, Sichuan, P\u00e9kin)<\/li><li><strong>La cuisine de Kerry<\/strong> (buffet international toute la journ\u00e9e)<\/li><li><strong>Le garde-manger de Kerry<\/strong> (En-cas et caf\u00e9)<\/li><li><strong>Centro Bar<\/strong> (Cocktails prim\u00e9s + jazz en direct)<\/li><li><strong>Restaurant Jiaxiang<\/strong> (sp\u00e9cialit\u00e9s locales)<\/li><\/ul><div class=\"py-2 my-3\"><hr \/><\/div><h3><strong>13. Le Wi-Fi est-il gratuit ?<\/strong><\/h3><p>Oui, <strong>Wi-Fi haut d\u00e9bit gratuit<\/strong> est disponible dans toutes les chambres et les espaces communs.<\/p><div class=\"py-2 my-3\"><hr \/><\/div><h3><strong>14. L&#039;h\u00f4tel dispose-t-il d&#039;une salle de sport ou d&#039;un centre de remise en forme ?<\/strong><\/h3><p>Oui, un <strong>salle de sport ultramoderne<\/strong> Avec des \u00e9quipements de cardio, de musculation, de yoga et des entra\u00eeneurs personnels. Comprend \u00e9galement des courts de tennis, de basketball, de squash et de ping-pong.<\/p><div class=\"py-2 my-3\"><hr \/><\/div><h3><strong>15. Existe-t-il des installations pour les entreprises ?<\/strong><\/h3><p>Oui \u2014 termin\u00e9 <strong>6 000 m\u00b2 d&#039;espace MICE<\/strong>, L&#039;\u00e9tablissement comprend 10 salles de r\u00e9ception, une grande salle de bal sans piliers, la salle de bal Kowloon et un jardin sur le toit. Les clients du Club Floor b\u00e9n\u00e9ficient d&#039;un acc\u00e8s gratuit aux salles de r\u00e9union.<\/p><div class=\"py-2 my-3\"><hr \/><\/div><h3><strong>16. Qu&#039;est-ce que le Club Floor ?<\/strong><\/h3><p>L&#039;\u00e9tage Club propose <strong>avantages exclusifs<\/strong>: enregistrement\/d\u00e9part priv\u00e9s, d\u00e9part tardif, acc\u00e8s au salon ex\u00e9cutif (petit-d\u00e9jeuner, th\u00e9 de l&#039;apr\u00e8s-midi, cocktails en soir\u00e9e) et utilisation de la salle de r\u00e9union pendant 2 heures.<\/p><div class=\"py-2 my-3\"><hr \/><\/div><h3><strong>17. Existe-t-il un service de conciergerie ou de r\u00e9servation d&#039;excursions ?<\/strong><\/h3><p>Oui, le <strong>Concierge disponible 24h\/24<\/strong> aide \u00e0 r\u00e9server des restaurants, des taxis, et <strong>organisation de visites\/billetterie<\/strong>.<\/p><div class=\"py-2 my-3\"><hr \/><\/div><h3><strong>18. Quelles langues parlent les employ\u00e9s ?<\/strong><\/h3><p>Le personnel parle <strong>Anglais et mandarin<\/strong>. Des outils de traduction sont \u00e9galement disponibles \u00e0 la r\u00e9ception.<\/p><div class=\"py-2 my-3\"><hr \/><\/div><h3><strong>19. Quelle est la politique de d\u00e9p\u00f4t ?<\/strong><\/h3><p>Un d\u00e9p\u00f4t de <strong>500 CNY par nuit<\/strong> Un justificatif de pr\u00e9sence est exig\u00e9 lors de l&#039;enregistrement. Il est remboursable dans les 7 jours suivant le d\u00e9part, selon le mode de paiement initial.<\/p><div class=\"py-2 my-3\"><hr \/><\/div><h3><strong>20. Puis-je demander un lit suppl\u00e9mentaire ou un lit b\u00e9b\u00e9 ?<\/strong><\/h3><p data-spm-anchor-id=\"a2ty_o01.29997173.0.i52.4f03c921hZz1xG\">Des lits d&#039;appoint et des lits b\u00e9b\u00e9 sont disponibles. <strong>en fonction du type de chambre<\/strong>. Les conditions varient \u2014 veuillez consulter les d\u00e9tails sp\u00e9cifiques de la chambre ou contacter directement l&#039;h\u00f4tel pour conna\u00eetre les disponibilit\u00e9s et les tarifs.<\/p>\t\t\t\t\t\t\t\t<\/div>\n\t\t\t\t\t<\/div>\n\t\t<\/div>\n\t\t\t\t\t<\/div>\n\t\t<\/section>\n\t\t\t\t<section class=\"elementor-section elementor-top-section elementor-element elementor-element-10534092 elementor-section-stretched elementor-section-boxed elementor-section-gap-beside-yes elementor-section-height-default elementor-section-height-default elementor-section-column-vertical-align-stretch\" data-id=\"10534092\" data-element_type=\"section\" data-e-type=\"section\" data-settings=\"{&quot;background_background&quot;:&quot;classic&quot;,&quot;stretch_section&quot;:&quot;section-stretched&quot;}\">\n\t\t\t\t\t\t<div class=\"elementor-container elementor-column-gap-extended\">\n\t\t\t\t\t<div class=\"elementor-column elementor-col-100 elementor-top-column elementor-element elementor-element-17f68aaa\" data-id=\"17f68aaa\" data-element_type=\"column\" data-e-type=\"column\">\n\t\t\t<div class=\"elementor-widget-wrap elementor-element-populated\">\n\t\t\t\t\t\t<div class=\"elementor-element elementor-element-1e35b37f elementor-widget elementor-widget-nuss-heading\" data-id=\"1e35b37f\" data-element_type=\"widget\" data-e-type=\"widget\" data-widget_type=\"nuss-heading.default\">\n\t\t\t\t<div class=\"elementor-widget-container\">\n\t\t\t\t\t\t\t<div class=\"nuss-modern-heading\">\r\n\t\t\t\t\t\t<div class=\"heading-secondary-wrap\">\r\n\t\t\t\t<h3 class=\"heading-secondary elementor-heading-title\">Ch\u00e8que disponible <\/h3>\t\t\t<\/div>\r\n\t\t\r\n\t\t\t\r\n\t\t\t\r\n\t\t\t\t\t<\/div>\r\n\t\t\t\t\t<\/div>\n\t\t\t\t<\/div>\n\t\t\t\t<div class=\"elementor-element elementor-element-10e960ae elementor-widget elementor-widget-text-editor\" data-id=\"10e960ae\" data-element_type=\"widget\" data-e-type=\"widget\" data-widget_type=\"text-editor.default\">\n\t\t\t\t\t\t\t\t\t<iframe border=\"0\" src=\"https:\/\/www.trip.com\/partners\/ad\/S6494511?Allianceid=4590391&#038;SID=273202182&#038;trip_sub1=\" style=\"width:1000px;height:200px\" frameborder=\"0\" scrolling=\"no\" id=\"S6494511\"><\/iframe>\t\t\t\t\t\t\t\t<\/div>\n\t\t\t\t\t<\/div>\n\t\t<\/div>\n\t\t\t\t\t<\/div>\n\t\t<\/section>\n\t\t\t\t<\/div>","protected":false},"excerpt":{"rendered":"<p>Below, you will find a list of the questions most frequently asked by our guests. FAQ&#8217;S Questions &amp; Answers 1. What are the check-in and check-out times? Check-in is from 14:00, and check-out is by 12:00. The front desk operates 24\/7. 2. Does the hotel have a swimming pool? Yes, Kerry Hotel features a heated [&hellip;]<\/p>\n","protected":false},"author":1,"featured_media":0,"parent":0,"menu_order":0,"comment_status":"closed","ping_status":"closed","template":"","meta":{"footnotes":""},"class_list":["post-2105","page","type-page","status-publish","hentry","post-no-thumbnail"],"_links":{"self":[{"href":"https:\/\/kerryhotelbeijing.com\/fr\/wp-json\/wp\/v2\/pages\/2105","targetHints":{"allow":["GET"]}}],"collection":[{"href":"https:\/\/kerryhotelbeijing.com\/fr\/wp-json\/wp\/v2\/pages"}],"about":[{"href":"https:\/\/kerryhotelbeijing.com\/fr\/wp-json\/wp\/v2\/types\/page"}],"author":[{"embeddable":true,"href":"https:\/\/kerryhotelbeijing.com\/fr\/wp-json\/wp\/v2\/users\/1"}],"replies":[{"embeddable":true,"href":"https:\/\/kerryhotelbeijing.com\/fr\/wp-json\/wp\/v2\/comments?post=2105"}],"version-history":[{"count":0,"href":"https:\/\/kerryhotelbeijing.com\/fr\/wp-json\/wp\/v2\/pages\/2105\/revisions"}],"wp:attachment":[{"href":"https:\/\/kerryhotelbeijing.com\/fr\/wp-json\/wp\/v2\/media?parent=2105"}],"curies":[{"name":"wp","href":"https:\/\/api.w.org\/{rel}","templated":true}]}}