{"id":2104,"date":"2021-03-23T09:33:48","date_gmt":"2021-03-23T09:33:48","guid":{"rendered":"http:\/\/localhost\/nuss\/?page_id=167"},"modified":"2025-11-11T14:46:02","modified_gmt":"2025-11-11T14:46:02","slug":"notre-histoire","status":"publish","type":"page","link":"https:\/\/kerryhotelbeijing.com\/fr\/notre-histoire\/","title":{"rendered":"Notre histoire"},"content":{"rendered":"<div data-elementor-type=\"wp-page\" data-elementor-id=\"2104\" class=\"elementor elementor-2104\">\n\t\t\t\t\t\t<section class=\"elementor-section elementor-top-section elementor-element elementor-element-8f5bb9d elementor-section-boxed elementor-section-gap-beside-yes elementor-section-height-default elementor-section-height-default elementor-section-column-vertical-align-stretch\" data-id=\"8f5bb9d\" data-element_type=\"section\" data-e-type=\"section\">\n\t\t\t\t\t\t<div class=\"elementor-container elementor-column-gap-extended\">\n\t\t\t\t\t<div class=\"elementor-column elementor-col-100 elementor-top-column elementor-element elementor-element-7ec4215\" data-id=\"7ec4215\" data-element_type=\"column\" data-e-type=\"column\">\n\t\t\t<div class=\"elementor-widget-wrap elementor-element-populated\">\n\t\t\t\t\t\t<div class=\"elementor-element elementor-element-edd9d03 elementor-widget__width-initial elementor-invisible elementor-widget elementor-widget-text-editor\" data-id=\"edd9d03\" data-element_type=\"widget\" data-e-type=\"widget\" data-settings=\"{&quot;_animation&quot;:&quot;nussFadeInUp&quot;}\" data-widget_type=\"text-editor.default\">\n\t\t\t\t\t\t\t\t\t<p><strong data-spm-anchor-id=\"a2ty_o01.29997173.0.i68.4f03c921hZz1xG\">Notre histoire : Quand une vision globale rencontre le c\u0153ur battant de P\u00e9kin \u2014 L&#039;h\u00e9ritage de l&#039;h\u00f4tel Kerry, P\u00e9kin<\/strong><\/p>\t\t\t\t\t\t\t\t<\/div>\n\t\t\t\t\t<\/div>\n\t\t<\/div>\n\t\t\t\t\t<\/div>\n\t\t<\/section>\n\t\t<div class=\"elementor-element elementor-element-ae7e42f e-flex e-con-boxed e-con e-parent\" data-id=\"ae7e42f\" data-element_type=\"container\" data-e-type=\"container\">\n\t\t\t\t\t<div class=\"e-con-inner\">\n\t\t\t\t<div class=\"elementor-element elementor-element-136c3a3 elementor-widget elementor-widget-text-editor\" data-id=\"136c3a3\" data-element_type=\"widget\" data-e-type=\"widget\" data-widget_type=\"text-editor.default\">\n\t\t\t\t\t\t\t\t\t<p>Nich\u00e9 au c\u0153ur vibrant de la capitale chinoise, <strong>H\u00f4tel Kerry, P\u00e9kin<\/strong> est bien plus qu&#039;un h\u00f4tel de luxe\u00a0: c&#039;est le r\u00e9cit vivant d&#039;une ambition, d&#039;\u00e9changes culturels et d&#039;une hospitalit\u00e9 ind\u00e9fectible. Depuis sa cr\u00e9ation en 1999 sous le nom de <strong>H\u00f4tel Kerry Centre<\/strong>, Cet \u00e9tablissement embl\u00e9matique est devenu un symbole d&#039;\u00e9l\u00e9gance moderne et de service chaleureux, alliant harmonieusement les standards internationaux \u00e0 l&#039;\u00e2me de P\u00e9kin.<\/p><p>Notre histoire commence par une vision\u00a0: cr\u00e9er un sanctuaire pour les voyageurs du monde entier et les pionniers locaux \u2013 un lieu o\u00f9 les chefs d\u2019entreprise se r\u00e9unissent, les familles cr\u00e9ent des souvenirs et les explorateurs se ressourcent avant de s\u2019aventurer dans les ruelles anciennes et les gratte-ciel futuristes de l\u2019une des villes les plus dynamiques du monde. Situ\u00e9 \u00e0 <strong>No.1, route Guanghua, district de Chaoyang, P\u00e9kin, 100020<\/strong>, Nous sommes fiers d&#039;\u00eatre situ\u00e9s au c\u0153ur du quartier des affaires de la ville, \u00e0 deux pas des si\u00e8ges sociaux de multinationales, des missions diplomatiques et des sites culturels embl\u00e9matiques \u2013 une position strat\u00e9gique qui refl\u00e8te notre mission : connecter les gens aux opportunit\u00e9s, au confort et \u00e0 la d\u00e9couverte.<\/p><h3>Une fondation d&#039;excellence<\/h3><p>D\u00e8s le d\u00e9part, l&#039;h\u00f4tel Kerry a \u00e9t\u00e9 con\u00e7u comme faisant partie du prestigieux <strong>Groupe Shangri-La<\/strong>, R\u00e9put\u00e9 pour son engagement envers une \u201c hospitalit\u00e9 qui touche les c\u0153urs \u201d, notre \u00e9tablissement a cultiv\u00e9 une culture d&#039;excellence. Chaque interaction avec nos clients, chaque d\u00e9tail de nos chambres et chaque cr\u00e9ation culinaire sont empreints d&#039;attention et de soin. Nos 486 chambres, con\u00e7ues avec attention, invitent non seulement au repos, mais aussi au ressourcement. Elles offrent une literie de luxe, des vues panoramiques sur la ville ou le jardin, et une technologie de pointe pour permettre \u00e0 nos clients de rester connect\u00e9s, qu&#039;ils soient en train de conclure des affaires ou de regarder des films apr\u00e8s une longue journ\u00e9e de visites.<\/p><p>En 2012, une r\u00e9novation compl\u00e8te a repens\u00e9 nos espaces pour r\u00e9pondre aux attentes du voyageur moderne. Nous avons pr\u00e9serv\u00e9 le charme et l&#039;authenticit\u00e9 tant appr\u00e9ci\u00e9s de nos clients tout en am\u00e9liorant le design, la fonctionnalit\u00e9 et la durabilit\u00e9, garantissant ainsi que l&#039;h\u00f4tel Kerry demeure non seulement actuel, mais aussi visionnaire.<\/p><h3>Un foyer pour les familles, les r\u00eaveurs et les acteurs<\/h3><p>Nous croyons que le v\u00e9ritable luxe r\u00e9side dans la personnalisation et l&#039;inclusion. C&#039;est pourquoi nous avons \u00e9t\u00e9 les pionniers en la mati\u00e8re. <strong>Chambres sur le th\u00e8me de Jiabao<\/strong> Des espaces ludiques et imaginatifs con\u00e7us pour \u00e9merveiller les enfants avec des aventures de pandas et des motifs de petits h\u00e9ros, comprenant des peignoirs, des chaussons et des brosses \u00e0 dents \u00e0 leur taille. Pour les parents, c&#039;est la tranquillit\u00e9 d&#039;esprit\u00a0; pour les enfants, c&#039;est magique. Notre \u00e9quipe d\u00e9vou\u00e9e <strong>piscine pour enfants, aire de jeux et options de restauration adapt\u00e9es aux familles<\/strong> L&#039;h\u00f4tel Kerry est ainsi devenu un lieu de pr\u00e9dilection pour les voyageurs multig\u00e9n\u00e9rationnels.<\/p><p>Pour les voyageurs d&#039;affaires, nous offrons bien plus que de la commodit\u00e9 : nous offrons l&#039;autonomie. Avec plus de <strong>6 000 m\u00e8tres carr\u00e9s d&#039;espace MICE<\/strong>, Avec notamment la Grande Salle de bal sans piliers, la Salle de bal Kowloon et le magnifique jardin sur le toit, nous avons accueilli des \u00e9v\u00e9nements de toutes sortes, des sommets d&#039;entreprises du Fortune 500 aux s\u00e9minaires de direction plus intimes. Les clients du Club Floor b\u00e9n\u00e9ficient d&#039;un acc\u00e8s exclusif au Salon Executive, un havre de paix id\u00e9al pour travailler ou se d\u00e9tendre, offrant le petit-d\u00e9jeuner, le th\u00e9 de l&#039;apr\u00e8s-midi, des cocktails en soir\u00e9e et un service d&#039;enregistrement\/d\u00e9part priv\u00e9.<\/p><h3>Voyages culinaires \u00e0 travers les continents<\/h3><p>Notre histoire se raconte aussi \u00e0 travers les saveurs. De la cuisine cantonaise raffin\u00e9e \u00e0 <strong>Restaurant chinois Horizon<\/strong> au menu anim\u00e9 servi toute la journ\u00e9e \u00e0 <strong>La cuisine de Kerry<\/strong>, Nos cinq restaurants distincts invitent les clients \u00e0 un voyage gastronomique. <strong>Centro Bar<\/strong>, Des cocktails prim\u00e9s et du jazz en direct cr\u00e9ent une ambiance propice aux rencontres et aux \u00e9changes. Et chaque matin, notre somptueux <strong>buffet petit-d\u00e9jeuner (06:30\u201310:30)<\/strong> \u2014 appr\u00e9ci\u00e9e des clients pour sa fra\u00eecheur et sa vari\u00e9t\u00e9 internationale \u2014 donne le ton \u00e0 une journ\u00e9e qui commence bien.<\/p><h3>Bien-\u00eatre, lien social et communaut\u00e9<\/h3><p>Le vrai luxe ne se r\u00e9sume pas au confort, il est synonyme de vitalit\u00e9. Notre salle de sport ultramoderne, notre piscine int\u00e9rieure chauff\u00e9e, nos courts de tennis et de basketball, ainsi que notre piste de jogging ext\u00e9rieure permettent \u00e0 nos clients de rester actifs. Pour ceux qui recherchent la s\u00e9r\u00e9nit\u00e9, nos salles de massage, notre sauna, nos hammams et notre jacuzzi offrent des moments de pur bien-\u00eatre. Que vous jouiez au squash ou que vous d\u00e9gustiez un verre de vin sous les \u00e9toiles sur le toit-terrasse, l&#039;h\u00f4tel Kerry favorise un sentiment d&#039;\u00e9quilibre et de bien-\u00eatre.<\/p><h3>Enracin\u00e9s \u00e0 P\u00e9kin, connect\u00e9s au monde<\/h3><p>Notre emplacement n&#039;est pas un hasard. <strong>\u00c0 490 m\u00e8tres de la station de m\u00e9tro Jintaixizhao<\/strong> et <strong>\u00c0 680 m\u00e8tres de la gare de Guomao<\/strong>, Nous sommes situ\u00e9s au carrefour du commerce, de la culture et des \u00e9changes. Nos clients peuvent rejoindre la Cit\u00e9 interdite, la place Tiananmen ou Sanlitun en quelques minutes, puis retrouver le calme et la s\u00e9r\u00e9nit\u00e9 de notre luxuriant jardin int\u00e9rieur et de nos paisibles couloirs.<\/p><p>Nous parlons votre langue \u2014 litt\u00e9ralement. Avec un personnel ma\u00eetrisant parfaitement la langue <strong>Anglais et mandarin<\/strong>, Gr\u00e2ce aux outils de traduction disponibles \u00e0 la r\u00e9ception, la communication n&#039;est jamais un obstacle. Notre service de conciergerie, disponible 24h\/24, veille \u00e0 ce que tous vos besoins, de la r\u00e9servation d&#039;une excursion sur la Grande Muraille \u00e0 l&#039;organisation de vos transferts a\u00e9roport, soient satisfaits avec professionnalisme et efficacit\u00e9.<\/p><h3>La promesse Kerry : une hospitalit\u00e9 qui touche les c\u0153urs<\/h3><p>Depuis plus de vingt ans, nous avons accueilli diplomates, PDG, artistes et familles, chacun contribuant \u00e0 notre histoire. Leurs commentaires, leurs suggestions et leurs sourires ont fa\u00e7onn\u00e9 notre \u00e9tablissement et nous ont permis de devenir ce que nous sommes aujourd&#039;hui\u00a0: un h\u00f4tel qui non seulement r\u00e9pond aux attentes, mais les surpasse.<\/p><p>Nous sommes \u00e0 l&#039;\u00e9coute. Nous nous adaptons. Nous innovons. Et nous n&#039;oublions jamais que derri\u00e8re chaque r\u00e9servation se cache une personne en qu\u00eate de confort, de lien social ou d&#039;inspiration. C&#039;est pourquoi nous continuons d&#039;am\u00e9liorer nos services, de moderniser nos installations et de renforcer notre engagement envers le d\u00e9veloppement durable et la communaut\u00e9.<\/p><p>\u00c0 l&#039;h\u00f4tel Kerry de P\u00e9kin, notre histoire continue de s&#039;\u00e9crire\u00a0: un client, un sourire, une exp\u00e9rience inoubliable \u00e0 la fois. Rejoignez-nous. Laissez-nous \u00e9crire la suite de votre histoire.<\/p><p data-spm-anchor-id=\"a2ty_o01.29997173.0.i70.4f03c921hZz1xG\"><em>Bienvenue chez vous \u2014 au c\u0153ur de P\u00e9kin.<\/em><\/p>\t\t\t\t\t\t\t\t<\/div>\n\t\t\t\t\t<\/div>\n\t\t\t\t<\/div>\n\t\t\t\t<section class=\"elementor-section elementor-top-section elementor-element elementor-element-58568fff elementor-section-stretched elementor-section-boxed elementor-section-gap-beside-yes elementor-section-height-default elementor-section-height-default elementor-section-column-vertical-align-stretch\" data-id=\"58568fff\" data-element_type=\"section\" data-e-type=\"section\" data-settings=\"{&quot;background_background&quot;:&quot;classic&quot;,&quot;stretch_section&quot;:&quot;section-stretched&quot;}\">\n\t\t\t\t\t\t<div class=\"elementor-container elementor-column-gap-extended\">\n\t\t\t\t\t<div class=\"elementor-column elementor-col-100 elementor-top-column elementor-element elementor-element-64d815f6\" data-id=\"64d815f6\" data-element_type=\"column\" data-e-type=\"column\">\n\t\t\t<div class=\"elementor-widget-wrap elementor-element-populated\">\n\t\t\t\t\t\t<div class=\"elementor-element elementor-element-725cd0ac elementor-widget elementor-widget-nuss-heading\" data-id=\"725cd0ac\" data-element_type=\"widget\" data-e-type=\"widget\" data-widget_type=\"nuss-heading.default\">\n\t\t\t\t<div class=\"elementor-widget-container\">\n\t\t\t\t\t\t\t<div class=\"nuss-modern-heading\">\r\n\t\t\t\t\t\t<div class=\"heading-secondary-wrap\">\r\n\t\t\t\t<h3 class=\"heading-secondary elementor-heading-title\">Ch\u00e8que disponible <\/h3>\t\t\t<\/div>\r\n\t\t\r\n\t\t\t\r\n\t\t\t\r\n\t\t\t\t\t<\/div>\r\n\t\t\t\t\t<\/div>\n\t\t\t\t<\/div>\n\t\t\t\t<div class=\"elementor-element elementor-element-75093a1 elementor-widget elementor-widget-text-editor\" data-id=\"75093a1\" data-element_type=\"widget\" data-e-type=\"widget\" data-widget_type=\"text-editor.default\">\n\t\t\t\t\t\t\t\t\t<iframe border=\"0\" src=\"https:\/\/www.trip.com\/partners\/ad\/S6494511?Allianceid=4590391&#038;SID=273202182&#038;trip_sub1=\" style=\"width:1000px;height:200px\" frameborder=\"0\" scrolling=\"no\" id=\"S6494511\"><\/iframe>\t\t\t\t\t\t\t\t<\/div>\n\t\t\t\t\t<\/div>\n\t\t<\/div>\n\t\t\t\t\t<\/div>\n\t\t<\/section>\n\t\t\t\t<\/div>","protected":false},"excerpt":{"rendered":"<p>Our Story: Where Global Vision Meets Beijing\u2019s Heartbeat \u2014 The Legacy of Kerry Hotel, Beijing Nestled at the vibrant epicenter of China\u2019s capital, Kerry Hotel, Beijing is more than a luxury hotel \u2014 it is a living narrative of ambition, cultural exchange, and enduring hospitality. Since its inception in 1999 as the Kerry Centre Hotel, [&hellip;]<\/p>\n","protected":false},"author":1,"featured_media":0,"parent":0,"menu_order":0,"comment_status":"closed","ping_status":"closed","template":"","meta":{"footnotes":""},"class_list":["post-2104","page","type-page","status-publish","hentry","post-no-thumbnail"],"_links":{"self":[{"href":"https:\/\/kerryhotelbeijing.com\/fr\/wp-json\/wp\/v2\/pages\/2104","targetHints":{"allow":["GET"]}}],"collection":[{"href":"https:\/\/kerryhotelbeijing.com\/fr\/wp-json\/wp\/v2\/pages"}],"about":[{"href":"https:\/\/kerryhotelbeijing.com\/fr\/wp-json\/wp\/v2\/types\/page"}],"author":[{"embeddable":true,"href":"https:\/\/kerryhotelbeijing.com\/fr\/wp-json\/wp\/v2\/users\/1"}],"replies":[{"embeddable":true,"href":"https:\/\/kerryhotelbeijing.com\/fr\/wp-json\/wp\/v2\/comments?post=2104"}],"version-history":[{"count":0,"href":"https:\/\/kerryhotelbeijing.com\/fr\/wp-json\/wp\/v2\/pages\/2104\/revisions"}],"wp:attachment":[{"href":"https:\/\/kerryhotelbeijing.com\/fr\/wp-json\/wp\/v2\/media?parent=2104"}],"curies":[{"name":"wp","href":"https:\/\/api.w.org\/{rel}","templated":true}]}}