{"id":5266,"date":"2021-07-18T08:03:35","date_gmt":"2021-07-18T08:03:35","guid":{"rendered":"https:\/\/nuss.uxper.co\/luxury-resort\/?page_id=5266"},"modified":"2025-11-11T11:25:49","modified_gmt":"2025-11-11T11:25:49","slug":"sobre-nosotros","status":"publish","type":"page","link":"https:\/\/kerryhotelbeijing.com\/es\/sobre-nosotros\/","title":{"rendered":"Sobre nosotros"},"content":{"rendered":"<div data-elementor-type=\"wp-page\" data-elementor-id=\"5266\" class=\"elementor elementor-5266\">\n\t\t\t\t\t\t<section class=\"elementor-section elementor-top-section elementor-element elementor-element-10416953 elementor-section-boxed elementor-section-gap-beside-yes elementor-section-height-default elementor-section-height-default elementor-section-column-vertical-align-stretch\" data-id=\"10416953\" data-element_type=\"section\" data-e-type=\"section\">\n\t\t\t\t\t\t<div class=\"elementor-container elementor-column-gap-extended\">\n\t\t\t\t\t<div class=\"elementor-column elementor-col-100 elementor-top-column elementor-element elementor-element-29c6aa8\" data-id=\"29c6aa8\" data-element_type=\"column\" data-e-type=\"column\">\n\t\t\t<div class=\"elementor-widget-wrap elementor-element-populated\">\n\t\t\t\t\t\t<div class=\"elementor-element elementor-element-7be18fe7 elementor-widget__width-initial elementor-invisible elementor-widget elementor-widget-text-editor\" data-id=\"7be18fe7\" data-element_type=\"widget\" data-e-type=\"widget\" data-settings=\"{&quot;_animation&quot;:&quot;nussFadeInUp&quot;}\" data-widget_type=\"text-editor.default\">\n\t\t\t\t\t\t\t\t\t<div class=\"svelte-1c06zsf\" data-lang-code=\"\"><p data-spm-anchor-id=\"a2ty_o01.29997173.0.i27.ead2c921ZzvKd1\">Tu elegante puerta de entrada al Bund y a la carretera de Nanjing<\/p><\/div>\t\t\t\t\t\t\t\t<\/div>\n\t\t\t\t\t<\/div>\n\t\t<\/div>\n\t\t\t\t\t<\/div>\n\t\t<\/section>\n\t\t\t\t<section class=\"elementor-section elementor-top-section elementor-element elementor-element-7d18327f elementor-section-boxed elementor-section-gap-beside-yes elementor-section-height-default elementor-section-height-default elementor-section-column-vertical-align-stretch\" data-id=\"7d18327f\" data-element_type=\"section\" data-e-type=\"section\">\n\t\t\t\t\t\t<div class=\"elementor-container elementor-column-gap-extended\">\n\t\t\t\t\t<div class=\"elementor-column elementor-col-50 elementor-top-column elementor-element elementor-element-56533670\" data-id=\"56533670\" data-element_type=\"column\" data-e-type=\"column\">\n\t\t\t<div class=\"elementor-widget-wrap elementor-element-populated\">\n\t\t\t\t\t\t<div class=\"elementor-element elementor-element-19c3f543 elementor-drop-cap-yes elementor-drop-cap-view-default elementor-invisible elementor-widget elementor-widget-text-editor\" data-id=\"19c3f543\" data-element_type=\"widget\" data-e-type=\"widget\" data-settings=\"{&quot;_animation&quot;:&quot;nussFadeInUp&quot;,&quot;drop_cap&quot;:&quot;yes&quot;}\" data-widget_type=\"text-editor.default\">\n\t\t\t\t\t\t\t\t\t<p data-spm-anchor-id=\"a2ty_o01.29997173.0.i23.4f03c921hZz1xG\">Ubicado en el vibrante coraz\u00f3n del distrito central de negocios y diplom\u00e1tico de Beijing, <strong>Hotel Kerry, Pek\u00edn<\/strong> (Anteriormente Kerry Centre Hotel) ofrece una combinaci\u00f3n inigualable de lujo moderno, comodidad ideal para familias y una conectividad perfecta tanto para viajeros de ocio como de negocios. Estrat\u00e9gicamente ubicado en <strong>No.1 Guanghua Road, distrito de Chaoyang, Beijing, 100020<\/strong>, Este santuario urbano de 5 estrellas sit\u00faa a sus hu\u00e9spedes a pocos pasos de lugares emblem\u00e1ticos, corporaciones multinacionales, tiendas de lujo en China World Mall y puntos de inter\u00e9s cultural como la Ciudad Prohibida y Sanlitun. <strong>Jintaixizhao<\/strong> y <strong>Guomao<\/strong> Con estaciones de metro a menos de 10 minutos a pie, moverse por la ciudad es muy sencillo.<\/p>\t\t\t\t\t\t\t\t<\/div>\n\t\t\t\t\t<\/div>\n\t\t<\/div>\n\t\t\t\t<div class=\"elementor-column elementor-col-50 elementor-top-column elementor-element elementor-element-30f14127\" data-id=\"30f14127\" data-element_type=\"column\" data-e-type=\"column\">\n\t\t\t<div class=\"elementor-widget-wrap elementor-element-populated\">\n\t\t\t\t\t\t<div class=\"elementor-element elementor-element-59aea08 elementor-widget elementor-widget-image\" data-id=\"59aea08\" data-element_type=\"widget\" data-e-type=\"widget\" data-widget_type=\"image.default\">\n\t\t\t\t\t\t\t\t\t\t\t\t\t\t\t<img fetchpriority=\"high\" decoding=\"async\" width=\"1024\" height=\"768\" src=\"https:\/\/kerryhotelbeijing.com\/wp-content\/uploads\/2025\/11\/Kerry-Hotel-Beijing-111-1024x768.webp\" class=\"attachment-large size-large wp-image-7252\" alt=\"\" srcset=\"https:\/\/kerryhotelbeijing.com\/wp-content\/uploads\/2025\/11\/Kerry-Hotel-Beijing-111-1024x768.webp 1024w, https:\/\/kerryhotelbeijing.com\/wp-content\/uploads\/2025\/11\/Kerry-Hotel-Beijing-111-300x225.webp 300w, https:\/\/kerryhotelbeijing.com\/wp-content\/uploads\/2025\/11\/Kerry-Hotel-Beijing-111-768x576.webp 768w, https:\/\/kerryhotelbeijing.com\/wp-content\/uploads\/2025\/11\/Kerry-Hotel-Beijing-111-16x12.webp 16w, https:\/\/kerryhotelbeijing.com\/wp-content\/uploads\/2025\/11\/Kerry-Hotel-Beijing-111.webp 1137w\" sizes=\"(max-width: 1024px) 100vw, 1024px\" \/>\t\t\t\t\t\t\t\t\t\t\t\t\t\t\t<\/div>\n\t\t\t\t\t<\/div>\n\t\t<\/div>\n\t\t\t\t\t<\/div>\n\t\t<\/section>\n\t\t\t\t<section class=\"elementor-section elementor-top-section elementor-element elementor-element-29fb8578 elementor-section-height-min-height elementor-section-stretched elementor-section-full_width elementor-section-items-stretch elementor-section-height-default elementor-section-column-vertical-align-stretch\" data-id=\"29fb8578\" data-element_type=\"section\" data-e-type=\"section\" data-settings=\"{&quot;stretch_section&quot;:&quot;section-stretched&quot;}\">\n\t\t\t\t\t\t<div class=\"elementor-container elementor-column-gap-no\">\n\t\t\t\t\t<div class=\"elementor-column elementor-col-50 elementor-top-column elementor-element elementor-element-40ac270b\" data-id=\"40ac270b\" data-element_type=\"column\" data-e-type=\"column\">\n\t\t\t<div class=\"elementor-widget-wrap elementor-element-populated\">\n\t\t\t\t\t\t<div class=\"elementor-element elementor-element-20872773 elementor-widget__width-initial elementor-widget-mobile__width-inherit elementor-invisible nuss-elementor-loading nuss-slide-in-right elementor-widget elementor-widget-image\" data-id=\"20872773\" data-element_type=\"widget\" data-e-type=\"widget\" data-settings=\"{&quot;_animation&quot;:&quot;nussSlideInRight&quot;}\" data-widget_type=\"image.default\">\n\t\t\t\t\t\t\t\t\t\t\t\t\t\t\t<img decoding=\"async\" width=\"1280\" height=\"853\" src=\"https:\/\/kerryhotelbeijing.com\/wp-content\/uploads\/2025\/11\/Kerry-Hotel-Beijing-88.webp\" class=\"attachment-full size-full wp-image-7229\" alt=\"\" srcset=\"https:\/\/kerryhotelbeijing.com\/wp-content\/uploads\/2025\/11\/Kerry-Hotel-Beijing-88.webp 1280w, https:\/\/kerryhotelbeijing.com\/wp-content\/uploads\/2025\/11\/Kerry-Hotel-Beijing-88-300x200.webp 300w, https:\/\/kerryhotelbeijing.com\/wp-content\/uploads\/2025\/11\/Kerry-Hotel-Beijing-88-1024x682.webp 1024w, https:\/\/kerryhotelbeijing.com\/wp-content\/uploads\/2025\/11\/Kerry-Hotel-Beijing-88-768x512.webp 768w, https:\/\/kerryhotelbeijing.com\/wp-content\/uploads\/2025\/11\/Kerry-Hotel-Beijing-88-18x12.webp 18w\" sizes=\"(max-width: 1280px) 100vw, 1280px\" \/>\t\t\t\t\t\t\t\t\t\t\t\t\t\t\t<\/div>\n\t\t\t\t\t<\/div>\n\t\t<\/div>\n\t\t\t\t<div class=\"elementor-column elementor-col-50 elementor-top-column elementor-element elementor-element-2dac103\" data-id=\"2dac103\" data-element_type=\"column\" data-e-type=\"column\">\n\t\t\t<div class=\"elementor-widget-wrap elementor-element-populated\">\n\t\t\t\t\t\t<div class=\"elementor-element elementor-element-6f1b8966 elementor-invisible elementor-widget elementor-widget-text-editor\" data-id=\"6f1b8966\" data-element_type=\"widget\" data-e-type=\"widget\" data-settings=\"{&quot;_animation&quot;:&quot;nussFadeInUp&quot;}\" data-widget_type=\"text-editor.default\">\n\t\t\t\t\t\t\t\t\t<p data-spm-anchor-id=\"a2ty_o01.29997173.0.i24.4f03c921hZz1xG\">Jactancia <strong>486 habitaciones y suites amplias y cuidadosamente dise\u00f1adas<\/strong>, El Kerry Hotel de Pek\u00edn ofrece un confort superior con lujosas camas, televisores inteligentes de 40 pulgadas, wifi de alta velocidad y vistas panor\u00e1micas del horizonte de la ciudad o del sereno jard\u00edn del hotel. Las familias encontrar\u00e1n una atenci\u00f3n especial con habitaciones originales y divertidas. <strong>Habitaciones tem\u00e1ticas de Jiabao<\/strong>\u2014que incluye conceptos de aventuras con pandas y ni\u00f1os\u2014, adem\u00e1s de una piscina infantil, un parque infantil cubierto y opciones gastron\u00f3micas para ni\u00f1os. Por otro lado, los hu\u00e9spedes del Club Floor disfrutan de privilegios exclusivos como registro de entrada privado, salida tard\u00eda y acceso completo a las instalaciones. <strong>Sal\u00f3n Ejecutivo<\/strong> Con desayuno, t\u00e9 de la tarde y c\u00f3cteles nocturnos de cortes\u00eda.<\/p><div class=\"my-2\">\u00a0<\/div><p>Las experiencias culinarias destacan en todo el hotel. <strong>cinco restaurantes distintos<\/strong>. De las refinadas especialidades cantonesas y sichuanesas en <strong>Restaurante chino Horizon<\/strong> a los buf\u00e9s globales en <strong>La cocina de Kerry<\/strong>, y los bocadillos artesanales y el caf\u00e9 en <strong>La despensa de Kerry<\/strong>, Todos los paladares quedar\u00e1n satisfechos. \u00a1No te lo pierdas! <strong>Centro Bar<\/strong>, un galardonado sal\u00f3n que ofrece c\u00f3cteles artesanales, jazz en vivo y un ambiente agradable, perfecto para relajarse despu\u00e9s de un d\u00eda de reuniones o turismo. El hotel es famoso <strong>Desayuno buffet (6:30\u201310:30 h)<\/strong>\u2014elogiado constantemente por los hu\u00e9spedes\u2014 es uno de los platos fuertes, ya que ofrece una amplia selecci\u00f3n de platos occidentales, chinos y asi\u00e1ticos elaborados con ingredientes frescos de origen local.<\/p>\t\t\t\t\t\t\t\t<\/div>\n\t\t\t\t\t<\/div>\n\t\t<\/div>\n\t\t\t\t\t<\/div>\n\t\t<\/section>\n\t\t\t\t<section class=\"elementor-section elementor-top-section elementor-element elementor-element-ad82ccb elementor-section-height-min-height elementor-section-stretched elementor-section-full_width elementor-section-items-stretch elementor-section-height-default elementor-section-column-vertical-align-stretch\" data-id=\"ad82ccb\" data-element_type=\"section\" data-e-type=\"section\" data-settings=\"{&quot;stretch_section&quot;:&quot;section-stretched&quot;}\">\n\t\t\t\t\t\t<div class=\"elementor-container elementor-column-gap-no\">\n\t\t\t\t\t<div class=\"elementor-column elementor-col-50 elementor-top-column elementor-element elementor-element-b62f051\" data-id=\"b62f051\" data-element_type=\"column\" data-e-type=\"column\">\n\t\t\t<div class=\"elementor-widget-wrap elementor-element-populated\">\n\t\t\t\t\t\t<div class=\"elementor-element elementor-element-b6e1e9a elementor-invisible elementor-widget elementor-widget-text-editor\" data-id=\"b6e1e9a\" data-element_type=\"widget\" data-e-type=\"widget\" data-settings=\"{&quot;_animation&quot;:&quot;nussFadeInUp&quot;}\" data-widget_type=\"text-editor.default\">\n\t\t\t\t\t\t\t\t\t<p>Para el bienestar y la recreaci\u00f3n, el Kerry Hotel, Beijing, se distingue por su amplia oferta. <strong>piscina climatizada interior<\/strong>, totalmente equipado <strong>gimnasio<\/strong>, <strong>pistas de tenis y baloncesto<\/strong>, <strong>sala de tenis de mesa<\/strong>, y rejuvenecedor <strong>servicios de masaje<\/strong>. Los viajeros de negocios se benefician de m\u00e1s de <strong>6.000 metros cuadrados de espacio vers\u00e1til para reuniones, incentivos, conferencias y exposiciones (MICE).<\/strong>, que incluye un gran sal\u00f3n de baile sin columnas, diez salas de funciones adaptables y un jard\u00edn panor\u00e1mico en la azotea, ideal para conferencias, galas o bodas de destino.<\/p><div class=\"my-2\">\u00a0<\/div><p>Respaldado por la confianza <strong>Grupo Shangri-La<\/strong>, El Kerry Hotel de Pek\u00edn combina est\u00e1ndares internacionales con un servicio c\u00e1lido y personalizado. Con una excelente reputaci\u00f3n. <strong>Puntuaci\u00f3n de los hu\u00e9spedes: 9,2\/10<\/strong> Con excelentes rese\u00f1as en Trip.com y el reconocimiento constante por su limpieza, ubicaci\u00f3n y servicios para familias, sigue siendo una opci\u00f3n de primer nivel para los viajeros exigentes que buscan comodidad y confort en la din\u00e1mica capital de China. Ya sea que visite la ciudad para una escapada de fin de semana, un viaje de negocios o unas vacaciones familiares inolvidables, el Kerry Hotel, Beijing le garantiza una estancia tan placentera como excepcional.<\/p>\t\t\t\t\t\t\t\t<\/div>\n\t\t\t\t\t<\/div>\n\t\t<\/div>\n\t\t\t\t<div class=\"elementor-column elementor-col-50 elementor-top-column elementor-element elementor-element-dc3c6aa\" data-id=\"dc3c6aa\" data-element_type=\"column\" data-e-type=\"column\">\n\t\t\t<div class=\"elementor-widget-wrap elementor-element-populated\">\n\t\t\t\t\t\t<div class=\"elementor-element elementor-element-0b618bd elementor-widget__width-initial elementor-widget-mobile__width-inherit elementor-invisible nuss-elementor-loading nuss-slide-in-right elementor-widget elementor-widget-image\" data-id=\"0b618bd\" data-element_type=\"widget\" data-e-type=\"widget\" data-settings=\"{&quot;_animation&quot;:&quot;nussSlideInRight&quot;}\" data-widget_type=\"image.default\">\n\t\t\t\t\t\t\t\t\t\t\t\t\t\t\t<img decoding=\"async\" width=\"1280\" height=\"853\" src=\"https:\/\/kerryhotelbeijing.com\/wp-content\/uploads\/2025\/11\/Kerry-Hotel-Beijing-37.webp\" class=\"attachment-full size-full wp-image-7178\" alt=\"\" srcset=\"https:\/\/kerryhotelbeijing.com\/wp-content\/uploads\/2025\/11\/Kerry-Hotel-Beijing-37.webp 1280w, https:\/\/kerryhotelbeijing.com\/wp-content\/uploads\/2025\/11\/Kerry-Hotel-Beijing-37-300x200.webp 300w, https:\/\/kerryhotelbeijing.com\/wp-content\/uploads\/2025\/11\/Kerry-Hotel-Beijing-37-1024x682.webp 1024w, https:\/\/kerryhotelbeijing.com\/wp-content\/uploads\/2025\/11\/Kerry-Hotel-Beijing-37-768x512.webp 768w, https:\/\/kerryhotelbeijing.com\/wp-content\/uploads\/2025\/11\/Kerry-Hotel-Beijing-37-18x12.webp 18w\" sizes=\"(max-width: 1280px) 100vw, 1280px\" \/>\t\t\t\t\t\t\t\t\t\t\t\t\t\t\t<\/div>\n\t\t\t\t\t<\/div>\n\t\t<\/div>\n\t\t\t\t\t<\/div>\n\t\t<\/section>\n\t\t\t\t<section class=\"elementor-section elementor-top-section elementor-element elementor-element-2092b7d0 elementor-section-stretched elementor-section-boxed elementor-section-gap-beside-yes elementor-section-height-default elementor-section-height-default elementor-section-column-vertical-align-stretch\" data-id=\"2092b7d0\" data-element_type=\"section\" data-e-type=\"section\" data-settings=\"{&quot;background_background&quot;:&quot;classic&quot;,&quot;stretch_section&quot;:&quot;section-stretched&quot;}\">\n\t\t\t\t\t\t<div class=\"elementor-container elementor-column-gap-extended\">\n\t\t\t\t\t<div class=\"elementor-column elementor-col-100 elementor-top-column elementor-element elementor-element-be69d75\" data-id=\"be69d75\" data-element_type=\"column\" data-e-type=\"column\">\n\t\t\t<div class=\"elementor-widget-wrap elementor-element-populated\">\n\t\t\t\t\t\t<div class=\"elementor-element elementor-element-320c022 elementor-widget elementor-widget-nuss-heading\" data-id=\"320c022\" data-element_type=\"widget\" data-e-type=\"widget\" data-widget_type=\"nuss-heading.default\">\n\t\t\t\t<div class=\"elementor-widget-container\">\n\t\t\t\t\t\t\t<div class=\"nuss-modern-heading\">\r\n\t\t\t\t\t\t<div class=\"heading-secondary-wrap\">\r\n\t\t\t\t<h3 class=\"heading-secondary elementor-heading-title\">Consultar disponibilidad <\/h3>\t\t\t<\/div>\r\n\t\t\r\n\t\t\t\r\n\t\t\t\r\n\t\t\t\t\t<\/div>\r\n\t\t\t\t\t<\/div>\n\t\t\t\t<\/div>\n\t\t\t\t<div class=\"elementor-element elementor-element-fe69a93 elementor-widget elementor-widget-text-editor\" data-id=\"fe69a93\" data-element_type=\"widget\" data-e-type=\"widget\" data-widget_type=\"text-editor.default\">\n\t\t\t\t\t\t\t\t\t<iframe border=\"0\" src=\"https:\/\/www.trip.com\/partners\/ad\/S6494511?Allianceid=4590391&#038;SID=273202182&#038;trip_sub1=\" style=\"width:1000px;height:200px\" frameborder=\"0\" scrolling=\"no\" id=\"S6494511\"><\/iframe>\t\t\t\t\t\t\t\t<\/div>\n\t\t\t\t\t<\/div>\n\t\t<\/div>\n\t\t\t\t\t<\/div>\n\t\t<\/section>\n\t\t\t\t<\/div>","protected":false},"excerpt":{"rendered":"<p>Your Stylish Gateway to the Bund &amp; Nanjing Road Nestled in the vibrant heart of Beijing\u2019s central business and diplomatic district, Kerry Hotel, Beijing (formerly Kerry Centre Hotel) offers an unparalleled blend of modern luxury, family-friendly comfort, and seamless connectivity for both leisure and business travelers. Strategically located at No.1 Guanghua Road, Chaoyang District, Beijing, [&hellip;]<\/p>\n","protected":false},"author":1,"featured_media":0,"parent":0,"menu_order":0,"comment_status":"closed","ping_status":"closed","template":"","meta":{"footnotes":""},"class_list":["post-5266","page","type-page","status-publish","hentry","post-no-thumbnail"],"_links":{"self":[{"href":"https:\/\/kerryhotelbeijing.com\/es\/wp-json\/wp\/v2\/pages\/5266","targetHints":{"allow":["GET"]}}],"collection":[{"href":"https:\/\/kerryhotelbeijing.com\/es\/wp-json\/wp\/v2\/pages"}],"about":[{"href":"https:\/\/kerryhotelbeijing.com\/es\/wp-json\/wp\/v2\/types\/page"}],"author":[{"embeddable":true,"href":"https:\/\/kerryhotelbeijing.com\/es\/wp-json\/wp\/v2\/users\/1"}],"replies":[{"embeddable":true,"href":"https:\/\/kerryhotelbeijing.com\/es\/wp-json\/wp\/v2\/comments?post=5266"}],"version-history":[{"count":0,"href":"https:\/\/kerryhotelbeijing.com\/es\/wp-json\/wp\/v2\/pages\/5266\/revisions"}],"wp:attachment":[{"href":"https:\/\/kerryhotelbeijing.com\/es\/wp-json\/wp\/v2\/media?parent=5266"}],"curies":[{"name":"wp","href":"https:\/\/api.w.org\/{rel}","templated":true}]}}