{"id":2109,"date":"2021-03-26T08:35:58","date_gmt":"2021-03-26T08:35:58","guid":{"rendered":"http:\/\/localhost\/nuss\/?page_id=536"},"modified":"2025-11-11T11:32:58","modified_gmt":"2025-11-11T11:32:58","slug":"instalaciones-comerciales","status":"publish","type":"page","link":"https:\/\/kerryhotelbeijing.com\/es\/instalaciones-comerciales\/","title":{"rendered":"Instalaciones comerciales"},"content":{"rendered":"<div data-elementor-type=\"wp-page\" data-elementor-id=\"2109\" class=\"elementor elementor-2109\">\n\t\t\t\t<div class=\"elementor-element elementor-element-fd6cbd7 e-flex e-con-boxed e-con e-parent\" data-id=\"fd6cbd7\" data-element_type=\"container\" data-e-type=\"container\">\n\t\t\t\t\t<div class=\"e-con-inner\">\n\t\t\t\t<div class=\"elementor-element elementor-element-0f4e55c elementor-widget elementor-widget-heading\" data-id=\"0f4e55c\" data-element_type=\"widget\" data-e-type=\"widget\" data-widget_type=\"heading.default\">\n\t\t\t\t\t<h4 class=\"elementor-heading-title elementor-size-default\">Hotel Kerry, Pek\u00edn: Instalaciones empresariales de primer nivel en el coraz\u00f3n de la capital china, donde las reuniones internacionales se complementan con una ejecuci\u00f3n impecable. <\/h4>\t\t\t\t<\/div>\n\t\t\t\t\t<\/div>\n\t\t\t\t<\/div>\n\t\t<div class=\"elementor-element elementor-element-812d16c e-flex e-con-boxed e-con e-parent\" data-id=\"812d16c\" data-element_type=\"container\" data-e-type=\"container\">\n\t\t\t\t\t<div class=\"e-con-inner\">\n\t\t\t\t<div class=\"elementor-element elementor-element-2cbfa9f elementor-widget elementor-widget-nuss-image-gallery\" data-id=\"2cbfa9f\" data-element_type=\"widget\" data-e-type=\"widget\" data-widget_type=\"nuss-image-gallery.default\">\n\t\t\t\t<div class=\"elementor-widget-container\">\n\t\t\t\t\t\t\t<div class=\"nuss-grid-wrapper\" data-grid=\"{&quot;type&quot;:&quot;grid&quot;,&quot;ratio&quot;:null,&quot;columns&quot;:3,&quot;gutter&quot;:30}\">\r\n\t\t\t<div class=\"nuss-grid lazy-grid\">\r\n\t\t\t\t<div class=\"grid-sizer\"><\/div>\r\n\r\n\t\t\t\t\t\t\t\t\t\t\t\t<div class=\"grid-item\">\r\n\t\t\t\t\t\t<div class=\"nuss-box\">\t\t<div class=\"nuss-image image\">\r\n\t\t\t<img decoding=\"async\"  src=\"https:\/\/kerryhotelbeijing.com\/wp-content\/uploads\/2025\/11\/Kerry-Hotel-Beijing-132.webp\" alt=\"Hotel Kerry Beijing (132)\" \/>\t\t<\/div>\r\n\t\t\t\t<\/div>\t\t\t\t\t<\/div>\r\n\t\t\t\t\t\t<div class=\"grid-item\">\r\n\t\t\t\t\t\t<div class=\"nuss-box\">\t\t<div class=\"nuss-image image\">\r\n\t\t\t<img decoding=\"async\"  src=\"https:\/\/kerryhotelbeijing.com\/wp-content\/uploads\/2025\/11\/Kerry-Hotel-Beijing-131.webp\" alt=\"Hotel Kerry Beijing (131)\" \/>\t\t<\/div>\r\n\t\t\t\t<\/div>\t\t\t\t\t<\/div>\r\n\t\t\t\t\t\t<div class=\"grid-item\">\r\n\t\t\t\t\t\t<div class=\"nuss-box\">\t\t<div class=\"nuss-image image\">\r\n\t\t\t<img decoding=\"async\"  src=\"https:\/\/kerryhotelbeijing.com\/wp-content\/uploads\/2025\/11\/Kerry-Hotel-Beijing-130.webp\" alt=\"Hotel Kerry Beijing (130)\" \/>\t\t<\/div>\r\n\t\t\t\t<\/div>\t\t\t\t\t<\/div>\r\n\t\t\t\t\t\t<div class=\"grid-item\">\r\n\t\t\t\t\t\t<div class=\"nuss-box\">\t\t<div class=\"nuss-image image\">\r\n\t\t\t<img decoding=\"async\"  src=\"https:\/\/kerryhotelbeijing.com\/wp-content\/uploads\/2025\/11\/Kerry-Hotel-Beijing-129.webp\" alt=\"Hotel Kerry Beijing (129)\" \/>\t\t<\/div>\r\n\t\t\t\t<\/div>\t\t\t\t\t<\/div>\r\n\t\t\t\t\t\t<div class=\"grid-item\">\r\n\t\t\t\t\t\t<div class=\"nuss-box\">\t\t<div class=\"nuss-image image\">\r\n\t\t\t<img decoding=\"async\"  src=\"https:\/\/kerryhotelbeijing.com\/wp-content\/uploads\/2025\/11\/Kerry-Hotel-Beijing-140.webp\" alt=\"Hotel Kerry Beijing (140)\" \/>\t\t<\/div>\r\n\t\t\t\t<\/div>\t\t\t\t\t<\/div>\r\n\t\t\t\t\t\t<div class=\"grid-item\">\r\n\t\t\t\t\t\t<div class=\"nuss-box\">\t\t<div class=\"nuss-image image\">\r\n\t\t\t<img decoding=\"async\"  src=\"https:\/\/kerryhotelbeijing.com\/wp-content\/uploads\/2025\/11\/Kerry-Hotel-Beijing-137.webp\" alt=\"Hotel Kerry Beijing (137)\" \/>\t\t<\/div>\r\n\t\t\t\t<\/div>\t\t\t\t\t<\/div>\r\n\t\t\t\t\t\t<div class=\"grid-item\">\r\n\t\t\t\t\t\t<div class=\"nuss-box\">\t\t<div class=\"nuss-image image\">\r\n\t\t\t<img decoding=\"async\"  src=\"https:\/\/kerryhotelbeijing.com\/wp-content\/uploads\/2025\/11\/Kerry-Hotel-Beijing-45.webp\" alt=\"Hotel Kerry Beijing (45)\" \/>\t\t<\/div>\r\n\t\t\t\t<\/div>\t\t\t\t\t<\/div>\r\n\t\t\t\t\t\t<div class=\"grid-item\">\r\n\t\t\t\t\t\t<div class=\"nuss-box\">\t\t<div class=\"nuss-image image\">\r\n\t\t\t<img decoding=\"async\"  src=\"https:\/\/kerryhotelbeijing.com\/wp-content\/uploads\/2025\/11\/Kerry-Hotel-Beijing-40.webp\" alt=\"Hotel Kerry Beijing (40)\" \/>\t\t<\/div>\r\n\t\t\t\t<\/div>\t\t\t\t\t<\/div>\r\n\t\t\t\t\t\t<div class=\"grid-item\">\r\n\t\t\t\t\t\t<div class=\"nuss-box\">\t\t<div class=\"nuss-image image\">\r\n\t\t\t<img decoding=\"async\"  src=\"https:\/\/kerryhotelbeijing.com\/wp-content\/uploads\/2025\/11\/Kerry-Hotel-Beijing-31.webp\" alt=\"Hotel Kerry Beijing (31)\" \/>\t\t<\/div>\r\n\t\t\t\t<\/div>\t\t\t\t\t<\/div>\r\n\t\t\t\t\t\t<div class=\"grid-item\">\r\n\t\t\t\t\t\t<div class=\"nuss-box\">\t\t<div class=\"nuss-image image\">\r\n\t\t\t<img decoding=\"async\"  src=\"https:\/\/kerryhotelbeijing.com\/wp-content\/uploads\/2025\/11\/Kerry-Hotel-Beijing-144.webp\" alt=\"Hotel Kerry Beijing (144)\" \/>\t\t<\/div>\r\n\t\t\t\t<\/div>\t\t\t\t\t<\/div>\r\n\t\t\t\t\t\t<div class=\"grid-item\">\r\n\t\t\t\t\t\t<div class=\"nuss-box\">\t\t<div class=\"nuss-image image\">\r\n\t\t\t<img decoding=\"async\"  src=\"https:\/\/kerryhotelbeijing.com\/wp-content\/uploads\/2025\/11\/Kerry-Hotel-Beijing-145.webp\" alt=\"Hotel Kerry Beijing (145)\" \/>\t\t<\/div>\r\n\t\t\t\t<\/div>\t\t\t\t\t<\/div>\r\n\t\t\t\t\t\t<div class=\"grid-item\">\r\n\t\t\t\t\t\t<div class=\"nuss-box\">\t\t<div class=\"nuss-image image\">\r\n\t\t\t<img decoding=\"async\"  src=\"https:\/\/kerryhotelbeijing.com\/wp-content\/uploads\/2025\/11\/Kerry-Hotel-Beijing-150.webp\" alt=\"Hotel Kerry Beijing (150)\" \/>\t\t<\/div>\r\n\t\t\t\t<\/div>\t\t\t\t\t<\/div>\r\n\t\t\t\t\t\t<div class=\"grid-item\">\r\n\t\t\t\t\t\t<div class=\"nuss-box\">\t\t<div class=\"nuss-image image\">\r\n\t\t\t<img decoding=\"async\"  src=\"https:\/\/kerryhotelbeijing.com\/wp-content\/uploads\/2025\/11\/Kerry-Hotel-Beijing-146.webp\" alt=\"Hotel Kerry Beijing (146)\" \/>\t\t<\/div>\r\n\t\t\t\t<\/div>\t\t\t\t\t<\/div>\r\n\t\t\t\t\t\t<div class=\"grid-item\">\r\n\t\t\t\t\t\t<div class=\"nuss-box\">\t\t<div class=\"nuss-image image\">\r\n\t\t\t<img decoding=\"async\"  src=\"https:\/\/kerryhotelbeijing.com\/wp-content\/uploads\/2025\/11\/Kerry-Hotel-Beijing-139.webp\" alt=\"Hotel Kerry Beijing (139)\" \/>\t\t<\/div>\r\n\t\t\t\t<\/div>\t\t\t\t\t<\/div>\r\n\t\t\t\t\t\t\t\r\n\t\t\t<\/div>\r\n\t\t<\/div>\r\n\t\t\t\t\t\t<\/div>\n\t\t\t\t<\/div>\n\t\t\t\t\t<\/div>\n\t\t\t\t<\/div>\n\t\t<div class=\"elementor-element elementor-element-10ad611 e-flex e-con-boxed e-con e-parent\" data-id=\"10ad611\" data-element_type=\"container\" data-e-type=\"container\">\n\t\t\t\t\t<div class=\"e-con-inner\">\n\t\t\t\t<div class=\"elementor-element elementor-element-f78c516 elementor-widget elementor-widget-text-editor\" data-id=\"f78c516\" data-element_type=\"widget\" data-e-type=\"widget\" data-widget_type=\"text-editor.default\">\n\t\t\t\t\t\t\t\t\t<p data-spm-anchor-id=\"a2ty_o01.29997173.0.i34.4f03c921hZz1xG\">Ubicado estrat\u00e9gicamente en <strong>No.1 Guanghua Road, distrito de Chaoyang, Beijing, 100020<\/strong>, El Hotel Kerry de Pek\u00edn no es solo un hotel de lujo: es un centro de negocios de clase mundial dise\u00f1ado para ejecutivos, emprendedores y corporaciones globales que buscan la organizaci\u00f3n impecable de eventos en una de las ciudades m\u00e1s din\u00e1micas de Asia. Como parte del prestigioso Grupo Shangri-La, este hotel de 5 estrellas ofrece excepcionales instalaciones para reuniones, incentivos, conferencias y exposiciones (MICE) en todo el pa\u00eds. <strong>m\u00e1s de 6.000 metros cuadrados<\/strong> de espacio vers\u00e1til y de \u00faltima generaci\u00f3n, lo que lo convierte en la mejor opci\u00f3n para reuniones corporativas, negociaciones de alto riesgo, lanzamientos de productos y cumbres internacionales.<\/p><div class=\"my-2\">\u00a0<\/div><h3>Espacios para conferencias y eventos inigualables para cada necesidad<\/h3><p>Ya sea que est\u00e9 organizando una sesi\u00f3n \u00edntima en una sala de juntas o una gran gala para m\u00e1s de 500 invitados, Kerry Hotel, Beijing ofrece lugares flexibles y elegantes adaptados a sus especificaciones:<\/p><div class=\"my-2\">\u00a0<\/div><ul dir=\"auto\"><li><p><strong>Gran sal\u00f3n de baile<\/strong>:La joya de la corona de la cartera de eventos del hotel, este sal\u00f3n sin columnas cuenta con altos techos, sofisticados sistemas de iluminaci\u00f3n y ventanas de piso a techo que ofrecen vistas panor\u00e1micas de la ciudad, perfecto para conferencias a gran escala, banquetes y ceremonias de premios.<\/p><\/li><li><p><strong>Sal\u00f3n de baile Kowloon<\/strong>:Un sal\u00f3n espacioso y adaptable, ideal para reuniones de tama\u00f1o mediano, sesiones de capacitaci\u00f3n o c\u00f3cteles, con dise\u00f1os personalizables y soporte audiovisual avanzado.<\/p><\/li><li><p><strong>Diez salas de funciones dedicadas<\/strong>Desde salas de juntas \u00edntimas hasta espacios de reuni\u00f3n de tama\u00f1o mediano, cada sala est\u00e1 equipada con tecnolog\u00eda de vanguardia que incluye sistemas de visualizaci\u00f3n multimedia, Wi-Fi de alta velocidad y capacidades de videoconferencia perfectas, lo que garantiza la productividad ya sea que se presente ante partes interesadas locales o se conecte con equipos globales.<\/p><\/li><li><p><strong>Jard\u00edn en la azotea<\/strong>:Un lugar exclusivo al aire libre para eventos de networking, actividades de formaci\u00f3n de equipos o recepciones al atardecer, que combina un ambiente natural con sofisticaci\u00f3n urbana, con servicios de catering y paisajes pintorescos del CBD.<\/p><\/li><\/ul><div class=\"my-2\">\u00a0<\/div><p>Todos los lugares cuentan con el apoyo de expertos del Kerry Hotel. <strong>Equipo de planificaci\u00f3n de eventos<\/strong>, quienes se encargan de cada detalle, desde arreglos florales y decoraci\u00f3n tem\u00e1tica hasta configuraci\u00f3n audiovisual, traducci\u00f3n simult\u00e1nea y men\u00fas personalizados, lo que le permite concentrarse en su agenda, no en la log\u00edstica.<\/p><div class=\"my-2\">\u00a0<\/div><h3>Servicios ejecutivos dise\u00f1ados para viajeros de negocios<\/h3><p>M\u00e1s all\u00e1 de las salas de reuniones, el Kerry Hotel, Beijing eleva la experiencia empresarial con servicios premium:<\/p><div class=\"my-2\">\u00a0<\/div><ul dir=\"auto\"><li><p><strong>Sal\u00f3n ejecutivo (piso Club)<\/strong>Exclusivo para los hu\u00e9spedes del Club Floor, este sereno santuario ofrece check-in\/out privado, desayuno de cortes\u00eda y c\u00f3cteles por la noche, estaciones de trabajo exclusivas, acceso gratuito a salas de reuniones (hasta 2 horas) y servicio de conserjer\u00eda personalizado, convirtiendo el tiempo libre en momentos productivos.<\/p><\/li><li><p><strong>Centro de negocios abierto las 24 horas<\/strong>:Equipado con impresoras, esc\u00e1neres, m\u00e1quinas de fax e Internet de alta velocidad, adem\u00e1s de personal multiling\u00fce listo para ayudarle con documentos de \u00faltimo momento o comunicaciones urgentes.<\/p><\/li><li><p><strong>Traslados prioritarios al aeropuerto y servicios de conserjer\u00eda<\/strong>Ahorre tiempo valioso con recogidas y regresos al aeropuerto reservados con antelaci\u00f3n (disponibles por un cargo adicional) y deje que el conserje organice todo, desde taxis hasta reservas en restaurantes o excursiones culturales entre reuniones.<\/p><\/li><li><p><strong>Conectividad de alta velocidad<\/strong>:El Wi-Fi gratuito en todo el hotel, incluidas las habitaciones, las \u00e1reas p\u00fablicas y los espacios para eventos, garantiza una comunicaci\u00f3n ininterrumpida y una colaboraci\u00f3n remota.<\/p><\/li><\/ul><div class=\"my-2\">\u00a0<\/div><h3>Ubicaci\u00f3n estrat\u00e9gica para m\u00e1xima eficiencia<\/h3><p>Ubicado en el Distrito Central de Negocios (CBD) de Pek\u00edn, el Hotel Kerry est\u00e1 a pocos pasos de sedes multinacionales, embajadas y los principales centros de transporte. <strong>A 490 metros de la estaci\u00f3n de metro Jintaixizhao<\/strong> y <strong>A 680 metros de la estaci\u00f3n de Guomao<\/strong>, Podr\u00e1 llegar a importantes distritos comerciales, oficinas gubernamentales o lugares emblem\u00e1ticos como la Ciudad Prohibida y Sanlitun en cuesti\u00f3n de minutos. El hotel tambi\u00e9n ofrece... <strong>servicios de alquiler de coches<\/strong> y <strong>asistencia para reservar taxis<\/strong>, lo que le permite movilidad total por toda la capital.<\/p><div class=\"my-2\">\u00a0<\/div><h3>Excelencia culinaria para impulsar su productividad<\/h3><p>Impulse sus reuniones con un catering gourmet elaborado por chefs galardonados. Desde refrigerios ligeros durante las sesiones de trabajo hasta suntuosas cenas de banquete, el equipo culinario del hotel elabora men\u00fas con aut\u00e9nticas especialidades cantonesas, de Sichuan y de Pek\u00edn, adem\u00e1s de cocina internacional. Disfrute de la comida del hotel en <strong>Restaurante chino Horizon<\/strong>, disfruta de bocados informales en <strong>La cocina de Kerry<\/strong>, o rel\u00e1jese con c\u00f3cteles artesanales y jazz en vivo en <strong>Centro Bar<\/strong> \u2014todo a poca distancia del espacio de su evento.<\/p><div class=\"my-2\">\u00a0<\/div><h3>\u00bfPor qu\u00e9 las corporaciones globales eligen el Hotel Kerry de Pek\u00edn?<\/h3><p>Con una estelar <strong>Puntuaci\u00f3n de los hu\u00e9spedes: 9,2\/10<\/strong> Elogiado constantemente por su excepcional servicio, limpieza y ubicaci\u00f3n ideal, el Hotel Kerry de Pek\u00edn se ha ganado la reputaci\u00f3n de ser un lugar de primera categor\u00eda para viajeros de negocios. Ya sea que organice una conferencia de varios d\u00edas, celebre reuniones con inversores o celebre eventos corporativos importantes, el hotel combina lujo, funcionalidad y experiencia local para brindar experiencias inolvidables y orientadas a resultados.<\/p><div class=\"my-2\">\u00a0<\/div><p data-spm-anchor-id=\"a2ty_o01.29997173.0.i35.4f03c921hZz1xG\">Reserve su pr\u00f3ximo evento corporativo o estad\u00eda de negocios en Kerry Hotel, Beijing, donde la eficiencia se combina con la elegancia y cada detalle est\u00e1 dise\u00f1ado para ayudarlo a tener \u00e9xito.<\/p>\t\t\t\t\t\t\t\t<\/div>\n\t\t\t\t\t<\/div>\n\t\t\t\t<\/div>\n\t\t\t\t<section class=\"elementor-section elementor-top-section elementor-element elementor-element-3cc0c8bf elementor-section-stretched elementor-section-boxed elementor-section-gap-beside-yes elementor-section-height-default elementor-section-height-default elementor-section-column-vertical-align-stretch\" data-id=\"3cc0c8bf\" data-element_type=\"section\" data-e-type=\"section\" data-settings=\"{&quot;background_background&quot;:&quot;classic&quot;,&quot;stretch_section&quot;:&quot;section-stretched&quot;}\">\n\t\t\t\t\t\t<div class=\"elementor-container elementor-column-gap-extended\">\n\t\t\t\t\t<div class=\"elementor-column elementor-col-100 elementor-top-column elementor-element elementor-element-6bc6e647\" data-id=\"6bc6e647\" data-element_type=\"column\" data-e-type=\"column\">\n\t\t\t<div class=\"elementor-widget-wrap elementor-element-populated\">\n\t\t\t\t\t\t<div class=\"elementor-element elementor-element-33c773f elementor-widget elementor-widget-nuss-heading\" data-id=\"33c773f\" data-element_type=\"widget\" data-e-type=\"widget\" data-widget_type=\"nuss-heading.default\">\n\t\t\t\t<div class=\"elementor-widget-container\">\n\t\t\t\t\t\t\t<div class=\"nuss-modern-heading\">\r\n\t\t\t\t\t\t<div class=\"heading-secondary-wrap\">\r\n\t\t\t\t<h3 class=\"heading-secondary elementor-heading-title\">Consultar disponibilidad <\/h3>\t\t\t<\/div>\r\n\t\t\r\n\t\t\t\r\n\t\t\t\r\n\t\t\t\t\t<\/div>\r\n\t\t\t\t\t<\/div>\n\t\t\t\t<\/div>\n\t\t\t\t<div class=\"elementor-element elementor-element-5f10e38a elementor-widget elementor-widget-text-editor\" data-id=\"5f10e38a\" data-element_type=\"widget\" data-e-type=\"widget\" data-widget_type=\"text-editor.default\">\n\t\t\t\t\t\t\t\t\t<iframe border=\"0\" src=\"https:\/\/www.trip.com\/partners\/ad\/S6494511?Allianceid=4590391&#038;SID=273202182&#038;trip_sub1=\" style=\"width:1000px;height:200px\" frameborder=\"0\" scrolling=\"no\" id=\"S6494511\"><\/iframe>\t\t\t\t\t\t\t\t<\/div>\n\t\t\t\t\t<\/div>\n\t\t<\/div>\n\t\t\t\t\t<\/div>\n\t\t<\/section>\n\t\t\t\t<\/div>","protected":false},"excerpt":{"rendered":"<p>Kerry Hotel, Beijing: Premier Business Facilities in the Heart of China\u2019s Capital \u2013 Where Global Meetings Meet Seamless Execution Strategically positioned at No.1 Guanghua Road, Chaoyang District, Beijing, 100020, Kerry Hotel, Beijing isn\u2019t just a luxury hotel \u2014 it\u2019s a world-class business hub designed for executives, entrepreneurs, and global corporations seeking flawless event execution in [&hellip;]<\/p>\n","protected":false},"author":1,"featured_media":0,"parent":0,"menu_order":0,"comment_status":"closed","ping_status":"closed","template":"","meta":{"footnotes":""},"class_list":["post-2109","page","type-page","status-publish","hentry","post-no-thumbnail"],"_links":{"self":[{"href":"https:\/\/kerryhotelbeijing.com\/es\/wp-json\/wp\/v2\/pages\/2109","targetHints":{"allow":["GET"]}}],"collection":[{"href":"https:\/\/kerryhotelbeijing.com\/es\/wp-json\/wp\/v2\/pages"}],"about":[{"href":"https:\/\/kerryhotelbeijing.com\/es\/wp-json\/wp\/v2\/types\/page"}],"author":[{"embeddable":true,"href":"https:\/\/kerryhotelbeijing.com\/es\/wp-json\/wp\/v2\/users\/1"}],"replies":[{"embeddable":true,"href":"https:\/\/kerryhotelbeijing.com\/es\/wp-json\/wp\/v2\/comments?post=2109"}],"version-history":[{"count":0,"href":"https:\/\/kerryhotelbeijing.com\/es\/wp-json\/wp\/v2\/pages\/2109\/revisions"}],"wp:attachment":[{"href":"https:\/\/kerryhotelbeijing.com\/es\/wp-json\/wp\/v2\/media?parent=2109"}],"curies":[{"name":"wp","href":"https:\/\/api.w.org\/{rel}","templated":true}]}}