{"id":2106,"date":"2021-03-25T04:08:26","date_gmt":"2021-03-25T04:08:26","guid":{"rendered":"http:\/\/localhost\/nuss\/?page_id=298"},"modified":"2025-11-11T14:47:18","modified_gmt":"2025-11-11T14:47:18","slug":"experiencias","status":"publish","type":"page","link":"https:\/\/kerryhotelbeijing.com\/es\/experiencias\/","title":{"rendered":"Opiniones del Hotel Kerry en Pek\u00edn"},"content":{"rendered":"<div data-elementor-type=\"wp-page\" data-elementor-id=\"2106\" class=\"elementor elementor-2106\">\n\t\t\t\t\t\t<section class=\"elementor-section elementor-top-section elementor-element elementor-element-1954ffc elementor-section-boxed elementor-section-gap-beside-yes elementor-section-height-default elementor-section-height-default elementor-section-column-vertical-align-stretch\" data-id=\"1954ffc\" data-element_type=\"section\" data-e-type=\"section\">\n\t\t\t\t\t\t<div class=\"elementor-container elementor-column-gap-extended\">\n\t\t\t\t\t<div class=\"elementor-column elementor-col-100 elementor-top-column elementor-element elementor-element-86aebc5\" data-id=\"86aebc5\" data-element_type=\"column\" data-e-type=\"column\">\n\t\t\t<div class=\"elementor-widget-wrap elementor-element-populated\">\n\t\t\t\t\t\t<div class=\"elementor-element elementor-element-11803d1 elementor-widget__width-initial elementor-invisible elementor-widget elementor-widget-text-editor\" data-id=\"11803d1\" data-element_type=\"widget\" data-e-type=\"widget\" data-settings=\"{&quot;_animation&quot;:&quot;nussFadeInUp&quot;}\" data-widget_type=\"text-editor.default\">\n\t\t\t\t\t\t\t\t\t<div class=\"svelte-1c06zsf\" data-lang-code=\"\">\n<p><strong data-spm-anchor-id=\"a2ty_o01.29997173.0.i46.4f03c921hZz1xG\">Hotel Kerry, Pek\u00edn: Experiencias y opiniones reales de hu\u00e9spedes \u2013 \u00bfPor qu\u00e9 los viajeros califican esta joya de 5 estrellas del distrito financiero con un 9,2\/10?<\/strong><\/p>\n<\/div>\t\t\t\t\t\t\t\t<\/div>\n\t\t\t\t\t<\/div>\n\t\t<\/div>\n\t\t\t\t\t<\/div>\n\t\t<\/section>\n\t\t<div class=\"elementor-element elementor-element-95e7268 e-flex e-con-boxed e-con e-parent\" data-id=\"95e7268\" data-element_type=\"container\" data-e-type=\"container\">\n\t\t\t\t\t<div class=\"e-con-inner\">\n\t\t\t\t<div class=\"elementor-element elementor-element-bd47571 elementor-widget elementor-widget-image\" data-id=\"bd47571\" data-element_type=\"widget\" data-e-type=\"widget\" data-widget_type=\"image.default\">\n\t\t\t\t\t\t\t\t\t\t\t\t\t\t\t<img fetchpriority=\"high\" decoding=\"async\" width=\"1713\" height=\"1132\" src=\"https:\/\/kerryhotelbeijing.com\/wp-content\/uploads\/2025\/11\/reviews.jpg\" class=\"attachment-full size-full wp-image-7371\" alt=\"\" srcset=\"https:\/\/kerryhotelbeijing.com\/wp-content\/uploads\/2025\/11\/reviews.jpg 1713w, https:\/\/kerryhotelbeijing.com\/wp-content\/uploads\/2025\/11\/reviews-300x198.jpg 300w, https:\/\/kerryhotelbeijing.com\/wp-content\/uploads\/2025\/11\/reviews-1024x677.jpg 1024w, https:\/\/kerryhotelbeijing.com\/wp-content\/uploads\/2025\/11\/reviews-768x508.jpg 768w, https:\/\/kerryhotelbeijing.com\/wp-content\/uploads\/2025\/11\/reviews-1536x1015.jpg 1536w, https:\/\/kerryhotelbeijing.com\/wp-content\/uploads\/2025\/11\/reviews-18x12.jpg 18w\" sizes=\"(max-width: 1713px) 100vw, 1713px\" \/>\t\t\t\t\t\t\t\t\t\t\t\t\t\t\t<\/div>\n\t\t\t\t\t<\/div>\n\t\t\t\t<\/div>\n\t\t<div class=\"elementor-element elementor-element-3e39171 e-flex e-con-boxed e-con e-parent\" data-id=\"3e39171\" data-element_type=\"container\" data-e-type=\"container\">\n\t\t\t\t\t<div class=\"e-con-inner\">\n\t\t\t\t<div class=\"elementor-element elementor-element-7761d0c elementor-widget elementor-widget-text-editor\" data-id=\"7761d0c\" data-element_type=\"widget\" data-e-type=\"widget\" data-widget_type=\"text-editor.default\">\n\t\t\t\t\t\t\t\t\t<p data-spm-anchor-id=\"a2ty_o01.29997173.0.i45.4f03c921hZz1xG\">Ubicado en <strong>No.1 Guanghua Road, distrito de Chaoyang, Beijing, 100020<\/strong>, El Kerry Hotel de Pek\u00edn no es un hotel de lujo cualquiera: es un vibrante santuario urbano que recibe constantemente elogios entusiastas de viajeros de todo el mundo. Con una excepcional <strong>Calificaci\u00f3n: 9.2\/10<\/strong> basado en m\u00e1s de <strong>2354 rese\u00f1as de hu\u00e9spedes verificadas<\/strong> En Trip.com, este establecimiento gestionado por Shangri-La ha consolidado su reputaci\u00f3n como uno de los hoteles m\u00e1s confiables y apreciados de Beijing para viajes de negocios, de placer y en familia.<\/p>\n<p>Ya sea que viaje por trabajo para una reuni\u00f3n de alto nivel, explore la Ciudad Prohibida o viaje con ni\u00f1os, el Kerry Hotel ofrece una experiencia que combina comodidad moderna, un servicio atento y una ubicaci\u00f3n privilegiada, todo respaldado por comentarios reales de viajeros que dicen mucho.<\/p>\n<div class=\"py-2 my-3\"><hr \/><\/div>\n<h3><strong>A los hu\u00e9spedes les encanta la ubicaci\u00f3n: a poca distancia a pie del coraz\u00f3n de Pek\u00edn.<\/strong><\/h3>\n<p>\u201cA poca distancia a pie de la mayor\u00eda de los edificios\u201d: as\u00ed resumi\u00f3 un hu\u00e9sped reciente la inmejorable ubicaci\u00f3n del Hotel Kerry en el distrito financiero central de Pek\u00edn. Y no es el \u00fanico.<\/p>\n<ul dir=\"auto\">\n<li><strong>Estaci\u00f3n de metro Jintaixizhao<\/strong> es simplemente <strong>a 490 metros de distancia<\/strong>.<\/li>\n<li><strong>Estaci\u00f3n Guomao<\/strong> es un mero <strong>680 metros<\/strong> \u2014 situ\u00e1ndote a pocos minutos de embajadas, sedes de multinacionales y centros comerciales como China World Mall.<\/li>\n<li>\u00bfPrincipales atracciones? <strong>Ciudad Prohibida<\/strong> y <strong>Plaza de Tiananmen<\/strong> son f\u00e1cilmente accesibles en metro, mientras que las modernas <strong>sanlit\u00fan<\/strong> Est\u00e1 a un corto trayecto en taxi.<\/li>\n<\/ul>\n<p>Como se\u00f1al\u00f3 un cr\u00edtico: <em>\u201cEl hotel est\u00e1 situado en el distrito financiero. Se puede ir andando a la mayor\u00eda de los edificios.\u201d<\/em> Para quienes viajan por negocios, esto significa menos complicaciones en los traslados y m\u00e1s horas productivas. Para los turistas, significa un acceso f\u00e1cil al vibrante ambiente cultural y comercial de Pek\u00edn.<\/p>\n<div class=\"py-2 my-3\"><hr \/><\/div>\n<h3><strong>Desayuno buffet: Un atractivo diario elogiado por casi todos los hu\u00e9spedes.<\/strong><\/h3>\n<p>\u00bfUna de las ventajas m\u00e1s mencionadas? El desayuno. Con una secci\u00f3n dedicada en el resumen de rese\u00f1as impulsado por IA de Trip.com que destaca \u201c<strong>Desayuno variado<\/strong>,\u201dEst\u00e1 claro que los hu\u00e9spedes regresan por el desayuno\u201d.<\/p>\n<ul dir=\"auto\">\n<li>Servido diariamente desde <strong>06:30\u201310:30<\/strong>, el buf\u00e9 ofrece <strong>cocinas occidental, china y asi\u00e1tica<\/strong> \u2014 Imag\u00ednate esponjosos panqueques, dim sum, congee, fruta fresca y tortillas hechas al momento.<\/li>\n<li>Los hu\u00e9spedes est\u00e1n encantados con el <strong>Frescura, variedad y men\u00fas que cambian a diario<\/strong>. Un viajero escribi\u00f3: <em>\u201cEl desayuno buffet era delicioso y abundante, con platos nuevos cada d\u00eda.\u201d<\/em><\/li>\n<li>El precio es razonable: <strong>208 yuanes por adulto<\/strong>, con tarifas especiales para ni\u00f1os \u2014y muchos hu\u00e9spedes coinciden en que vale la pena cada yuan.<\/li>\n<\/ul>\n<p>Para quienes prefieran cenar en el restaurante, <strong>servicio de habitaciones<\/strong> Tambi\u00e9n recibe altas calificaciones, especialmente por opciones indulgentes como la \u201chamburguesa doble de carne wagyu\u201d elogiada por DinaIlima en julio de 2025.<\/p>\n<div class=\"py-2 my-3\"><hr \/><\/div>\n<h3><strong>Excelencia para toda la familia: Donde los ni\u00f1os son tratados como VIPs<\/strong><\/h3>\n<p>El Hotel Kerry no solo tolera a los ni\u00f1os, sino que los celebra. Las familias lo califican constantemente con altas puntuaciones por su <strong>Servicios pensados para los ni\u00f1os y un personal amable<\/strong>.<\/p>\n<ul dir=\"auto\">\n<li><strong>Habitaciones tem\u00e1ticas de Jiabao<\/strong> (Los dise\u00f1os de Panda and Boy) deleitan a los hu\u00e9spedes m\u00e1s j\u00f3venes con una decoraci\u00f3n l\u00fadica y una distribuci\u00f3n acogedora, perfecta para cuentos antes de dormir despu\u00e9s de un d\u00eda de turismo.<\/li>\n<li>In situ <strong>Piscina infantil, parque infantil y juguetes<\/strong> Mant\u00e9n entretenidos a los m\u00e1s peque\u00f1os.<\/li>\n<li>El personal se esfuerza al m\u00e1ximo: <em>\u201cLa atenci\u00f3n del personal hacia los ni\u00f1os\u2026 lo convierte en una opci\u00f3n popular para las familias\u201d,\u201d<\/em> notas del resumen de rese\u00f1as de IA de Trip.com.<\/li>\n<\/ul>\n<p>Un padre comparti\u00f3: <em>\u201cEl hotel ofrece diversas comodidades y actividades pensadas para familias\u2026 la disponibilidad de juguetes y actividades lo convierte en una opci\u00f3n popular.\u201d<\/em><\/p>\n<p>Tanto si viajas con ni\u00f1os peque\u00f1os como con adolescentes, el Hotel Kerry se asegura de que todos se sientan bienvenidos y bien alimentados.<\/p>\n<div class=\"py-2 my-3\"><hr \/><\/div>\n<h3><strong>Un servicio excepcional: amable, atento y personalizado.<\/strong><\/h3>\n<p>En una ciudad conocida por su vibrante energ\u00eda, el personal del Hotel Kerry ofrece un servicio tranquilo, cort\u00e9s y eficiente; un detalle que no pasa desapercibido.<\/p>\n<ul dir=\"auto\">\n<li><strong>personal de recepci\u00f3n<\/strong> Se les describe repetidamente como \u201camables y serviciales\u201d, \u201cmuy atentos\u201d y \u201ca su servicio\u201d.\u201d<\/li>\n<li><strong>Servicios de conserjer\u00eda y reserva de excursiones<\/strong> ayuda con todo, desde reservas en restaurantes hasta entradas para la Gran Muralla.<\/li>\n<li><strong>Recepci\u00f3n 24 horas<\/strong> y <strong>registro de entrada\/salida expr\u00e9s<\/strong> Atender a los madrugadores y a los que llegan tarde.<\/li>\n<\/ul>\n<p>Si bien algunos hu\u00e9spedes sugieren peque\u00f1as mejoras (\u201cmejorar la calidad del servicio de recepci\u00f3n\u201d), la opini\u00f3n generalizada es positiva. Como dijo Richard Franklin Wong en octubre de 2025: <em>\u201cExcelente hotel con magn\u00edficas instalaciones. El servicio al cliente fue a\u00fan mejor. Una estancia verdaderamente maravillosa.\u201d<\/em><\/p>\n<div class=\"py-2 my-3\"><hr \/><\/div>\n<h3><strong>Limpieza y comodidad: Habitaciones amplias con toques modernos<\/strong><\/h3>\n<p>Con <strong>486 habitaciones<\/strong> \u2014incluidas las suites Club Floor con acceso exclusivo al sal\u00f3n\u2014 el Kerry Hotel combina comodidad con dise\u00f1o contempor\u00e1neo.<\/p>\n<ul dir=\"auto\">\n<li><strong>Distribuciones espaciosas<\/strong> (a partir de 38 m\u00b2), ropa de cama de lujo y grandes ventanas que ofrecen <strong>vistas a la ciudad o al jard\u00edn<\/strong>.<\/li>\n<li>Servicios con tecnolog\u00eda de punta: <strong>Televisores inteligentes de 40 pulgadas, wifi gratuito, cajas fuertes electr\u00f3nicas y l\u00edneas telef\u00f3nicas internacionales.<\/strong>.<\/li>\n<li><strong>hu\u00e9spedes del Club Floor<\/strong> Disfrute de registro privado, salida tard\u00eda, desayuno de cortes\u00eda y acceso al Sal\u00f3n Ejecutivo: ideal para viajeros de negocios que necesitan espacios de trabajo tranquilos u oportunidades para establecer contactos.<\/li>\n<\/ul>\n<p>Los usuarios califican consistentemente la limpieza en <strong>9.4\/10<\/strong>, con comentarios como: <em>\u201cExcepcionalmente limpio\u201d, \u201cba\u00f1os impecables\u201d y \u201cni una mota de polvo\u201d.\u201d<\/em><\/p>\n<div class=\"py-2 my-3\"><hr \/><\/div>\n<h3><strong>Gastronom\u00eda y vida nocturna: desde la elegancia cantonesa hasta los c\u00f3cteles de jazz<\/strong><\/h3>\n<p>Hotel Kerry <strong>cinco restaurantes<\/strong> Aseg\u00farese de que nunca tendr\u00e1 que abandonar las instalaciones, a menos que usted lo desee.<\/p>\n<ul dir=\"auto\">\n<li><strong>Restaurante chino Horizon<\/strong>Se especializa en <strong>Cocina cantonesa, de Pek\u00edn y de Sichuan<\/strong> \u2014 uno de los favoritos por sus aut\u00e9nticos sabores locales.<\/li>\n<li><strong>La cocina de Kerry<\/strong>Restaurante abierto todo el d\u00eda con platos internacionales, perfecto para comidas informales.<\/li>\n<li><strong>Centro Bar<\/strong>: Un <strong>sal\u00f3n galardonado<\/strong> Con m\u00fasica jazz en vivo, c\u00f3cteles artesanales y vinos selectos, es el lugar ideal para relajarse despu\u00e9s de un largo d\u00eda.<\/li>\n<li><strong>La despensa de Kerry<\/strong>Disfruta de pasteles artesanales, caf\u00e9 o bocadillos ligeros para llevar.<\/li>\n<\/ul>\n<p>A los hu\u00e9spedes les encanta la variedad: <em>\u201cEl restaurante del hotel y el servicio de habitaciones tambi\u00e9n destacan por ofrecer comidas deliciosas\u201d,\u201d<\/em> seg\u00fan el an\u00e1lisis de IA de Trip.com.<\/p>\n<div class=\"py-2 my-3\"><hr \/><\/div>\n<h3><strong>Bienestar y recreaci\u00f3n: Mantente activo o rel\u00e1jate con estilo<\/strong><\/h3>\n<p>Tanto si quieres hacer ejercicio entre reuniones como si prefieres relajarte en un jacuzzi despu\u00e9s de un d\u00eda de turismo, las instalaciones del Kerry Hotel te ofrecen todo lo que necesitas.<\/p>\n<ul dir=\"auto\">\n<li><strong>Piscina cubierta climatizada<\/strong> y <strong>piscina infantil<\/strong>.<\/li>\n<li><strong>Gimnasio de \u00faltima generaci\u00f3n<\/strong>, <strong>pistas de tenis y baloncesto<\/strong>, <strong>tenis de mesa<\/strong>, y <strong>cancha de squash<\/strong>.<\/li>\n<li><strong>Sala de masajes, sauna, ba\u00f1os de vapor y jacuzzi<\/strong> Para una relajaci\u00f3n total.<\/li>\n<li><strong>Pista de jogging al aire libre<\/strong> para hacer ejercicio al aire libre.<\/li>\n<\/ul>\n<p>Como lo expres\u00f3 uno de los invitados: <em>\u201cLos hu\u00e9spedes pueden mantenerse en forma\u2026 darse un chapuz\u00f3n en la piscina cubierta\u2026 recibir un masaje o retar a sus amigos a una partida de billar.\u201d<\/em><\/p>\n<div class=\"py-2 my-3\"><hr \/><\/div>\n<h3><strong>Lo que los hu\u00e9spedes desear\u00edan que se mejorara<\/strong><\/h3>\n<p>Incluso los hoteles mejor valorados tienen margen de mejora. Seg\u00fan el an\u00e1lisis de IA de Trip.com de 61 sugerencias de hu\u00e9spedes:<\/p>\n<ul dir=\"auto\">\n<li>Algunos hu\u00e9spedes recomiendan <strong>modernizaci\u00f3n de instalaciones antiguas<\/strong> (particularmente en habitaciones que no son Club).<\/li>\n<li>Algunos se\u00f1alan que <strong>pol\u00edticas de estacionamiento<\/strong> Podr\u00eda ser m\u00e1s claro (aparcamiento p\u00fablico externo disponible por 10 CNY\/hora).<\/li>\n<li>Un peque\u00f1o n\u00famero sugiere <strong>mejorar la eficiencia de la recepci\u00f3n<\/strong> durante las horas punta de registro.<\/li>\n<\/ul>\n<p>Se trata de detalles menores en una experiencia por lo dem\u00e1s estelar, y que a menudo son resueltos por el equipo directivo proactivo del hotel.<\/p>\n<div class=\"py-2 my-3\"><hr \/><\/div>\n<h3><strong>Veredicto final: \u00bfPor qu\u00e9 el Hotel Kerry de Pek\u00edn obtiene una calificaci\u00f3n de 9,2\/10?<\/strong><\/h3>\n<p>Desde su inmejorable ubicaci\u00f3n en el distrito financiero y su encanto familiar hasta su gastronom\u00eda gourmet, sus instalaciones de bienestar y su servicio excepcional, el Kerry Hotel, Beijing ofrece una experiencia de 5 estrellas que cautiva a viajeros de todo el mundo.<\/p>\n<p>Como resumi\u00f3 Anne LW en noviembre de 2025: <em>\u201cServicio incre\u00edble\u2026 habitaci\u00f3n preciosa con una ducha enorme\u2026 el desayuno buffet estaba delicioso\u2026 Sin duda lo recomendar\u00eda y volver\u00eda a alojarme aqu\u00ed.\u201d<\/em><\/p>\n<p>Ya sea que su visita sea por negocios, placer o ambos \u2014 <strong>Hotel Kerry, Pek\u00edn<\/strong> Ofrece la combinaci\u00f3n perfecta de comodidad, confort y personalidad. Reserve su estancia hoy mismo y descubra por qu\u00e9 miles de viajeros siguen regresando.<\/p>\n<p><strong>Planifica tu estancia perfecta:<\/strong> \ud83d\udccd <strong>DIRECCI\u00d3N<\/strong>: No.1 Guanghua Road, distrito de Chaoyang, Beijing, 100020, China<br \/>\ud83d\udcde <strong>Tel\u00e9fono<\/strong>: +86-10-65618833<br \/>\ud83c\udf10 <strong>Sitio web<\/strong>: <a href=\"https:\/\/kerryhotelbeijing.com\/es\/\" target=\"_blank\" rel=\"nofollow noopener\">https:\/\/kerryhotelbeijing.com <\/a><\/p>\n<p data-spm-anchor-id=\"a2ty_o01.29997173.0.i44.4f03c921hZz1xG\"><em>\u00a1Comprueba la disponibilidad y reserva tu habitaci\u00f3n ahora! \u00a1\u00daltima reserva realizada hace solo 12 minutos!<\/em><\/p>\t\t\t\t\t\t\t\t<\/div>\n\t\t\t\t\t<\/div>\n\t\t\t\t<\/div>\n\t\t\t\t<section class=\"elementor-section elementor-top-section elementor-element elementor-element-27ac2068 elementor-section-stretched elementor-section-boxed elementor-section-gap-beside-yes elementor-section-height-default elementor-section-height-default elementor-section-column-vertical-align-stretch\" data-id=\"27ac2068\" data-element_type=\"section\" data-e-type=\"section\" data-settings=\"{&quot;background_background&quot;:&quot;classic&quot;,&quot;stretch_section&quot;:&quot;section-stretched&quot;}\">\n\t\t\t\t\t\t<div class=\"elementor-container elementor-column-gap-extended\">\n\t\t\t\t\t<div class=\"elementor-column elementor-col-100 elementor-top-column elementor-element elementor-element-39dc6c9a\" data-id=\"39dc6c9a\" data-element_type=\"column\" data-e-type=\"column\">\n\t\t\t<div class=\"elementor-widget-wrap elementor-element-populated\">\n\t\t\t\t\t\t<div class=\"elementor-element elementor-element-103db9a7 elementor-widget elementor-widget-nuss-heading\" data-id=\"103db9a7\" data-element_type=\"widget\" data-e-type=\"widget\" data-widget_type=\"nuss-heading.default\">\n\t\t\t\t<div class=\"elementor-widget-container\">\n\t\t\t\t\t\t\t<div class=\"nuss-modern-heading\">\r\n\t\t\t\t\t\t<div class=\"heading-secondary-wrap\">\r\n\t\t\t\t<h3 class=\"heading-secondary elementor-heading-title\">Consultar disponibilidad <\/h3>\t\t\t<\/div>\r\n\t\t\r\n\t\t\t\r\n\t\t\t\r\n\t\t\t\t\t<\/div>\r\n\t\t\t\t\t<\/div>\n\t\t\t\t<\/div>\n\t\t\t\t<div class=\"elementor-element elementor-element-7eb12fb4 elementor-widget elementor-widget-text-editor\" data-id=\"7eb12fb4\" data-element_type=\"widget\" data-e-type=\"widget\" data-widget_type=\"text-editor.default\">\n\t\t\t\t\t\t\t\t\t<iframe border=\"0\" src=\"https:\/\/www.trip.com\/partners\/ad\/S6494511?Allianceid=4590391&#038;SID=273202182&#038;trip_sub1=\" style=\"width:1000px;height:200px\" frameborder=\"0\" scrolling=\"no\" id=\"S6494511\"><\/iframe>\t\t\t\t\t\t\t\t<\/div>\n\t\t\t\t\t<\/div>\n\t\t<\/div>\n\t\t\t\t\t<\/div>\n\t\t<\/section>\n\t\t\t\t<\/div>","protected":false},"excerpt":{"rendered":"<p>Kerry Hotel, Beijing: Real Guest Experiences &amp; Reviews \u2013 Why Travelers Rate This 5-Star CBD Gem 9.2\/10 Nestled at No.1 Guanghua Road, Chaoyang District, Beijing, 100020, Kerry Hotel, Beijing isn\u2019t just another luxury hotel \u2014 it\u2019s a vibrant urban sanctuary that consistently earns glowing praise from global travelers. With an outstanding 9.2\/10 rating based on [&hellip;]<\/p>\n","protected":false},"author":1,"featured_media":0,"parent":0,"menu_order":0,"comment_status":"closed","ping_status":"closed","template":"","meta":{"footnotes":""},"class_list":["post-2106","page","type-page","status-publish","hentry","post-no-thumbnail"],"_links":{"self":[{"href":"https:\/\/kerryhotelbeijing.com\/es\/wp-json\/wp\/v2\/pages\/2106","targetHints":{"allow":["GET"]}}],"collection":[{"href":"https:\/\/kerryhotelbeijing.com\/es\/wp-json\/wp\/v2\/pages"}],"about":[{"href":"https:\/\/kerryhotelbeijing.com\/es\/wp-json\/wp\/v2\/types\/page"}],"author":[{"embeddable":true,"href":"https:\/\/kerryhotelbeijing.com\/es\/wp-json\/wp\/v2\/users\/1"}],"replies":[{"embeddable":true,"href":"https:\/\/kerryhotelbeijing.com\/es\/wp-json\/wp\/v2\/comments?post=2106"}],"version-history":[{"count":0,"href":"https:\/\/kerryhotelbeijing.com\/es\/wp-json\/wp\/v2\/pages\/2106\/revisions"}],"wp:attachment":[{"href":"https:\/\/kerryhotelbeijing.com\/es\/wp-json\/wp\/v2\/media?parent=2106"}],"curies":[{"name":"wp","href":"https:\/\/api.w.org\/{rel}","templated":true}]}}