{"id":2104,"date":"2021-03-23T09:33:48","date_gmt":"2021-03-23T09:33:48","guid":{"rendered":"http:\/\/localhost\/nuss\/?page_id=167"},"modified":"2025-11-11T14:46:02","modified_gmt":"2025-11-11T14:46:02","slug":"nuestra-historia","status":"publish","type":"page","link":"https:\/\/kerryhotelbeijing.com\/es\/nuestra-historia\/","title":{"rendered":"Nuestra historia"},"content":{"rendered":"<div data-elementor-type=\"wp-page\" data-elementor-id=\"2104\" class=\"elementor elementor-2104\">\n\t\t\t\t\t\t<section class=\"elementor-section elementor-top-section elementor-element elementor-element-8f5bb9d elementor-section-boxed elementor-section-gap-beside-yes elementor-section-height-default elementor-section-height-default elementor-section-column-vertical-align-stretch\" data-id=\"8f5bb9d\" data-element_type=\"section\" data-e-type=\"section\">\n\t\t\t\t\t\t<div class=\"elementor-container elementor-column-gap-extended\">\n\t\t\t\t\t<div class=\"elementor-column elementor-col-100 elementor-top-column elementor-element elementor-element-7ec4215\" data-id=\"7ec4215\" data-element_type=\"column\" data-e-type=\"column\">\n\t\t\t<div class=\"elementor-widget-wrap elementor-element-populated\">\n\t\t\t\t\t\t<div class=\"elementor-element elementor-element-edd9d03 elementor-widget__width-initial elementor-invisible elementor-widget elementor-widget-text-editor\" data-id=\"edd9d03\" data-element_type=\"widget\" data-e-type=\"widget\" data-settings=\"{&quot;_animation&quot;:&quot;nussFadeInUp&quot;}\" data-widget_type=\"text-editor.default\">\n\t\t\t\t\t\t\t\t\t<p><strong data-spm-anchor-id=\"a2ty_o01.29997173.0.i68.4f03c921hZz1xG\">Nuestra historia: Donde la visi\u00f3n global se encuentra con el latido de Pek\u00edn \u2014 El legado del Hotel Kerry, Pek\u00edn<\/strong><\/p>\t\t\t\t\t\t\t\t<\/div>\n\t\t\t\t\t<\/div>\n\t\t<\/div>\n\t\t\t\t\t<\/div>\n\t\t<\/section>\n\t\t<div class=\"elementor-element elementor-element-ae7e42f e-flex e-con-boxed e-con e-parent\" data-id=\"ae7e42f\" data-element_type=\"container\" data-e-type=\"container\">\n\t\t\t\t\t<div class=\"e-con-inner\">\n\t\t\t\t<div class=\"elementor-element elementor-element-136c3a3 elementor-widget elementor-widget-text-editor\" data-id=\"136c3a3\" data-element_type=\"widget\" data-e-type=\"widget\" data-widget_type=\"text-editor.default\">\n\t\t\t\t\t\t\t\t\t<p>Ubicado en el vibrante epicentro de la capital de China, <strong>Hotel Kerry, Pek\u00edn<\/strong> es m\u00e1s que un hotel de lujo: es una historia viva de ambici\u00f3n, intercambio cultural y hospitalidad perdurable. Desde su creaci\u00f3n en 1999 como el <strong>Hotel Kerry Centre<\/strong>, Esta emblem\u00e1tica propiedad se ha convertido en un faro de elegancia moderna y servicio c\u00e1lido, combinando a la perfecci\u00f3n los est\u00e1ndares internacionales con el alma de Pek\u00edn.<\/p><p>Nuestra historia comienza con una visi\u00f3n: crear un santuario tanto para viajeros internacionales como para pioneros locales; un lugar donde se re\u00fanen l\u00edderes empresariales, las familias crean recuerdos y los exploradores recargan energ\u00edas antes de adentrarse en los antiguos callejones y los horizontes futuristas de una de las ciudades m\u00e1s din\u00e1micas del mundo. Ubicado en <strong>No.1 Guanghua Road, distrito de Chaoyang, Beijing, 100020<\/strong>, Nos encontramos orgullosamente ubicados en el distrito central de negocios (CBD) de la ciudad, a pocos pasos de sedes multinacionales, misiones diplom\u00e1ticas y lugares emblem\u00e1ticos culturales; una posici\u00f3n estrat\u00e9gica que refleja nuestra misi\u00f3n: conectar a las personas con oportunidades, comodidad y descubrimientos.<\/p><h3>Una base de excelencia<\/h3><p>Desde el primer d\u00eda, el Hotel Kerry fue concebido como parte del prestigioso <strong>Grupo Shangri-La<\/strong>, Reconocido por su compromiso con una hospitalidad que conmueve, este legado nos ha inculcado una cultura de excelencia, donde cada interacci\u00f3n con el hu\u00e9sped, cada detalle de la habitaci\u00f3n y cada creaci\u00f3n culinaria se elaboran con esmero y dedicaci\u00f3n. Nuestras 486 habitaciones, dise\u00f1adas con esmero, no solo invitan al descanso, sino tambi\u00e9n a la revitalizaci\u00f3n, y cuentan con lujosas camas, vistas panor\u00e1micas a la ciudad o al jard\u00edn y tecnolog\u00eda de vanguardia para que los hu\u00e9spedes se mantengan conectados, ya sea cerrando negocios o disfrutando de pel\u00edculas despu\u00e9s de un largo d\u00eda de turismo.<\/p><p>En 2012, una renovaci\u00f3n integral reinvent\u00f3 nuestros espacios para el viajero moderno. Conservamos la calidez y el car\u00e1cter que tanto apreciaban nuestros hu\u00e9spedes, al tiempo que mejoramos el dise\u00f1o, la funcionalidad y la sostenibilidad, garantizando que el Hotel Kerry no solo siga siendo relevante, sino que est\u00e9 a la vanguardia.<\/p><h3>Un hogar para familias, so\u00f1adores y emprendedores<\/h3><p>Creemos que el verdadero lujo reside en la personalizaci\u00f3n y la inclusi\u00f3n. Por eso fuimos pioneros. <strong>Habitaciones tem\u00e1ticas de Jiabao<\/strong> \u2014 Espacios l\u00fadicos e imaginativos dise\u00f1ados para deleitar a los ni\u00f1os con aventuras de pandas y motivos de h\u00e9roes infantiles, con batas, pantuflas y cepillos de dientes a su medida. Para los padres, es tranquilidad; para los ni\u00f1os, magia. Nuestro dedicado <strong>Piscina infantil, parque infantil y opciones gastron\u00f3micas para familias<\/strong> hacer del Hotel Kerry uno de los favoritos entre viajeros multigeneracionales.<\/p><p>Para los viajeros de negocios, ofrecemos m\u00e1s que comodidad: ofrecemos empoderamiento. Con m\u00e1s de <strong>6.000 metros cuadrados de espacio para reuniones, incentivos, conferencias y exposiciones (MICE).<\/strong>, Con espacios como el Gran Sal\u00f3n sin columnas, el Sal\u00f3n Kowloon y el pintoresco Jard\u00edn en la Azotea, hemos sido sede de todo tipo de eventos, desde cumbres de empresas Fortune 500 hasta reuniones privadas de juntas directivas. Los hu\u00e9spedes del Club Floor disfrutan de acceso exclusivo al Executive Lounge, un remanso de paz ideal para trabajar o relajarse, que ofrece desayuno, t\u00e9 de la tarde, c\u00f3cteles nocturnos y registro de entrada\/salida privados.<\/p><h3>Viajes culinarios a trav\u00e9s de los continentes<\/h3><p>Nuestra historia tambi\u00e9n se cuenta a trav\u00e9s del sabor. Desde la refinada cocina cantonesa de <strong>Restaurante chino Horizon<\/strong> a la vibrante oferta gastron\u00f3mica disponible todo el d\u00eda en <strong>La cocina de Kerry<\/strong>, Nuestros cinco restaurantes, con sus distintos estilos, invitan a los comensales a un viaje gastron\u00f3mico. <strong>Centro Bar<\/strong>, Los galardonados c\u00f3cteles y el jazz en vivo crean un ambiente propicio para conectar con los dem\u00e1s y compartir historias. Y cada ma\u00f1ana, nuestro lujoso <strong>Desayuno buffet (06:30\u201310:30)<\/strong> \u2014elogiado por los hu\u00e9spedes por su frescura y variedad internacional\u2014 marca la pauta para un d\u00eda bien comenzado.<\/p><h3>Bienestar, conexi\u00f3n y comunidad<\/h3><p>El verdadero lujo no se trata solo de comodidad, sino de vitalidad. Nuestro gimnasio de \u00faltima generaci\u00f3n, la piscina climatizada interior, las canchas de tenis y baloncesto y la pista de jogging al aire libre permiten a los hu\u00e9spedes mantenerse activos. Para quienes buscan serenidad, nuestras salas de masaje, sauna, ba\u00f1os de vapor y jacuzzi ofrecen momentos de puro placer. Ya sea jugando al squash o disfrutando de una copa de vino bajo las estrellas en el Jard\u00edn de la Azotea, el Hotel Kerry fomenta una sensaci\u00f3n de equilibrio y pertenencia.<\/p><h3>Con ra\u00edces en Pek\u00edn, conectado con el mundo<\/h3><p>Nuestra ubicaci\u00f3n no es casualidad. <strong>A 490 metros de la estaci\u00f3n de metro Jintaixizhao<\/strong> y <strong>A 680 metros de la estaci\u00f3n de Guomao<\/strong>, Nos encontramos en la encrucijada del comercio, la cultura y la conectividad. Los hu\u00e9spedes pueden llegar a la Ciudad Prohibida, la Plaza de Tiananmen o Sanlitun en cuesti\u00f3n de minutos, y regresar al tranquilo oasis de nuestro exuberante jard\u00edn interior y serenos pasillos.<\/p><p>Hablamos tu idioma \u2014 literalmente. Con personal que domina el idioma. <strong>Ingl\u00e9s y mandar\u00edn<\/strong>, Gracias a las herramientas de traducci\u00f3n disponibles en recepci\u00f3n, la comunicaci\u00f3n nunca es un obst\u00e1culo. Nuestro servicio de conserjer\u00eda 24 horas se asegura de que todas sus necesidades \u2014desde reservar una excursi\u00f3n a la Gran Muralla hasta organizar traslados al aeropuerto\u2014 se satisfagan con amabilidad y eficiencia.<\/p><h3>La promesa de Kerry: Hospitalidad que conmueve corazones<\/h3><p>Durante m\u00e1s de dos d\u00e9cadas, hemos recibido a diplom\u00e1ticos, directores ejecutivos, artistas y familias, cada uno dejando su huella en nuestra historia. Sus comentarios, sugerencias y sonrisas nos han convertido en lo que somos hoy: un hotel que no solo cumple con las expectativas, sino que las supera.<\/p><p>Escuchamos. Nos adaptamos. Innovamos. Y nunca olvidamos que detr\u00e1s de cada reserva hay una persona: alguien que busca comodidad, conexi\u00f3n o inspiraci\u00f3n. Por eso seguimos perfeccionando nuestros servicios, mejorando nuestras instalaciones y reforzando nuestro compromiso con la sostenibilidad y la comunidad.<\/p><p>En el Hotel Kerry de Pek\u00edn, nuestra historia a\u00fan se est\u00e1 escribiendo: un hu\u00e9sped, una sonrisa, una experiencia inolvidable a la vez. \u00danase a nosotros. Perm\u00edtanos ser parte de su pr\u00f3ximo cap\u00edtulo.<\/p><p data-spm-anchor-id=\"a2ty_o01.29997173.0.i70.4f03c921hZz1xG\"><em>Bienvenido a casa \u2014 al coraz\u00f3n de Pek\u00edn.<\/em><\/p>\t\t\t\t\t\t\t\t<\/div>\n\t\t\t\t\t<\/div>\n\t\t\t\t<\/div>\n\t\t\t\t<section class=\"elementor-section elementor-top-section elementor-element elementor-element-58568fff elementor-section-stretched elementor-section-boxed elementor-section-gap-beside-yes elementor-section-height-default elementor-section-height-default elementor-section-column-vertical-align-stretch\" data-id=\"58568fff\" data-element_type=\"section\" data-e-type=\"section\" data-settings=\"{&quot;background_background&quot;:&quot;classic&quot;,&quot;stretch_section&quot;:&quot;section-stretched&quot;}\">\n\t\t\t\t\t\t<div class=\"elementor-container elementor-column-gap-extended\">\n\t\t\t\t\t<div class=\"elementor-column elementor-col-100 elementor-top-column elementor-element elementor-element-64d815f6\" data-id=\"64d815f6\" data-element_type=\"column\" data-e-type=\"column\">\n\t\t\t<div class=\"elementor-widget-wrap elementor-element-populated\">\n\t\t\t\t\t\t<div class=\"elementor-element elementor-element-725cd0ac elementor-widget elementor-widget-nuss-heading\" data-id=\"725cd0ac\" data-element_type=\"widget\" data-e-type=\"widget\" data-widget_type=\"nuss-heading.default\">\n\t\t\t\t<div class=\"elementor-widget-container\">\n\t\t\t\t\t\t\t<div class=\"nuss-modern-heading\">\r\n\t\t\t\t\t\t<div class=\"heading-secondary-wrap\">\r\n\t\t\t\t<h3 class=\"heading-secondary elementor-heading-title\">Consultar disponibilidad <\/h3>\t\t\t<\/div>\r\n\t\t\r\n\t\t\t\r\n\t\t\t\r\n\t\t\t\t\t<\/div>\r\n\t\t\t\t\t<\/div>\n\t\t\t\t<\/div>\n\t\t\t\t<div class=\"elementor-element elementor-element-75093a1 elementor-widget elementor-widget-text-editor\" data-id=\"75093a1\" data-element_type=\"widget\" data-e-type=\"widget\" data-widget_type=\"text-editor.default\">\n\t\t\t\t\t\t\t\t\t<iframe border=\"0\" src=\"https:\/\/www.trip.com\/partners\/ad\/S6494511?Allianceid=4590391&#038;SID=273202182&#038;trip_sub1=\" style=\"width:1000px;height:200px\" frameborder=\"0\" scrolling=\"no\" id=\"S6494511\"><\/iframe>\t\t\t\t\t\t\t\t<\/div>\n\t\t\t\t\t<\/div>\n\t\t<\/div>\n\t\t\t\t\t<\/div>\n\t\t<\/section>\n\t\t\t\t<\/div>","protected":false},"excerpt":{"rendered":"<p>Our Story: Where Global Vision Meets Beijing\u2019s Heartbeat \u2014 The Legacy of Kerry Hotel, Beijing Nestled at the vibrant epicenter of China\u2019s capital, Kerry Hotel, Beijing is more than a luxury hotel \u2014 it is a living narrative of ambition, cultural exchange, and enduring hospitality. Since its inception in 1999 as the Kerry Centre Hotel, [&hellip;]<\/p>\n","protected":false},"author":1,"featured_media":0,"parent":0,"menu_order":0,"comment_status":"closed","ping_status":"closed","template":"","meta":{"footnotes":""},"class_list":["post-2104","page","type-page","status-publish","hentry","post-no-thumbnail"],"_links":{"self":[{"href":"https:\/\/kerryhotelbeijing.com\/es\/wp-json\/wp\/v2\/pages\/2104","targetHints":{"allow":["GET"]}}],"collection":[{"href":"https:\/\/kerryhotelbeijing.com\/es\/wp-json\/wp\/v2\/pages"}],"about":[{"href":"https:\/\/kerryhotelbeijing.com\/es\/wp-json\/wp\/v2\/types\/page"}],"author":[{"embeddable":true,"href":"https:\/\/kerryhotelbeijing.com\/es\/wp-json\/wp\/v2\/users\/1"}],"replies":[{"embeddable":true,"href":"https:\/\/kerryhotelbeijing.com\/es\/wp-json\/wp\/v2\/comments?post=2104"}],"version-history":[{"count":0,"href":"https:\/\/kerryhotelbeijing.com\/es\/wp-json\/wp\/v2\/pages\/2104\/revisions"}],"wp:attachment":[{"href":"https:\/\/kerryhotelbeijing.com\/es\/wp-json\/wp\/v2\/media?parent=2104"}],"curies":[{"name":"wp","href":"https:\/\/api.w.org\/{rel}","templated":true}]}}