{"id":5266,"date":"2021-07-18T08:03:35","date_gmt":"2021-07-18T08:03:35","guid":{"rendered":"https:\/\/nuss.uxper.co\/luxury-resort\/?page_id=5266"},"modified":"2025-11-11T11:25:49","modified_gmt":"2025-11-11T11:25:49","slug":"uber-uns","status":"publish","type":"page","link":"https:\/\/kerryhotelbeijing.com\/de\/uber-uns\/","title":{"rendered":"\u00dcber uns"},"content":{"rendered":"<div data-elementor-type=\"wp-page\" data-elementor-id=\"5266\" class=\"elementor elementor-5266\">\n\t\t\t\t\t\t<section class=\"elementor-section elementor-top-section elementor-element elementor-element-10416953 elementor-section-boxed elementor-section-gap-beside-yes elementor-section-height-default elementor-section-height-default elementor-section-column-vertical-align-stretch\" data-id=\"10416953\" data-element_type=\"section\" data-e-type=\"section\">\n\t\t\t\t\t\t<div class=\"elementor-container elementor-column-gap-extended\">\n\t\t\t\t\t<div class=\"elementor-column elementor-col-100 elementor-top-column elementor-element elementor-element-29c6aa8\" data-id=\"29c6aa8\" data-element_type=\"column\" data-e-type=\"column\">\n\t\t\t<div class=\"elementor-widget-wrap elementor-element-populated\">\n\t\t\t\t\t\t<div class=\"elementor-element elementor-element-7be18fe7 elementor-widget__width-initial elementor-invisible elementor-widget elementor-widget-text-editor\" data-id=\"7be18fe7\" data-element_type=\"widget\" data-e-type=\"widget\" data-settings=\"{&quot;_animation&quot;:&quot;nussFadeInUp&quot;}\" data-widget_type=\"text-editor.default\">\n\t\t\t\t\t\t\t\t\t<div class=\"svelte-1c06zsf\" data-lang-code=\"\"><p data-spm-anchor-id=\"a2ty_o01.29997173.0.i27.ead2c921ZzvKd1\">Ihr stilvolles Tor zum Bund und zur Nanjing Road<\/p><\/div>\t\t\t\t\t\t\t\t<\/div>\n\t\t\t\t\t<\/div>\n\t\t<\/div>\n\t\t\t\t\t<\/div>\n\t\t<\/section>\n\t\t\t\t<section class=\"elementor-section elementor-top-section elementor-element elementor-element-7d18327f elementor-section-boxed elementor-section-gap-beside-yes elementor-section-height-default elementor-section-height-default elementor-section-column-vertical-align-stretch\" data-id=\"7d18327f\" data-element_type=\"section\" data-e-type=\"section\">\n\t\t\t\t\t\t<div class=\"elementor-container elementor-column-gap-extended\">\n\t\t\t\t\t<div class=\"elementor-column elementor-col-50 elementor-top-column elementor-element elementor-element-56533670\" data-id=\"56533670\" data-element_type=\"column\" data-e-type=\"column\">\n\t\t\t<div class=\"elementor-widget-wrap elementor-element-populated\">\n\t\t\t\t\t\t<div class=\"elementor-element elementor-element-19c3f543 elementor-drop-cap-yes elementor-drop-cap-view-default elementor-invisible elementor-widget elementor-widget-text-editor\" data-id=\"19c3f543\" data-element_type=\"widget\" data-e-type=\"widget\" data-settings=\"{&quot;_animation&quot;:&quot;nussFadeInUp&quot;,&quot;drop_cap&quot;:&quot;yes&quot;}\" data-widget_type=\"text-editor.default\">\n\t\t\t\t\t\t\t\t\t<p data-spm-anchor-id=\"a2ty_o01.29997173.0.i23.4f03c921hZz1xG\">Eingebettet im pulsierenden Herzen von Pekings zentralem Gesch\u00e4fts- und Diplomatenviertel, <strong>Kerry Hotel, Peking<\/strong> Das (ehemals Kerry Centre Hotel) bietet eine unvergleichliche Kombination aus modernem Luxus, familienfreundlichem Komfort und optimaler Anbindung f\u00fcr Urlaubs- und Gesch\u00e4ftsreisende. Strategisch g\u00fcnstig gelegen am <strong>No.1 Guanghua Road, Chaoyang District, Peking, 100020<\/strong>, Dieses 5-Sterne-Stadthotel liegt nur wenige Schritte von wichtigen Sehensw\u00fcrdigkeiten, multinationalen Konzernen, dem exklusiven Einkaufszentrum China World Mall und kulturellen Hotspots wie der Verbotenen Stadt und Sanlitun entfernt. <strong>Jintaixizhao<\/strong> Und <strong>Guomao<\/strong> Dank der U-Bahn-Stationen, die innerhalb von 10 Minuten zu Fu\u00df erreichbar sind, l\u00e4sst sich die Stadt m\u00fchelos erkunden.<\/p>\t\t\t\t\t\t\t\t<\/div>\n\t\t\t\t\t<\/div>\n\t\t<\/div>\n\t\t\t\t<div class=\"elementor-column elementor-col-50 elementor-top-column elementor-element elementor-element-30f14127\" data-id=\"30f14127\" data-element_type=\"column\" data-e-type=\"column\">\n\t\t\t<div class=\"elementor-widget-wrap elementor-element-populated\">\n\t\t\t\t\t\t<div class=\"elementor-element elementor-element-59aea08 elementor-widget elementor-widget-image\" data-id=\"59aea08\" data-element_type=\"widget\" data-e-type=\"widget\" data-widget_type=\"image.default\">\n\t\t\t\t\t\t\t\t\t\t\t\t\t\t\t<img fetchpriority=\"high\" decoding=\"async\" width=\"1024\" height=\"768\" src=\"https:\/\/kerryhotelbeijing.com\/wp-content\/uploads\/2025\/11\/Kerry-Hotel-Beijing-111-1024x768.webp\" class=\"attachment-large size-large wp-image-7252\" alt=\"\" srcset=\"https:\/\/kerryhotelbeijing.com\/wp-content\/uploads\/2025\/11\/Kerry-Hotel-Beijing-111-1024x768.webp 1024w, https:\/\/kerryhotelbeijing.com\/wp-content\/uploads\/2025\/11\/Kerry-Hotel-Beijing-111-300x225.webp 300w, https:\/\/kerryhotelbeijing.com\/wp-content\/uploads\/2025\/11\/Kerry-Hotel-Beijing-111-768x576.webp 768w, https:\/\/kerryhotelbeijing.com\/wp-content\/uploads\/2025\/11\/Kerry-Hotel-Beijing-111-16x12.webp 16w, https:\/\/kerryhotelbeijing.com\/wp-content\/uploads\/2025\/11\/Kerry-Hotel-Beijing-111.webp 1137w\" sizes=\"(max-width: 1024px) 100vw, 1024px\" \/>\t\t\t\t\t\t\t\t\t\t\t\t\t\t\t<\/div>\n\t\t\t\t\t<\/div>\n\t\t<\/div>\n\t\t\t\t\t<\/div>\n\t\t<\/section>\n\t\t\t\t<section class=\"elementor-section elementor-top-section elementor-element elementor-element-29fb8578 elementor-section-height-min-height elementor-section-stretched elementor-section-full_width elementor-section-items-stretch elementor-section-height-default elementor-section-column-vertical-align-stretch\" data-id=\"29fb8578\" data-element_type=\"section\" data-e-type=\"section\" data-settings=\"{&quot;stretch_section&quot;:&quot;section-stretched&quot;}\">\n\t\t\t\t\t\t<div class=\"elementor-container elementor-column-gap-no\">\n\t\t\t\t\t<div class=\"elementor-column elementor-col-50 elementor-top-column elementor-element elementor-element-40ac270b\" data-id=\"40ac270b\" data-element_type=\"column\" data-e-type=\"column\">\n\t\t\t<div class=\"elementor-widget-wrap elementor-element-populated\">\n\t\t\t\t\t\t<div class=\"elementor-element elementor-element-20872773 elementor-widget__width-initial elementor-widget-mobile__width-inherit elementor-invisible nuss-elementor-loading nuss-slide-in-right elementor-widget elementor-widget-image\" data-id=\"20872773\" data-element_type=\"widget\" data-e-type=\"widget\" data-settings=\"{&quot;_animation&quot;:&quot;nussSlideInRight&quot;}\" data-widget_type=\"image.default\">\n\t\t\t\t\t\t\t\t\t\t\t\t\t\t\t<img decoding=\"async\" width=\"1280\" height=\"853\" src=\"https:\/\/kerryhotelbeijing.com\/wp-content\/uploads\/2025\/11\/Kerry-Hotel-Beijing-88.webp\" class=\"attachment-full size-full wp-image-7229\" alt=\"\" srcset=\"https:\/\/kerryhotelbeijing.com\/wp-content\/uploads\/2025\/11\/Kerry-Hotel-Beijing-88.webp 1280w, https:\/\/kerryhotelbeijing.com\/wp-content\/uploads\/2025\/11\/Kerry-Hotel-Beijing-88-300x200.webp 300w, https:\/\/kerryhotelbeijing.com\/wp-content\/uploads\/2025\/11\/Kerry-Hotel-Beijing-88-1024x682.webp 1024w, https:\/\/kerryhotelbeijing.com\/wp-content\/uploads\/2025\/11\/Kerry-Hotel-Beijing-88-768x512.webp 768w, https:\/\/kerryhotelbeijing.com\/wp-content\/uploads\/2025\/11\/Kerry-Hotel-Beijing-88-18x12.webp 18w\" sizes=\"(max-width: 1280px) 100vw, 1280px\" \/>\t\t\t\t\t\t\t\t\t\t\t\t\t\t\t<\/div>\n\t\t\t\t\t<\/div>\n\t\t<\/div>\n\t\t\t\t<div class=\"elementor-column elementor-col-50 elementor-top-column elementor-element elementor-element-2dac103\" data-id=\"2dac103\" data-element_type=\"column\" data-e-type=\"column\">\n\t\t\t<div class=\"elementor-widget-wrap elementor-element-populated\">\n\t\t\t\t\t\t<div class=\"elementor-element elementor-element-6f1b8966 elementor-invisible elementor-widget elementor-widget-text-editor\" data-id=\"6f1b8966\" data-element_type=\"widget\" data-e-type=\"widget\" data-settings=\"{&quot;_animation&quot;:&quot;nussFadeInUp&quot;}\" data-widget_type=\"text-editor.default\">\n\t\t\t\t\t\t\t\t\t<p data-spm-anchor-id=\"a2ty_o01.29997173.0.i24.4f03c921hZz1xG\">Prahlerei <strong>486 ger\u00e4umige, durchdacht gestaltete Zimmer und Suiten<\/strong>, Das Kerry Hotel in Peking bietet h\u00f6chsten Komfort mit luxuri\u00f6ser Bettw\u00e4sche, 40-Zoll-Smart-TVs, Highspeed-WLAN und einem atemberaubenden Blick auf die Skyline der Stadt oder die idyllische Gartenanlage des Hotels. Familien kommen hier besonders auf ihre Kosten mit verspielten Spiel- und Unterhaltungsm\u00f6glichkeiten. <strong>Jiabao-Themenzimmer<\/strong>\u2013 darunter Panda- und Jungenabenteuer \u2013 sowie ein separates Kinderbecken, ein Indoor-Spielplatz und kinderfreundliche Speisem\u00f6glichkeiten. G\u00e4ste der Club-Etage genie\u00dfen exklusive Vorteile wie privaten Check-in, sp\u00e4ten Check-out und vollen Zugang zum \u2026 <strong>Executive Lounge<\/strong> mit kostenlosem Fr\u00fchst\u00fcck, Nachmittagstee und abendlichen Cocktails.<\/p><div class=\"my-2\">\u00a0<\/div><p>Kulinarische Erlebnisse pr\u00e4gen das gesamte Hotel. <strong>f\u00fcnf verschiedene Speiselokale<\/strong>. Von den raffinierten kantonesischen und Sichuan-Spezialit\u00e4ten im <strong>Horizon Chinese Restaurant<\/strong> zu den globalen Buffets bei <strong>Kerrys K\u00fcche<\/strong>, und die handgemachten Snacks und der Kaffee bei <strong>Kerrys Vorratskammer<\/strong>, Jeder Gaumen wird verw\u00f6hnt. Nicht verpassen! <strong>Centro Bar<\/strong>, Die preisgekr\u00f6nte Lounge bietet handgemachte Cocktails, Live-Jazz und eine gesellige Atmosph\u00e4re \u2013 perfekt zum Entspannen nach einem Tag voller Meetings oder Sightseeing. Das Hotel ist ber\u00fchmt f\u00fcr seine <strong>Fr\u00fchst\u00fccksbuffet (6:30\u201310:30 Uhr)<\/strong>Das Restaurant \u2013 von den G\u00e4sten immer wieder gelobt \u2013 ist ein Highlight und bietet eine gro\u00dfe Auswahl an westlichen, chinesischen und asiatischen Gerichten, die mit frischen, regionalen Zutaten zubereitet werden.<\/p>\t\t\t\t\t\t\t\t<\/div>\n\t\t\t\t\t<\/div>\n\t\t<\/div>\n\t\t\t\t\t<\/div>\n\t\t<\/section>\n\t\t\t\t<section class=\"elementor-section elementor-top-section elementor-element elementor-element-ad82ccb elementor-section-height-min-height elementor-section-stretched elementor-section-full_width elementor-section-items-stretch elementor-section-height-default elementor-section-column-vertical-align-stretch\" data-id=\"ad82ccb\" data-element_type=\"section\" data-e-type=\"section\" data-settings=\"{&quot;stretch_section&quot;:&quot;section-stretched&quot;}\">\n\t\t\t\t\t\t<div class=\"elementor-container elementor-column-gap-no\">\n\t\t\t\t\t<div class=\"elementor-column elementor-col-50 elementor-top-column elementor-element elementor-element-b62f051\" data-id=\"b62f051\" data-element_type=\"column\" data-e-type=\"column\">\n\t\t\t<div class=\"elementor-widget-wrap elementor-element-populated\">\n\t\t\t\t\t\t<div class=\"elementor-element elementor-element-b6e1e9a elementor-invisible elementor-widget elementor-widget-text-editor\" data-id=\"b6e1e9a\" data-element_type=\"widget\" data-e-type=\"widget\" data-settings=\"{&quot;_animation&quot;:&quot;nussFadeInUp&quot;}\" data-widget_type=\"text-editor.default\">\n\t\t\t\t\t\t\t\t\t<p>Im Bereich Wellness und Erholung zeichnet sich das Kerry Hotel, Beijing durch ein weitl\u00e4ufiges Angebot aus. <strong>beheiztes Hallenbad<\/strong>, komplett ausgestattet <strong>Fitnesscenter<\/strong>, <strong>Tennis- und Basketballpl\u00e4tze<\/strong>, <strong>Tischtennisraum<\/strong>, und verj\u00fcngend <strong>Massageleistungen<\/strong>. Gesch\u00e4ftsreisende profitieren von \u00fcber <strong>6.000 Quadratmeter vielseitige MICE-Fl\u00e4che<\/strong>, darunter ein s\u00e4ulenloser gro\u00dfer Ballsaal, zehn flexible Veranstaltungsr\u00e4ume und ein malerischer Dachgarten \u2013 ideal f\u00fcr Konferenzen, Galas oder Hochzeiten an besonderen Orten.<\/p><div class=\"my-2\">\u00a0<\/div><p>Unterst\u00fctzt von vertrauensw\u00fcrdigen <strong>Shangri-La-Gruppe<\/strong>, Das Kerry Hotel in Peking vereint internationale Standards mit herzlichem, pers\u00f6nlichem Service. Mit einer herausragenden <strong>9,2\/10 G\u00e4stebewertung<\/strong> Das Kerry Hotel in Peking, das auf Trip.com regelm\u00e4\u00dfig f\u00fcr seine Sauberkeit, Lage und familienfreundlichen Annehmlichkeiten gelobt wird, ist nach wie vor eine Top-Wahl f\u00fcr anspruchsvolle Reisende, die in Chinas dynamischer Hauptstadt Komfort und Bequemlichkeit suchen. Ob Wochenendtrip, Gesch\u00e4ftsreise oder unvergesslicher Familienurlaub \u2013 das Kerry Hotel in Peking garantiert einen ebenso unkomplizierten wie au\u00dfergew\u00f6hnlichen Aufenthalt.<\/p>\t\t\t\t\t\t\t\t<\/div>\n\t\t\t\t\t<\/div>\n\t\t<\/div>\n\t\t\t\t<div class=\"elementor-column elementor-col-50 elementor-top-column elementor-element elementor-element-dc3c6aa\" data-id=\"dc3c6aa\" data-element_type=\"column\" data-e-type=\"column\">\n\t\t\t<div class=\"elementor-widget-wrap elementor-element-populated\">\n\t\t\t\t\t\t<div class=\"elementor-element elementor-element-0b618bd elementor-widget__width-initial elementor-widget-mobile__width-inherit elementor-invisible nuss-elementor-loading nuss-slide-in-right elementor-widget elementor-widget-image\" data-id=\"0b618bd\" data-element_type=\"widget\" data-e-type=\"widget\" data-settings=\"{&quot;_animation&quot;:&quot;nussSlideInRight&quot;}\" data-widget_type=\"image.default\">\n\t\t\t\t\t\t\t\t\t\t\t\t\t\t\t<img decoding=\"async\" width=\"1280\" height=\"853\" src=\"https:\/\/kerryhotelbeijing.com\/wp-content\/uploads\/2025\/11\/Kerry-Hotel-Beijing-37.webp\" class=\"attachment-full size-full wp-image-7178\" alt=\"\" srcset=\"https:\/\/kerryhotelbeijing.com\/wp-content\/uploads\/2025\/11\/Kerry-Hotel-Beijing-37.webp 1280w, https:\/\/kerryhotelbeijing.com\/wp-content\/uploads\/2025\/11\/Kerry-Hotel-Beijing-37-300x200.webp 300w, https:\/\/kerryhotelbeijing.com\/wp-content\/uploads\/2025\/11\/Kerry-Hotel-Beijing-37-1024x682.webp 1024w, https:\/\/kerryhotelbeijing.com\/wp-content\/uploads\/2025\/11\/Kerry-Hotel-Beijing-37-768x512.webp 768w, https:\/\/kerryhotelbeijing.com\/wp-content\/uploads\/2025\/11\/Kerry-Hotel-Beijing-37-18x12.webp 18w\" sizes=\"(max-width: 1280px) 100vw, 1280px\" \/>\t\t\t\t\t\t\t\t\t\t\t\t\t\t\t<\/div>\n\t\t\t\t\t<\/div>\n\t\t<\/div>\n\t\t\t\t\t<\/div>\n\t\t<\/section>\n\t\t\t\t<section class=\"elementor-section elementor-top-section elementor-element elementor-element-2092b7d0 elementor-section-stretched elementor-section-boxed elementor-section-gap-beside-yes elementor-section-height-default elementor-section-height-default elementor-section-column-vertical-align-stretch\" data-id=\"2092b7d0\" data-element_type=\"section\" data-e-type=\"section\" data-settings=\"{&quot;background_background&quot;:&quot;classic&quot;,&quot;stretch_section&quot;:&quot;section-stretched&quot;}\">\n\t\t\t\t\t\t<div class=\"elementor-container elementor-column-gap-extended\">\n\t\t\t\t\t<div class=\"elementor-column elementor-col-100 elementor-top-column elementor-element elementor-element-be69d75\" data-id=\"be69d75\" data-element_type=\"column\" data-e-type=\"column\">\n\t\t\t<div class=\"elementor-widget-wrap elementor-element-populated\">\n\t\t\t\t\t\t<div class=\"elementor-element elementor-element-320c022 elementor-widget elementor-widget-nuss-heading\" data-id=\"320c022\" data-element_type=\"widget\" data-e-type=\"widget\" data-widget_type=\"nuss-heading.default\">\n\t\t\t\t<div class=\"elementor-widget-container\">\n\t\t\t\t\t\t\t<div class=\"nuss-modern-heading\">\r\n\t\t\t\t\t\t<div class=\"heading-secondary-wrap\">\r\n\t\t\t\t<h3 class=\"heading-secondary elementor-heading-title\">Verf\u00fcgbarkeit pr\u00fcfen <\/h3>\t\t\t<\/div>\r\n\t\t\r\n\t\t\t\r\n\t\t\t\r\n\t\t\t\t\t<\/div>\r\n\t\t\t\t\t<\/div>\n\t\t\t\t<\/div>\n\t\t\t\t<div class=\"elementor-element elementor-element-fe69a93 elementor-widget elementor-widget-text-editor\" data-id=\"fe69a93\" data-element_type=\"widget\" data-e-type=\"widget\" data-widget_type=\"text-editor.default\">\n\t\t\t\t\t\t\t\t\t<iframe border=\"0\" src=\"https:\/\/www.trip.com\/partners\/ad\/S6494511?Allianceid=4590391&#038;SID=273202182&#038;trip_sub1=\" style=\"width:1000px;height:200px\" frameborder=\"0\" scrolling=\"no\" id=\"S6494511\"><\/iframe>\t\t\t\t\t\t\t\t<\/div>\n\t\t\t\t\t<\/div>\n\t\t<\/div>\n\t\t\t\t\t<\/div>\n\t\t<\/section>\n\t\t\t\t<\/div>","protected":false},"excerpt":{"rendered":"<p>Your Stylish Gateway to the Bund &amp; Nanjing Road Nestled in the vibrant heart of Beijing\u2019s central business and diplomatic district, Kerry Hotel, Beijing (formerly Kerry Centre Hotel) offers an unparalleled blend of modern luxury, family-friendly comfort, and seamless connectivity for both leisure and business travelers. Strategically located at No.1 Guanghua Road, Chaoyang District, Beijing, [&hellip;]<\/p>\n","protected":false},"author":1,"featured_media":0,"parent":0,"menu_order":0,"comment_status":"closed","ping_status":"closed","template":"","meta":{"footnotes":""},"class_list":["post-5266","page","type-page","status-publish","hentry","post-no-thumbnail"],"_links":{"self":[{"href":"https:\/\/kerryhotelbeijing.com\/de\/wp-json\/wp\/v2\/pages\/5266","targetHints":{"allow":["GET"]}}],"collection":[{"href":"https:\/\/kerryhotelbeijing.com\/de\/wp-json\/wp\/v2\/pages"}],"about":[{"href":"https:\/\/kerryhotelbeijing.com\/de\/wp-json\/wp\/v2\/types\/page"}],"author":[{"embeddable":true,"href":"https:\/\/kerryhotelbeijing.com\/de\/wp-json\/wp\/v2\/users\/1"}],"replies":[{"embeddable":true,"href":"https:\/\/kerryhotelbeijing.com\/de\/wp-json\/wp\/v2\/comments?post=5266"}],"version-history":[{"count":0,"href":"https:\/\/kerryhotelbeijing.com\/de\/wp-json\/wp\/v2\/pages\/5266\/revisions"}],"wp:attachment":[{"href":"https:\/\/kerryhotelbeijing.com\/de\/wp-json\/wp\/v2\/media?parent=5266"}],"curies":[{"name":"wp","href":"https:\/\/api.w.org\/{rel}","templated":true}]}}