{"id":2109,"date":"2021-03-26T08:35:58","date_gmt":"2021-03-26T08:35:58","guid":{"rendered":"http:\/\/localhost\/nuss\/?page_id=536"},"modified":"2025-11-11T11:32:58","modified_gmt":"2025-11-11T11:32:58","slug":"geschaftseinrichtungen","status":"publish","type":"page","link":"https:\/\/kerryhotelbeijing.com\/de\/geschaftseinrichtungen\/","title":{"rendered":"Business-Einrichtungen"},"content":{"rendered":"<div data-elementor-type=\"wp-page\" data-elementor-id=\"2109\" class=\"elementor elementor-2109\">\n\t\t\t\t<div class=\"elementor-element elementor-element-fd6cbd7 e-flex e-con-boxed e-con e-parent\" data-id=\"fd6cbd7\" data-element_type=\"container\" data-e-type=\"container\">\n\t\t\t\t\t<div class=\"e-con-inner\">\n\t\t\t\t<div class=\"elementor-element elementor-element-0f4e55c elementor-widget elementor-widget-heading\" data-id=\"0f4e55c\" data-element_type=\"widget\" data-e-type=\"widget\" data-widget_type=\"heading.default\">\n\t\t\t\t\t<h4 class=\"elementor-heading-title elementor-size-default\">Kerry Hotel, Peking: Erstklassige Gesch\u00e4ftseinrichtungen im Herzen von Chinas Hauptstadt \u2013 Wo globale Meetings auf reibungslose Durchf\u00fchrung treffen <\/h4>\t\t\t\t<\/div>\n\t\t\t\t\t<\/div>\n\t\t\t\t<\/div>\n\t\t<div class=\"elementor-element elementor-element-812d16c e-flex e-con-boxed e-con e-parent\" data-id=\"812d16c\" data-element_type=\"container\" data-e-type=\"container\">\n\t\t\t\t\t<div class=\"e-con-inner\">\n\t\t\t\t<div class=\"elementor-element elementor-element-2cbfa9f elementor-widget elementor-widget-nuss-image-gallery\" data-id=\"2cbfa9f\" data-element_type=\"widget\" data-e-type=\"widget\" data-widget_type=\"nuss-image-gallery.default\">\n\t\t\t\t<div class=\"elementor-widget-container\">\n\t\t\t\t\t\t\t<div class=\"nuss-grid-wrapper\" data-grid=\"{&quot;type&quot;:&quot;grid&quot;,&quot;ratio&quot;:null,&quot;columns&quot;:3,&quot;gutter&quot;:30}\">\r\n\t\t\t<div class=\"nuss-grid lazy-grid\">\r\n\t\t\t\t<div class=\"grid-sizer\"><\/div>\r\n\r\n\t\t\t\t\t\t\t\t\t\t\t\t<div class=\"grid-item\">\r\n\t\t\t\t\t\t<div class=\"nuss-box\">\t\t<div class=\"nuss-image image\">\r\n\t\t\t<img decoding=\"async\"  src=\"https:\/\/kerryhotelbeijing.com\/wp-content\/uploads\/2025\/11\/Kerry-Hotel-Beijing-132.webp\" alt=\"Kerry Hotel Beijing (132)\" \/>\t\t<\/div>\r\n\t\t\t\t<\/div>\t\t\t\t\t<\/div>\r\n\t\t\t\t\t\t<div class=\"grid-item\">\r\n\t\t\t\t\t\t<div class=\"nuss-box\">\t\t<div class=\"nuss-image image\">\r\n\t\t\t<img decoding=\"async\"  src=\"https:\/\/kerryhotelbeijing.com\/wp-content\/uploads\/2025\/11\/Kerry-Hotel-Beijing-131.webp\" alt=\"Kerry Hotel Beijing (131)\" \/>\t\t<\/div>\r\n\t\t\t\t<\/div>\t\t\t\t\t<\/div>\r\n\t\t\t\t\t\t<div class=\"grid-item\">\r\n\t\t\t\t\t\t<div class=\"nuss-box\">\t\t<div class=\"nuss-image image\">\r\n\t\t\t<img decoding=\"async\"  src=\"https:\/\/kerryhotelbeijing.com\/wp-content\/uploads\/2025\/11\/Kerry-Hotel-Beijing-130.webp\" alt=\"Kerry Hotel Beijing (130)\" \/>\t\t<\/div>\r\n\t\t\t\t<\/div>\t\t\t\t\t<\/div>\r\n\t\t\t\t\t\t<div class=\"grid-item\">\r\n\t\t\t\t\t\t<div class=\"nuss-box\">\t\t<div class=\"nuss-image image\">\r\n\t\t\t<img decoding=\"async\"  src=\"https:\/\/kerryhotelbeijing.com\/wp-content\/uploads\/2025\/11\/Kerry-Hotel-Beijing-129.webp\" alt=\"Kerry Hotel Beijing (129)\" \/>\t\t<\/div>\r\n\t\t\t\t<\/div>\t\t\t\t\t<\/div>\r\n\t\t\t\t\t\t<div class=\"grid-item\">\r\n\t\t\t\t\t\t<div class=\"nuss-box\">\t\t<div class=\"nuss-image image\">\r\n\t\t\t<img decoding=\"async\"  src=\"https:\/\/kerryhotelbeijing.com\/wp-content\/uploads\/2025\/11\/Kerry-Hotel-Beijing-140.webp\" alt=\"Kerry Hotel Beijing (140)\" \/>\t\t<\/div>\r\n\t\t\t\t<\/div>\t\t\t\t\t<\/div>\r\n\t\t\t\t\t\t<div class=\"grid-item\">\r\n\t\t\t\t\t\t<div class=\"nuss-box\">\t\t<div class=\"nuss-image image\">\r\n\t\t\t<img decoding=\"async\"  src=\"https:\/\/kerryhotelbeijing.com\/wp-content\/uploads\/2025\/11\/Kerry-Hotel-Beijing-137.webp\" alt=\"Kerry Hotel Beijing (137)\" \/>\t\t<\/div>\r\n\t\t\t\t<\/div>\t\t\t\t\t<\/div>\r\n\t\t\t\t\t\t<div class=\"grid-item\">\r\n\t\t\t\t\t\t<div class=\"nuss-box\">\t\t<div class=\"nuss-image image\">\r\n\t\t\t<img decoding=\"async\"  src=\"https:\/\/kerryhotelbeijing.com\/wp-content\/uploads\/2025\/11\/Kerry-Hotel-Beijing-45.webp\" alt=\"Kerry Hotel Beijing (45)\" \/>\t\t<\/div>\r\n\t\t\t\t<\/div>\t\t\t\t\t<\/div>\r\n\t\t\t\t\t\t<div class=\"grid-item\">\r\n\t\t\t\t\t\t<div class=\"nuss-box\">\t\t<div class=\"nuss-image image\">\r\n\t\t\t<img decoding=\"async\"  src=\"https:\/\/kerryhotelbeijing.com\/wp-content\/uploads\/2025\/11\/Kerry-Hotel-Beijing-40.webp\" alt=\"Kerry Hotel Beijing (40)\" \/>\t\t<\/div>\r\n\t\t\t\t<\/div>\t\t\t\t\t<\/div>\r\n\t\t\t\t\t\t<div class=\"grid-item\">\r\n\t\t\t\t\t\t<div class=\"nuss-box\">\t\t<div class=\"nuss-image image\">\r\n\t\t\t<img decoding=\"async\"  src=\"https:\/\/kerryhotelbeijing.com\/wp-content\/uploads\/2025\/11\/Kerry-Hotel-Beijing-31.webp\" alt=\"Kerry Hotel Beijing (31)\" \/>\t\t<\/div>\r\n\t\t\t\t<\/div>\t\t\t\t\t<\/div>\r\n\t\t\t\t\t\t<div class=\"grid-item\">\r\n\t\t\t\t\t\t<div class=\"nuss-box\">\t\t<div class=\"nuss-image image\">\r\n\t\t\t<img decoding=\"async\"  src=\"https:\/\/kerryhotelbeijing.com\/wp-content\/uploads\/2025\/11\/Kerry-Hotel-Beijing-144.webp\" alt=\"Kerry Hotel Beijing (144)\" \/>\t\t<\/div>\r\n\t\t\t\t<\/div>\t\t\t\t\t<\/div>\r\n\t\t\t\t\t\t<div class=\"grid-item\">\r\n\t\t\t\t\t\t<div class=\"nuss-box\">\t\t<div class=\"nuss-image image\">\r\n\t\t\t<img decoding=\"async\"  src=\"https:\/\/kerryhotelbeijing.com\/wp-content\/uploads\/2025\/11\/Kerry-Hotel-Beijing-145.webp\" alt=\"Kerry Hotel Beijing (145)\" \/>\t\t<\/div>\r\n\t\t\t\t<\/div>\t\t\t\t\t<\/div>\r\n\t\t\t\t\t\t<div class=\"grid-item\">\r\n\t\t\t\t\t\t<div class=\"nuss-box\">\t\t<div class=\"nuss-image image\">\r\n\t\t\t<img decoding=\"async\"  src=\"https:\/\/kerryhotelbeijing.com\/wp-content\/uploads\/2025\/11\/Kerry-Hotel-Beijing-150.webp\" alt=\"Kerry Hotel Beijing (150)\" \/>\t\t<\/div>\r\n\t\t\t\t<\/div>\t\t\t\t\t<\/div>\r\n\t\t\t\t\t\t<div class=\"grid-item\">\r\n\t\t\t\t\t\t<div class=\"nuss-box\">\t\t<div class=\"nuss-image image\">\r\n\t\t\t<img decoding=\"async\"  src=\"https:\/\/kerryhotelbeijing.com\/wp-content\/uploads\/2025\/11\/Kerry-Hotel-Beijing-146.webp\" alt=\"Kerry Hotel Beijing (146)\" \/>\t\t<\/div>\r\n\t\t\t\t<\/div>\t\t\t\t\t<\/div>\r\n\t\t\t\t\t\t<div class=\"grid-item\">\r\n\t\t\t\t\t\t<div class=\"nuss-box\">\t\t<div class=\"nuss-image image\">\r\n\t\t\t<img decoding=\"async\"  src=\"https:\/\/kerryhotelbeijing.com\/wp-content\/uploads\/2025\/11\/Kerry-Hotel-Beijing-139.webp\" alt=\"Kerry Hotel Beijing (139)\" \/>\t\t<\/div>\r\n\t\t\t\t<\/div>\t\t\t\t\t<\/div>\r\n\t\t\t\t\t\t\t\r\n\t\t\t<\/div>\r\n\t\t<\/div>\r\n\t\t\t\t\t\t<\/div>\n\t\t\t\t<\/div>\n\t\t\t\t\t<\/div>\n\t\t\t\t<\/div>\n\t\t<div class=\"elementor-element elementor-element-10ad611 e-flex e-con-boxed e-con e-parent\" data-id=\"10ad611\" data-element_type=\"container\" data-e-type=\"container\">\n\t\t\t\t\t<div class=\"e-con-inner\">\n\t\t\t\t<div class=\"elementor-element elementor-element-f78c516 elementor-widget elementor-widget-text-editor\" data-id=\"f78c516\" data-element_type=\"widget\" data-e-type=\"widget\" data-widget_type=\"text-editor.default\">\n\t\t\t\t\t\t\t\t\t<p data-spm-anchor-id=\"a2ty_o01.29997173.0.i34.4f03c921hZz1xG\">Strategisch positioniert bei <strong>No.1 Guanghua Road, Chaoyang District, Peking, 100020<\/strong>, Das Kerry Hotel in Peking ist mehr als nur ein Luxushotel \u2013 es ist ein erstklassiges Business-Zentrum f\u00fcr F\u00fchrungskr\u00e4fte, Unternehmer und internationale Konzerne, die in einer der dynamischsten St\u00e4dte Asiens eine reibungslose Veranstaltungsabwicklung anstreben. Als Teil der renommierten Shangri-La-Gruppe bietet dieses 5-Sterne-Hotel herausragende MICE-Einrichtungen (Meetings, Incentives, Konferenzen, Ausstellungen) in Peking und Umgebung. <strong>\u00fcber 6.000 Quadratmeter<\/strong> Dank seiner vielseitigen, hochmodernen R\u00e4umlichkeiten ist es die erste Wahl f\u00fcr Firmenveranstaltungen, wichtige Verhandlungen, Produkteinf\u00fchrungen und internationale Gipfeltreffen.<\/p><div class=\"my-2\">\u00a0<\/div><h3>Un\u00fcbertroffene Konferenz- und Veranstaltungsr\u00e4ume f\u00fcr jeden Bedarf<\/h3><p>Ob Sie eine vertrauliche Vorstandssitzung oder eine gro\u00dfe Gala f\u00fcr mehr als 500 G\u00e4ste veranstalten m\u00f6chten, das Kerry Hotel in Peking bietet flexible, elegante R\u00e4umlichkeiten, die auf Ihre Bed\u00fcrfnisse zugeschnitten sind:<\/p><div class=\"my-2\">\u00a0<\/div><ul dir=\"auto\"><li><p><strong>Gro\u00dfer Ballsaal<\/strong>Als Kr\u00f6nung des Veranstaltungsportfolios des Hotels besticht dieser s\u00e4ulenlose Ballsaal durch hohe Decken, ausgekl\u00fcgelte Beleuchtungssysteme und raumhohe Fenster mit Panoramablick auf die Stadt \u2013 perfekt f\u00fcr gro\u00dfe Konferenzen, Bankette und Preisverleihungen.<\/p><\/li><li><p><strong>Kowloon Ballsaal<\/strong>Ein ger\u00e4umiger, flexibler Saal, ideal f\u00fcr mittelgro\u00dfe Meetings, Schulungen oder Cocktail-Empf\u00e4nge, mit individuell anpassbarer Raumaufteilung und modernster audiovisueller Ausstattung.<\/p><\/li><li><p><strong>Zehn separate Veranstaltungsr\u00e4ume<\/strong>Von intimen Sitzungss\u00e4len bis hin zu mittelgro\u00dfen Besprechungsr\u00e4umen ist jeder Raum mit modernster Technologie ausgestattet, darunter Multimedia-Anzeigesysteme, Highspeed-WLAN und nahtlose Videokonferenzfunktionen \u2013 so ist Produktivit\u00e4t gew\u00e4hrleistet, egal ob Sie vor lokalen Stakeholdern pr\u00e4sentieren oder sich mit globalen Teams vernetzen.<\/p><\/li><li><p><strong>Dachgarten<\/strong>: Ein exklusiver Veranstaltungsort im Freien f\u00fcr Networking-Events, Teambuilding-Aktivit\u00e4ten oder Empf\u00e4nge bei Sonnenuntergang \u2013 eine Mischung aus nat\u00fcrlichem Ambiente und urbaner Eleganz, inklusive Catering-Service und malerischer Kulisse im Stadtzentrum.<\/p><\/li><\/ul><div class=\"my-2\">\u00a0<\/div><p>Alle Veranstaltungsorte werden von den Experten von Kerry Hotel unterst\u00fctzt. <strong>Veranstaltungsplanungsteam<\/strong>, die sich um jedes Detail k\u00fcmmern \u2013 von Blumengestecken und themenbezogener Dekoration bis hin zu AV-Technik, Simultan\u00fcbersetzung und individuell gestalteten Men\u00fcs \u2013 sodass Sie sich auf Ihre Agenda und nicht auf die Logistik konzentrieren k\u00f6nnen.<\/p><div class=\"my-2\">\u00a0<\/div><h3>Exklusive Annehmlichkeiten speziell f\u00fcr Gesch\u00e4ftsreisende<\/h3><p>\u00dcber die Tagungsr\u00e4ume hinaus bietet das Kerry Hotel, Beijing, mit erstklassigen Serviceleistungen ein au\u00dfergew\u00f6hnliches Gesch\u00e4ftserlebnis:<\/p><div class=\"my-2\">\u00a0<\/div><ul dir=\"auto\"><li><p><strong>Executive Lounge (Club-Etage)<\/strong>Exklusiv f\u00fcr G\u00e4ste der Club-Etage bietet diese Oase der Ruhe privaten Check-in\/Check-out, kostenloses Fr\u00fchst\u00fcck und abendliche Cocktails, eigene Arbeitspl\u00e4tze, kostenlosen Zugang zu Tagungsr\u00e4umen (bis zu 2 Stunden) und einen pers\u00f6nlichen Concierge-Service \u2013 damit Ihre Auszeit zu produktiven Momenten wird.<\/p><\/li><li><p><strong>24-Stunden-Businesscenter<\/strong>Ausgestattet mit Druckern, Scannern, Faxger\u00e4ten und Hochgeschwindigkeitsinternet sowie mehrsprachigem Personal, das Ihnen bei Dokumenten in letzter Minute oder dringenden Mitteilungen behilflich ist.<\/p><\/li><li><p><strong>Priorisierter Flughafentransfer &amp; Concierge-Service<\/strong>Sparen Sie wertvolle Zeit mit vorab gebuchten Flughafentransfers (gegen Aufpreis erh\u00e4ltlich) und lassen Sie den Concierge zwischen Ihren Meetings alles f\u00fcr Sie organisieren \u2013 von Taxis \u00fcber Restaurantreservierungen bis hin zu kulturellen Ausfl\u00fcgen.<\/p><\/li><li><p><strong>Hochgeschwindigkeitsverbindungen<\/strong>Kostenloses WLAN im gesamten Hotel, einschlie\u00dflich der G\u00e4stezimmer, \u00f6ffentlichen Bereiche und Veranstaltungsr\u00e4ume, gew\u00e4hrleistet ununterbrochene Kommunikation und ortsunabh\u00e4ngige Zusammenarbeit.<\/p><\/li><\/ul><div class=\"my-2\">\u00a0<\/div><h3>Strategische Lage f\u00fcr maximale Effizienz<\/h3><p>Das Kerry Hotel liegt im zentralen Gesch\u00e4ftsviertel (CBD) von Peking, nur wenige Schritte von multinationalen Konzernzentralen, Botschaften und wichtigen Verkehrsknotenpunkten entfernt. <strong>490 Meter von der U-Bahn-Station Jintaixizhao entfernt<\/strong> Und <strong>680 Meter vom Bahnhof Guomao entfernt<\/strong>, Sie erreichen wichtige Gesch\u00e4ftsviertel, Regierungsgeb\u00e4ude oder ber\u00fchmte Sehensw\u00fcrdigkeiten wie die Verbotene Stadt und Sanlitun innerhalb weniger Minuten. Das Hotel bietet au\u00dferdem <strong>Autovermietungsdienste<\/strong> Und <strong>Hilfe bei der Taxibuchung<\/strong>, wodurch Sie sich in der gesamten Hauptstadt uneingeschr\u00e4nkt bewegen k\u00f6nnen.<\/p><div class=\"my-2\">\u00a0<\/div><h3>Kulinarische Exzellenz f\u00fcr mehr Produktivit\u00e4t<\/h3><p>Genie\u00dfen Sie f\u00fcr Ihre Meetings Gourmet-Catering, kreiert von preisgekr\u00f6nten K\u00f6chen. Von leichten Erfrischungen w\u00e4hrend der Breakout-Sessions bis hin zu opulenten Bankett-Dinners \u2013 das K\u00fcchenteam des Hotels kreiert Men\u00fcs mit authentischen kantonesischen, Sichuan- und Pekinger Spezialit\u00e4ten sowie internationaler K\u00fcche. Speisen Sie im Hotel. <strong>Horizon Chinese Restaurant<\/strong>, Genie\u00dfen Sie zwanglose Snacks bei <strong>Kerrys K\u00fcche<\/strong>, oder entspannen Sie sich bei raffinierten Cocktails und Live-Jazz im <strong>Centro Bar<\/strong> \u2014 alles in fu\u00dfl\u00e4ufiger Entfernung zu Ihrem Veranstaltungsort.<\/p><div class=\"my-2\">\u00a0<\/div><h3>Warum globale Konzerne das Kerry Hotel in Peking w\u00e4hlen<\/h3><p>Mit einer herausragenden <strong>9,2\/10 G\u00e4stebewertung<\/strong> Das Kerry Hotel in Peking, das f\u00fcr seinen \u201cau\u00dfergew\u00f6hnlichen Service\u201d, seine \u201cSauberkeit\u201d und seine \u201cideale Lage\u201d immer wieder gelobt wird, hat sich seinen Ruf als erstklassige Adresse f\u00fcr Gesch\u00e4ftsreisende erworben. Ob Sie eine mehrt\u00e4gige Konferenz organisieren, Investorentreffen abhalten oder Firmenjubil\u00e4en feiern m\u00f6chten \u2013 das Hotel vereint Luxus, Funktionalit\u00e4t und lokale Expertise zu unvergesslichen und ergebnisorientierten Erlebnissen.<\/p><div class=\"my-2\">\u00a0<\/div><p data-spm-anchor-id=\"a2ty_o01.29997173.0.i35.4f03c921hZz1xG\">Buchen Sie Ihre n\u00e4chste Firmenveranstaltung oder Ihren n\u00e4chsten Gesch\u00e4ftsaufenthalt im Kerry Hotel, Beijing \u2013 wo Effizienz auf Eleganz trifft und jedes Detail darauf ausgelegt ist, Ihnen zum Erfolg zu verhelfen.<\/p>\t\t\t\t\t\t\t\t<\/div>\n\t\t\t\t\t<\/div>\n\t\t\t\t<\/div>\n\t\t\t\t<section class=\"elementor-section elementor-top-section elementor-element elementor-element-3cc0c8bf elementor-section-stretched elementor-section-boxed elementor-section-gap-beside-yes elementor-section-height-default elementor-section-height-default elementor-section-column-vertical-align-stretch\" data-id=\"3cc0c8bf\" data-element_type=\"section\" data-e-type=\"section\" data-settings=\"{&quot;background_background&quot;:&quot;classic&quot;,&quot;stretch_section&quot;:&quot;section-stretched&quot;}\">\n\t\t\t\t\t\t<div class=\"elementor-container elementor-column-gap-extended\">\n\t\t\t\t\t<div class=\"elementor-column elementor-col-100 elementor-top-column elementor-element elementor-element-6bc6e647\" data-id=\"6bc6e647\" data-element_type=\"column\" data-e-type=\"column\">\n\t\t\t<div class=\"elementor-widget-wrap elementor-element-populated\">\n\t\t\t\t\t\t<div class=\"elementor-element elementor-element-33c773f elementor-widget elementor-widget-nuss-heading\" data-id=\"33c773f\" data-element_type=\"widget\" data-e-type=\"widget\" data-widget_type=\"nuss-heading.default\">\n\t\t\t\t<div class=\"elementor-widget-container\">\n\t\t\t\t\t\t\t<div class=\"nuss-modern-heading\">\r\n\t\t\t\t\t\t<div class=\"heading-secondary-wrap\">\r\n\t\t\t\t<h3 class=\"heading-secondary elementor-heading-title\">Verf\u00fcgbarkeit pr\u00fcfen <\/h3>\t\t\t<\/div>\r\n\t\t\r\n\t\t\t\r\n\t\t\t\r\n\t\t\t\t\t<\/div>\r\n\t\t\t\t\t<\/div>\n\t\t\t\t<\/div>\n\t\t\t\t<div class=\"elementor-element elementor-element-5f10e38a elementor-widget elementor-widget-text-editor\" data-id=\"5f10e38a\" data-element_type=\"widget\" data-e-type=\"widget\" data-widget_type=\"text-editor.default\">\n\t\t\t\t\t\t\t\t\t<iframe border=\"0\" src=\"https:\/\/www.trip.com\/partners\/ad\/S6494511?Allianceid=4590391&#038;SID=273202182&#038;trip_sub1=\" style=\"width:1000px;height:200px\" frameborder=\"0\" scrolling=\"no\" id=\"S6494511\"><\/iframe>\t\t\t\t\t\t\t\t<\/div>\n\t\t\t\t\t<\/div>\n\t\t<\/div>\n\t\t\t\t\t<\/div>\n\t\t<\/section>\n\t\t\t\t<\/div>","protected":false},"excerpt":{"rendered":"<p>Kerry Hotel, Beijing: Premier Business Facilities in the Heart of China\u2019s Capital \u2013 Where Global Meetings Meet Seamless Execution Strategically positioned at No.1 Guanghua Road, Chaoyang District, Beijing, 100020, Kerry Hotel, Beijing isn\u2019t just a luxury hotel \u2014 it\u2019s a world-class business hub designed for executives, entrepreneurs, and global corporations seeking flawless event execution in [&hellip;]<\/p>\n","protected":false},"author":1,"featured_media":0,"parent":0,"menu_order":0,"comment_status":"closed","ping_status":"closed","template":"","meta":{"footnotes":""},"class_list":["post-2109","page","type-page","status-publish","hentry","post-no-thumbnail"],"_links":{"self":[{"href":"https:\/\/kerryhotelbeijing.com\/de\/wp-json\/wp\/v2\/pages\/2109","targetHints":{"allow":["GET"]}}],"collection":[{"href":"https:\/\/kerryhotelbeijing.com\/de\/wp-json\/wp\/v2\/pages"}],"about":[{"href":"https:\/\/kerryhotelbeijing.com\/de\/wp-json\/wp\/v2\/types\/page"}],"author":[{"embeddable":true,"href":"https:\/\/kerryhotelbeijing.com\/de\/wp-json\/wp\/v2\/users\/1"}],"replies":[{"embeddable":true,"href":"https:\/\/kerryhotelbeijing.com\/de\/wp-json\/wp\/v2\/comments?post=2109"}],"version-history":[{"count":0,"href":"https:\/\/kerryhotelbeijing.com\/de\/wp-json\/wp\/v2\/pages\/2109\/revisions"}],"wp:attachment":[{"href":"https:\/\/kerryhotelbeijing.com\/de\/wp-json\/wp\/v2\/media?parent=2109"}],"curies":[{"name":"wp","href":"https:\/\/api.w.org\/{rel}","templated":true}]}}