{"id":2106,"date":"2021-03-25T04:08:26","date_gmt":"2021-03-25T04:08:26","guid":{"rendered":"http:\/\/localhost\/nuss\/?page_id=298"},"modified":"2025-11-11T14:47:18","modified_gmt":"2025-11-11T14:47:18","slug":"erfahrungen","status":"publish","type":"page","link":"https:\/\/kerryhotelbeijing.com\/de\/erfahrungen\/","title":{"rendered":"Kerry Hotel Beijing Bewertungen"},"content":{"rendered":"<div data-elementor-type=\"wp-page\" data-elementor-id=\"2106\" class=\"elementor elementor-2106\">\n\t\t\t\t\t\t<section class=\"elementor-section elementor-top-section elementor-element elementor-element-1954ffc elementor-section-boxed elementor-section-gap-beside-yes elementor-section-height-default elementor-section-height-default elementor-section-column-vertical-align-stretch\" data-id=\"1954ffc\" data-element_type=\"section\" data-e-type=\"section\">\n\t\t\t\t\t\t<div class=\"elementor-container elementor-column-gap-extended\">\n\t\t\t\t\t<div class=\"elementor-column elementor-col-100 elementor-top-column elementor-element elementor-element-86aebc5\" data-id=\"86aebc5\" data-element_type=\"column\" data-e-type=\"column\">\n\t\t\t<div class=\"elementor-widget-wrap elementor-element-populated\">\n\t\t\t\t\t\t<div class=\"elementor-element elementor-element-11803d1 elementor-widget__width-initial elementor-invisible elementor-widget elementor-widget-text-editor\" data-id=\"11803d1\" data-element_type=\"widget\" data-e-type=\"widget\" data-settings=\"{&quot;_animation&quot;:&quot;nussFadeInUp&quot;}\" data-widget_type=\"text-editor.default\">\n\t\t\t\t\t\t\t\t\t<div class=\"svelte-1c06zsf\" data-lang-code=\"\">\n<p><strong data-spm-anchor-id=\"a2ty_o01.29997173.0.i46.4f03c921hZz1xG\">Kerry Hotel, Peking: Echte G\u00e4steerfahrungen &amp; Bewertungen \u2013 Warum Reisende dieses 5-Sterne-Juwel im Gesch\u00e4ftsviertel mit 9,2\/10 bewerten<\/strong><\/p>\n<\/div>\t\t\t\t\t\t\t\t<\/div>\n\t\t\t\t\t<\/div>\n\t\t<\/div>\n\t\t\t\t\t<\/div>\n\t\t<\/section>\n\t\t<div class=\"elementor-element elementor-element-95e7268 e-flex e-con-boxed e-con e-parent\" data-id=\"95e7268\" data-element_type=\"container\" data-e-type=\"container\">\n\t\t\t\t\t<div class=\"e-con-inner\">\n\t\t\t\t<div class=\"elementor-element elementor-element-bd47571 elementor-widget elementor-widget-image\" data-id=\"bd47571\" data-element_type=\"widget\" data-e-type=\"widget\" data-widget_type=\"image.default\">\n\t\t\t\t\t\t\t\t\t\t\t\t\t\t\t<img fetchpriority=\"high\" decoding=\"async\" width=\"1713\" height=\"1132\" src=\"https:\/\/kerryhotelbeijing.com\/wp-content\/uploads\/2025\/11\/reviews.jpg\" class=\"attachment-full size-full wp-image-7371\" alt=\"\" srcset=\"https:\/\/kerryhotelbeijing.com\/wp-content\/uploads\/2025\/11\/reviews.jpg 1713w, https:\/\/kerryhotelbeijing.com\/wp-content\/uploads\/2025\/11\/reviews-300x198.jpg 300w, https:\/\/kerryhotelbeijing.com\/wp-content\/uploads\/2025\/11\/reviews-1024x677.jpg 1024w, https:\/\/kerryhotelbeijing.com\/wp-content\/uploads\/2025\/11\/reviews-768x508.jpg 768w, https:\/\/kerryhotelbeijing.com\/wp-content\/uploads\/2025\/11\/reviews-1536x1015.jpg 1536w, https:\/\/kerryhotelbeijing.com\/wp-content\/uploads\/2025\/11\/reviews-18x12.jpg 18w\" sizes=\"(max-width: 1713px) 100vw, 1713px\" \/>\t\t\t\t\t\t\t\t\t\t\t\t\t\t\t<\/div>\n\t\t\t\t\t<\/div>\n\t\t\t\t<\/div>\n\t\t<div class=\"elementor-element elementor-element-3e39171 e-flex e-con-boxed e-con e-parent\" data-id=\"3e39171\" data-element_type=\"container\" data-e-type=\"container\">\n\t\t\t\t\t<div class=\"e-con-inner\">\n\t\t\t\t<div class=\"elementor-element elementor-element-7761d0c elementor-widget elementor-widget-text-editor\" data-id=\"7761d0c\" data-element_type=\"widget\" data-e-type=\"widget\" data-widget_type=\"text-editor.default\">\n\t\t\t\t\t\t\t\t\t<p data-spm-anchor-id=\"a2ty_o01.29997173.0.i45.4f03c921hZz1xG\">Eingebettet in <strong>No.1 Guanghua Road, Chaoyang District, Peking, 100020<\/strong>, Das Kerry Hotel in Peking ist nicht einfach nur ein weiteres Luxushotel \u2013 es ist eine pulsierende Oase mitten in der Stadt, die von Reisenden aus aller Welt immer wieder hoch gelobt wird. Mit einem herausragenden <strong>Bewertung: 9,2\/10<\/strong> basierend auf \u00fcber <strong>2.354 verifizierte G\u00e4stebewertungen<\/strong> Auf Trip.com hat sich dieses von Shangri-La gef\u00fchrte Hotel seinen Ruf als eines der vertrauensw\u00fcrdigsten und beliebtesten Hotels in Peking f\u00fcr Gesch\u00e4fts-, Freizeit- und Familienaufenthalte gleicherma\u00dfen gesichert.<\/p>\n<p>Ob Sie zu einem wichtigen Meeting aufbrechen, die Verbotene Stadt erkunden oder mit Kindern reisen, das Kerry Hotel bietet ein Erlebnis, das modernen Komfort, aufmerksamen Service und eine erstklassige Lage vereint \u2013 alles untermauert durch echtes Feedback von Reisenden, das B\u00e4nde spricht.<\/p>\n<div class=\"py-2 my-3\"><hr \/><\/div>\n<h3><strong>G\u00e4ste lieben die Lage: Nur wenige Gehminuten vom pulsierenden Herzen Pekings entfernt<\/strong><\/h3>\n<p>\u201cDie meisten Geb\u00e4ude sind fu\u00dfl\u00e4ufig erreichbar\u201d \u2013 so fasste ein Gast k\u00fcrzlich die unschlagbare Lage des Kerry Hotels im zentralen Gesch\u00e4ftsviertel (CBD) von Peking zusammen. Und er ist nicht der Einzige, der so denkt.<\/p>\n<ul dir=\"auto\">\n<li><strong>U-Bahnhof Jintaixizhao<\/strong> ist einfach <strong>490 Meter entfernt<\/strong>.<\/li>\n<li><strong>Guomao-Station<\/strong> ist ein blo\u00dfes <strong>680 Meter<\/strong> \u2014 sodass Sie innerhalb weniger Minuten Botschaften, Hauptsitze multinationaler Konzerne und Einkaufszentren wie die China World Mall erreichen.<\/li>\n<li>Hauptattraktionen? Die <strong>Verbotene Stadt<\/strong> Und <strong>Tiananmen-Platz<\/strong> sind bequem mit der U-Bahn erreichbar, w\u00e4hrend trendige <strong>Sanlitun<\/strong> ist nur eine kurze Taxifahrt entfernt.<\/li>\n<\/ul>\n<p>Wie ein Rezensent anmerkte: <em>\u201cDas Hotel befindet sich im Gesch\u00e4ftsviertel. Die meisten Geb\u00e4ude sind fu\u00dfl\u00e4ufig erreichbar.\u201d<\/em> F\u00fcr Gesch\u00e4ftsreisende bedeutet dies weniger Stress beim Umsteigen und mehr produktive Arbeitszeit. F\u00fcr Touristen bedeutet es m\u00fchelosen Zugang zum kulturellen und wirtschaftlichen Puls Pekings.<\/p>\n<div class=\"py-2 my-3\"><hr \/><\/div>\n<h3><strong>Fr\u00fchst\u00fccksbuffet: Ein t\u00e4gliches Highlight, das von nahezu allen G\u00e4sten gelobt wird<\/strong><\/h3>\n<p>Einer der am h\u00e4ufigsten genannten Vorteile? Das Fr\u00fchst\u00fcck. In der KI-gest\u00fctzten Bewertungs\u00fcbersicht von Trip.com gibt es sogar einen eigenen Abschnitt, der Folgendes hervorhebt: \u201c<strong>Abwechslungsreiches Fr\u00fchst\u00fcck<\/strong>,\u201dEs ist klar, dass die G\u00e4ste wegen des Fr\u00fchst\u00fccksbuffets wiederkommen.\u201c.<\/p>\n<ul dir=\"auto\">\n<li>T\u00e4glich serviert von <strong>06:30\u201310:30<\/strong>, Das Buffet bietet <strong>Westliche, chinesische und asiatische K\u00fcche<\/strong> \u2014 Denken Sie an fluffige Pfannkuchen, Dim Sum, Congee, frisches Obst und Omeletts nach Wunsch.<\/li>\n<li>Die G\u00e4ste sind begeistert von der <strong>Frische, Vielfalt und t\u00e4glich wechselnde Gerichte<\/strong>. Ein Reisender schrieb: <em>\u201cDas Fr\u00fchst\u00fccksbuffet war sehr lecker und reichhaltig, und es gab jeden Tag neue Speisen.\u201d<\/em><\/li>\n<li>Die Preise sind angemessen: <strong>208 CNY pro Erwachsenem<\/strong>, Es gibt auch Kindertarife \u2013 und viele G\u00e4ste sind sich einig, dass es jeden Yuan wert ist.<\/li>\n<\/ul>\n<p>F\u00fcr diejenigen, die lieber im Restaurant speisen, <strong>Zimmerservice<\/strong> erh\u00e4lt ebenfalls Bestnoten \u2013 insbesondere f\u00fcr genussvolle Optionen wie den \u201cDouble Wagyu Beef Burger\u201d, der von DinaIlima im Juli 2025 gelobt wurde.<\/p>\n<div class=\"py-2 my-3\"><hr \/><\/div>\n<h3><strong>Exzellente Familienfreundlichkeit: Wo Kinder wie VIPs behandelt werden<\/strong><\/h3>\n<p>Das Kerry Hotel ist nicht nur kinderfreundlich \u2013 es wird von Kindern geradezu gefeiert. Familien bewerten es durchweg hoch f\u00fcr seine <strong>kinderfreundliche Ausstattung und herzliches Personal<\/strong>.<\/p>\n<ul dir=\"auto\">\n<li><strong>Jiabao-Themenzimmer<\/strong> (Panda und Boy Designs) begeistern junge G\u00e4ste mit verspielter Dekoration und gem\u00fctlicher Raumaufteilung \u2013 perfekt f\u00fcr Gutenachtgeschichten nach einem Tag voller Besichtigungen.<\/li>\n<li>Vor Ort <strong>Kinderbecken, Spielplatz und Spielzeug<\/strong> Die Kleinen unterhalten.<\/li>\n<li>Die Mitarbeiter geben alles: <em>\u201cDie Aufmerksamkeit des Personals gegen\u00fcber Kindern\u2026 macht es zu einer beliebten Wahl f\u00fcr Familien.\u201d<\/em> Anmerkungen zur KI-gest\u00fctzten Bewertungszusammenfassung von Trip.com.<\/li>\n<\/ul>\n<p>Ein Elternteil teilte mit: <em>\u201cDas Hotel bietet verschiedene Annehmlichkeiten und Aktivit\u00e4ten f\u00fcr Familien\u2026 das Angebot an Spielzeug und Besch\u00e4ftigungsm\u00f6glichkeiten macht es zu einer beliebten Wahl.\u201d<\/em><\/p>\n<p>Egal ob Sie mit Kleinkindern oder Teenagern reisen, im Kerry Hotel wird daf\u00fcr gesorgt, dass sich jeder willkommen und gut verpflegt f\u00fchlt.<\/p>\n<div class=\"py-2 my-3\"><hr \/><\/div>\n<h3><strong>Service, der sich auszeichnet: H\u00f6flich, reaktionsschnell und pers\u00f6nlich<\/strong><\/h3>\n<p>In einer Stadt, die f\u00fcr ihre pulsierende Energie bekannt ist, bietet das Personal des Kerry Hotels einen ruhigen, zuvorkommenden und effizienten Service \u2013 ein Detail, das nicht unbemerkt bleibt.<\/p>\n<ul dir=\"auto\">\n<li><strong>Mitarbeiter an der Rezeption<\/strong> werden wiederholt als \u201ch\u00f6flich und hilfsbereit\u201d, \u201csehr reaktionsschnell\u201d und \u201czu Ihren Diensten\u201d beschrieben.\u201d<\/li>\n<li><strong>Concierge- und Tourbuchungsservice<\/strong> Wir helfen Ihnen bei allem, von Restaurantreservierungen bis hin zu Eintrittskarten f\u00fcr die Chinesische Mauer.<\/li>\n<li><strong>24-Stunden-Rezeption<\/strong> Und <strong>Express-Check-in\/-out<\/strong> Wir gehen auf die Bed\u00fcrfnisse von Fr\u00fchaufstehern und Sp\u00e4tank\u00f6mmlingen ein.<\/li>\n<\/ul>\n<p>W\u00e4hrend einige G\u00e4ste kleinere Verbesserungen vorschlagen (\u201cVerbesserung der Servicequalit\u00e4t an der Rezeption\u201d), ist die \u00fcberwiegende Meinung positiv. Wie Richard Franklin Wong es im Oktober 2025 formulierte: <em>\u201cEin hervorragendes Hotel mit wundersch\u00f6ner Ausstattung. Der Kundenservice war sogar noch besser. Wirklich ein wunderbarer Aufenthalt.\u201d<\/em><\/p>\n<div class=\"py-2 my-3\"><hr \/><\/div>\n<h3><strong>Sauberkeit &amp; Komfort: Ger\u00e4umige Zimmer mit modernen Akzenten<\/strong><\/h3>\n<p>Mit <strong>486 Zimmer<\/strong> \u2014 einschlie\u00dflich Club Floor Suiten mit exklusivem Lounge-Zugang \u2014 Das Kerry Hotel vereint Komfort mit modernem Design.<\/p>\n<ul dir=\"auto\">\n<li><strong>Gro\u00dfz\u00fcgige Grundrisse<\/strong> (ab 38 m\u00b2), luxuri\u00f6se Betten und gro\u00dfe Fenster bieten <strong>Stadt- oder Gartenblick<\/strong>.<\/li>\n<li>Technisch fortschrittliche Ausstattung: <strong>40-Zoll-Smart-TVs, kostenloses WLAN, elektronische Safes und internationale Telefonleitungen<\/strong>.<\/li>\n<li><strong>G\u00e4ste der Club-Etage<\/strong> Genie\u00dfen Sie privaten Check-in, sp\u00e4ten Check-out, kostenloses Fr\u00fchst\u00fcck und Zugang zur Executive Lounge \u2013 ideal f\u00fcr Gesch\u00e4ftsreisende, die ruhige Arbeitsbereiche oder Networking-M\u00f6glichkeiten ben\u00f6tigen.<\/li>\n<\/ul>\n<p>Die Sauberkeit wird von den Rezensenten durchweg mit einer hohen Punktzahl bewertet. <strong>9.4\/10<\/strong>, mit Kommentaren wie: <em>\u201cau\u00dfergew\u00f6hnlich sauber\u201d, \u201cmakellose Badezimmer\u201d und \u201cnirgends Staub\u201d.\u201d<\/em><\/p>\n<div class=\"py-2 my-3\"><hr \/><\/div>\n<h3><strong>Gastronomie &amp; Nachtleben: Von kantonesischer Eleganz bis hin zu Jazz-Cocktails<\/strong><\/h3>\n<p>Kerry Hotel <strong>f\u00fcnf Speiselokale<\/strong> Stellen Sie sicher, dass Sie das Gel\u00e4nde nie verlassen m\u00fcssen \u2013 es sei denn, Sie m\u00f6chten es.<\/p>\n<ul dir=\"auto\">\n<li><strong>Horizon Chinese Restaurant<\/strong>Spezialisiert auf <strong>Kantonesische, Pekinger und Sichuan-K\u00fcche<\/strong> \u2014 ein beliebter Ort f\u00fcr authentische regionale Spezialit\u00e4ten.<\/li>\n<li><strong>Kerrys K\u00fcche<\/strong>Ganzt\u00e4gig ge\u00f6ffnetes Restaurant mit internationalen Gerichten, ideal f\u00fcr zwanglose Mahlzeiten.<\/li>\n<li><strong>Centro Bar<\/strong>: Ein <strong>preisgekr\u00f6nte Lounge<\/strong> Mit Live-Jazz, handgemachten Cocktails und erlesenen Weinen \u2013 ideal zum Entspannen nach einem langen Tag.<\/li>\n<li><strong>Kerrys Vorratskammer<\/strong>: Holen Sie sich handgemachtes Geb\u00e4ck, Kaffee oder kleine Snacks f\u00fcr unterwegs.<\/li>\n<\/ul>\n<p>Die G\u00e4ste lieben die Vielfalt: <em>\u201cDas hoteleigene Restaurant und der Zimmerservice sind ebenfalls f\u00fcr ihre k\u00f6stlichen Speisen bekannt.\u201d<\/em> laut der KI-Analyse von Trip.com.<\/p>\n<div class=\"py-2 my-3\"><hr \/><\/div>\n<h3><strong>Wellness &amp; Freizeit: Aktiv bleiben oder stilvoll entspannen<\/strong><\/h3>\n<p>Ob Sie zwischen Meetings ein Workout einlegen oder nach einem Tag voller Besichtigungen im Whirlpool entspannen m\u00f6chten \u2013 die Einrichtungen des Kerry Hotels lassen keine W\u00fcnsche offen.<\/p>\n<ul dir=\"auto\">\n<li><strong>Beheiztes Hallenbad<\/strong> Und <strong>Kinderbecken<\/strong>.<\/li>\n<li><strong>hochmodernes Fitnessstudio<\/strong>, <strong>Tennis- und Basketballpl\u00e4tze<\/strong>, <strong>Tischtennis<\/strong>, Und <strong>Squashplatz<\/strong>.<\/li>\n<li><strong>Massageraum, Sauna, Dampfbad und Whirlpool<\/strong> F\u00fcr ultimative Entspannung.<\/li>\n<li><strong>Joggingstrecke im Freien<\/strong> f\u00fcr Fitness an der frischen Luft.<\/li>\n<\/ul>\n<p>Wie ein Gast es ausdr\u00fcckte: <em>\u201cG\u00e4ste k\u00f6nnen sich fit halten\u2026 im Hallenbad schwimmen gehen\u2026 sich massieren lassen oder Freunde zu einer Partie Billard herausfordern.\u201d<\/em><\/p>\n<div class=\"py-2 my-3\"><hr \/><\/div>\n<h3><strong>Was G\u00e4ste sich als Verbesserung w\u00fcnschen<\/strong><\/h3>\n<p>Selbst Top-Hotels haben noch Verbesserungspotenzial. Basierend auf der KI-Analyse von Trip.com, die 61 G\u00e4stevorschl\u00e4ge ber\u00fccksichtigt:<\/p>\n<ul dir=\"auto\">\n<li>Einige G\u00e4ste empfehlen <strong>Modernisierung \u00e4lterer Anlagen<\/strong> (insbesondere in Zimmern, die nicht zur Clubkategorie geh\u00f6ren).<\/li>\n<li>Einige bemerken, dass <strong>Parkrichtlinien<\/strong> k\u00f6nnte deutlicher sein (\u00f6ffentliche Parkpl\u00e4tze au\u00dferhalb des Gel\u00e4ndes stehen f\u00fcr 10 CNY\/Stunde zur Verf\u00fcgung).<\/li>\n<li>Eine kleine Anzahl deutet darauf hin <strong>Verbesserung der Effizienz am Empfang<\/strong> w\u00e4hrend der Haupt-Check-in-Zeiten.<\/li>\n<\/ul>\n<p>Dies sind Kleinigkeiten in einem ansonsten hervorragenden Erlebnis \u2013 und werden oft vom proaktiven Managementteam des Hotels behoben.<\/p>\n<div class=\"py-2 my-3\"><hr \/><\/div>\n<h3><strong>Endg\u00fcltiges Urteil: Warum das Kerry Hotel in Peking seine Bewertung von 9,2\/10 erh\u00e4lt<\/strong><\/h3>\n<p>Von seiner unschlagbaren Lage im Gesch\u00e4ftsviertel und seinem familienfreundlichen Charme bis hin zu seinen Gourmetrestaurants, Wellness-Einrichtungen und seinem au\u00dfergew\u00f6hnlichen Service bietet das Kerry Hotel, Beijing ein 5-Sterne-Erlebnis, das bei Reisenden auf der ganzen Welt Anklang findet.<\/p>\n<p>Wie Anne LW im November 2025 zusammenfasste: <em>\u201cFantastischer Service\u2026 wundersch\u00f6nes Zimmer mit einer riesigen Dusche\u2026 das Fr\u00fchst\u00fccksbuffet war k\u00f6stlich\u2026 Ich w\u00fcrde es auf jeden Fall weiterempfehlen und wieder hier \u00fcbernachten.\u201d<\/em><\/p>\n<p>Ob Sie gesch\u00e4ftlich, privat oder beides reisen \u2013 <strong>Kerry Hotel, Peking<\/strong> Es bietet die perfekte Mischung aus Komfort, Bequemlichkeit und Charme. Buchen Sie noch heute und entdecken Sie, warum Tausende von Reisenden immer wiederkommen.<\/p>\n<p><strong>Planen Sie Ihren perfekten Aufenthalt:<\/strong> \ud83d\udccd <strong>Adresse<\/strong>: No.1 Guanghua Road, Chaoyang District, Peking, 100020, China<br \/>\ud83d\udcde <strong>Telefon<\/strong>: +86-10-65618833<br \/>\ud83c\udf10 <strong>Webseite<\/strong>: <a href=\"https:\/\/kerryhotelbeijing.com\/de\/\" target=\"_blank\" rel=\"nofollow noopener\">https:\/\/kerryhotelbeijing.com <\/a><\/p>\n<p data-spm-anchor-id=\"a2ty_o01.29997173.0.i44.4f03c921hZz1xG\"><em>Verf\u00fcgbarkeit pr\u00fcfen und jetzt Ihr Zimmer sichern \u2013 zuletzt gebucht vor nur 12 Minuten!<\/em><\/p>\t\t\t\t\t\t\t\t<\/div>\n\t\t\t\t\t<\/div>\n\t\t\t\t<\/div>\n\t\t\t\t<section class=\"elementor-section elementor-top-section elementor-element elementor-element-27ac2068 elementor-section-stretched elementor-section-boxed elementor-section-gap-beside-yes elementor-section-height-default elementor-section-height-default elementor-section-column-vertical-align-stretch\" data-id=\"27ac2068\" data-element_type=\"section\" data-e-type=\"section\" data-settings=\"{&quot;background_background&quot;:&quot;classic&quot;,&quot;stretch_section&quot;:&quot;section-stretched&quot;}\">\n\t\t\t\t\t\t<div class=\"elementor-container elementor-column-gap-extended\">\n\t\t\t\t\t<div class=\"elementor-column elementor-col-100 elementor-top-column elementor-element elementor-element-39dc6c9a\" data-id=\"39dc6c9a\" data-element_type=\"column\" data-e-type=\"column\">\n\t\t\t<div class=\"elementor-widget-wrap elementor-element-populated\">\n\t\t\t\t\t\t<div class=\"elementor-element elementor-element-103db9a7 elementor-widget elementor-widget-nuss-heading\" data-id=\"103db9a7\" data-element_type=\"widget\" data-e-type=\"widget\" data-widget_type=\"nuss-heading.default\">\n\t\t\t\t<div class=\"elementor-widget-container\">\n\t\t\t\t\t\t\t<div class=\"nuss-modern-heading\">\r\n\t\t\t\t\t\t<div class=\"heading-secondary-wrap\">\r\n\t\t\t\t<h3 class=\"heading-secondary elementor-heading-title\">Verf\u00fcgbarkeit pr\u00fcfen <\/h3>\t\t\t<\/div>\r\n\t\t\r\n\t\t\t\r\n\t\t\t\r\n\t\t\t\t\t<\/div>\r\n\t\t\t\t\t<\/div>\n\t\t\t\t<\/div>\n\t\t\t\t<div class=\"elementor-element elementor-element-7eb12fb4 elementor-widget elementor-widget-text-editor\" data-id=\"7eb12fb4\" data-element_type=\"widget\" data-e-type=\"widget\" data-widget_type=\"text-editor.default\">\n\t\t\t\t\t\t\t\t\t<iframe border=\"0\" src=\"https:\/\/www.trip.com\/partners\/ad\/S6494511?Allianceid=4590391&#038;SID=273202182&#038;trip_sub1=\" style=\"width:1000px;height:200px\" frameborder=\"0\" scrolling=\"no\" id=\"S6494511\"><\/iframe>\t\t\t\t\t\t\t\t<\/div>\n\t\t\t\t\t<\/div>\n\t\t<\/div>\n\t\t\t\t\t<\/div>\n\t\t<\/section>\n\t\t\t\t<\/div>","protected":false},"excerpt":{"rendered":"<p>Kerry Hotel, Beijing: Real Guest Experiences &amp; Reviews \u2013 Why Travelers Rate This 5-Star CBD Gem 9.2\/10 Nestled at No.1 Guanghua Road, Chaoyang District, Beijing, 100020, Kerry Hotel, Beijing isn\u2019t just another luxury hotel \u2014 it\u2019s a vibrant urban sanctuary that consistently earns glowing praise from global travelers. With an outstanding 9.2\/10 rating based on [&hellip;]<\/p>\n","protected":false},"author":1,"featured_media":0,"parent":0,"menu_order":0,"comment_status":"closed","ping_status":"closed","template":"","meta":{"footnotes":""},"class_list":["post-2106","page","type-page","status-publish","hentry","post-no-thumbnail"],"_links":{"self":[{"href":"https:\/\/kerryhotelbeijing.com\/de\/wp-json\/wp\/v2\/pages\/2106","targetHints":{"allow":["GET"]}}],"collection":[{"href":"https:\/\/kerryhotelbeijing.com\/de\/wp-json\/wp\/v2\/pages"}],"about":[{"href":"https:\/\/kerryhotelbeijing.com\/de\/wp-json\/wp\/v2\/types\/page"}],"author":[{"embeddable":true,"href":"https:\/\/kerryhotelbeijing.com\/de\/wp-json\/wp\/v2\/users\/1"}],"replies":[{"embeddable":true,"href":"https:\/\/kerryhotelbeijing.com\/de\/wp-json\/wp\/v2\/comments?post=2106"}],"version-history":[{"count":0,"href":"https:\/\/kerryhotelbeijing.com\/de\/wp-json\/wp\/v2\/pages\/2106\/revisions"}],"wp:attachment":[{"href":"https:\/\/kerryhotelbeijing.com\/de\/wp-json\/wp\/v2\/media?parent=2106"}],"curies":[{"name":"wp","href":"https:\/\/api.w.org\/{rel}","templated":true}]}}