{"id":2104,"date":"2021-03-23T09:33:48","date_gmt":"2021-03-23T09:33:48","guid":{"rendered":"http:\/\/localhost\/nuss\/?page_id=167"},"modified":"2025-11-11T14:46:02","modified_gmt":"2025-11-11T14:46:02","slug":"unsere-geschichte","status":"publish","type":"page","link":"https:\/\/kerryhotelbeijing.com\/de\/unsere-geschichte\/","title":{"rendered":"Unsere Geschichte"},"content":{"rendered":"<div data-elementor-type=\"wp-page\" data-elementor-id=\"2104\" class=\"elementor elementor-2104\">\n\t\t\t\t\t\t<section class=\"elementor-section elementor-top-section elementor-element elementor-element-8f5bb9d elementor-section-boxed elementor-section-gap-beside-yes elementor-section-height-default elementor-section-height-default elementor-section-column-vertical-align-stretch\" data-id=\"8f5bb9d\" data-element_type=\"section\" data-e-type=\"section\">\n\t\t\t\t\t\t<div class=\"elementor-container elementor-column-gap-extended\">\n\t\t\t\t\t<div class=\"elementor-column elementor-col-100 elementor-top-column elementor-element elementor-element-7ec4215\" data-id=\"7ec4215\" data-element_type=\"column\" data-e-type=\"column\">\n\t\t\t<div class=\"elementor-widget-wrap elementor-element-populated\">\n\t\t\t\t\t\t<div class=\"elementor-element elementor-element-edd9d03 elementor-widget__width-initial elementor-invisible elementor-widget elementor-widget-text-editor\" data-id=\"edd9d03\" data-element_type=\"widget\" data-e-type=\"widget\" data-settings=\"{&quot;_animation&quot;:&quot;nussFadeInUp&quot;}\" data-widget_type=\"text-editor.default\">\n\t\t\t\t\t\t\t\t\t<p><strong data-spm-anchor-id=\"a2ty_o01.29997173.0.i68.4f03c921hZz1xG\">Unsere Geschichte: Wo globale Visionen auf das Herz Pekings treffen \u2013 Das Verm\u00e4chtnis des Kerry Hotels, Peking<\/strong><\/p>\t\t\t\t\t\t\t\t<\/div>\n\t\t\t\t\t<\/div>\n\t\t<\/div>\n\t\t\t\t\t<\/div>\n\t\t<\/section>\n\t\t<div class=\"elementor-element elementor-element-ae7e42f e-flex e-con-boxed e-con e-parent\" data-id=\"ae7e42f\" data-element_type=\"container\" data-e-type=\"container\">\n\t\t\t\t\t<div class=\"e-con-inner\">\n\t\t\t\t<div class=\"elementor-element elementor-element-136c3a3 elementor-widget elementor-widget-text-editor\" data-id=\"136c3a3\" data-element_type=\"widget\" data-e-type=\"widget\" data-widget_type=\"text-editor.default\">\n\t\t\t\t\t\t\t\t\t<p>Eingebettet im pulsierenden Epizentrum von Chinas Hauptstadt, <strong>Kerry Hotel, Peking<\/strong> ist mehr als ein Luxushotel \u2013 es ist eine lebendige Geschichte von Ehrgeiz, kulturellem Austausch und best\u00e4ndiger Gastfreundschaft. Seit seiner Gr\u00fcndung im Jahr 1999 als <strong>Kerry Centre Hotel<\/strong>, Dieses legend\u00e4re Anwesen hat sich zu einem Leuchtfeuer moderner Eleganz und herzlichem Service entwickelt und verbindet auf nahtlose Weise internationale Standards mit der Seele Pekings.<\/p><p>Unsere Geschichte beginnt mit einer Vision: einen Zufluchtsort f\u00fcr Weltenbummler und lokale Pioniere zu schaffen \u2013 einen Ort, an dem sich Wirtschaftsf\u00fchrer treffen, Familien unvergessliche Momente erleben und Entdecker neue Kraft tanken, bevor sie die alten Gassen und futuristischen Skylines einer der dynamischsten St\u00e4dte der Welt erkunden. Gelegen in <strong>No.1 Guanghua Road, Chaoyang District, Peking, 100020<\/strong>, Wir befinden uns mit Stolz im zentralen Gesch\u00e4ftsviertel (CBD) der Stadt, nur wenige Schritte von multinationalen Hauptsitzen, diplomatischen Vertretungen und kulturellen Sehensw\u00fcrdigkeiten entfernt \u2013 eine strategische Lage, die unsere Mission widerspiegelt: Menschen mit Chancen, Komfort und Entdeckungen zu verbinden.<\/p><h3>Eine Grundlage f\u00fcr Exzellenz<\/h3><p>Das Kerry Hotel war von Anfang an als Teil des prestigetr\u00e4chtigen <strong>Shangri-La-Gruppe<\/strong>, Bekannt f\u00fcr sein Engagement f\u00fcr \u201cGastfreundschaft, die das Herz ber\u00fchrt\u201d, hat uns dieses Erbe eine Kultur der Exzellenz vermittelt \u2013 in der jede Interaktion mit G\u00e4sten, jedes Detail in den Zimmern und jede kulinarische Kreation mit Sorgfalt und Hingabe gestaltet wird. Unsere 486 liebevoll eingerichteten Zimmer wurden nicht nur zur Erholung, sondern auch zur Regeneration geschaffen \u2013 mit luxuri\u00f6ser Bettw\u00e4sche, Panoramablick auf die Stadt oder den Garten und modernster Technologie, damit unsere G\u00e4ste in Verbindung bleiben, egal ob sie Gesch\u00e4ftsabschl\u00fcsse t\u00e4tigen oder nach einem langen Sightseeing-Tag Filme streamen.<\/p><p>Im Jahr 2012 wurde unser Hotel umfassend renoviert und f\u00fcr den modernen Reisenden neu gestaltet. Wir haben die von unseren G\u00e4sten so gesch\u00e4tzte Gem\u00fctlichkeit und den besonderen Charme bewahrt und gleichzeitig Design, Funktionalit\u00e4t und Nachhaltigkeit verbessert \u2013 damit das Kerry Hotel nicht nur relevant bleibt, sondern seiner Zeit voraus ist.<\/p><h3>Ein Zuhause f\u00fcr Familien, Tr\u00e4umer und Macher<\/h3><p>Wir glauben, dass wahrer Luxus in Personalisierung und Inklusivit\u00e4t liegt. Deshalb haben wir Pionierarbeit geleistet. <strong>Jiabao-Themenzimmer<\/strong> \u2014 verspielte, fantasievolle R\u00e4ume, die Kinder mit Panda-Abenteuern und Heldenmotiven begeistern \u2013 komplett mit kindgerechten Badem\u00e4nteln, Hausschuhen und Zahnb\u00fcrsten. F\u00fcr Eltern bedeutet das Ruhe und Sicherheit; f\u00fcr Kinder ist es Magie. Unser engagiertes Team <strong>Kinderbecken, Spielplatz und familienfreundliche Gastronomieangebote<\/strong> Das macht das Kerry Hotel zu einem beliebten Ziel f\u00fcr Reisende aller Generationen.<\/p><p>F\u00fcr Gesch\u00e4ftsreisende bieten wir mehr als nur Komfort \u2013 wir bieten ihnen Handlungsf\u00e4higkeit. Mit \u00fcber <strong>6.000 Quadratmeter MICE-Fl\u00e4che<\/strong>, Mit dem s\u00e4ulenlosen Grand Ballroom, dem Kowloon Ballroom und dem malerischen Dachgarten haben wir bereits Veranstaltungen aller Art ausgerichtet \u2013 von Fortune-500-Gipfeltreffen bis hin zu exklusiven Vorstandssitzungen. G\u00e4ste der Club-Etage genie\u00dfen exklusiven Zugang zur Executive Lounge \u2013 einer Oase der Ruhe zum Arbeiten oder Entspannen mit kostenlosem Fr\u00fchst\u00fcck, Nachmittagstee, abendlichen Cocktails und privatem Check-in\/Check-out.<\/p><h3>Kulinarische Reisen \u00fcber Kontinente hinweg<\/h3><p>Unsere Geschichte wird auch durch Geschmack erz\u00e4hlt. Von der raffinierten kantonesischen K\u00fcche bis hin zu <strong>Horizon Chinese Restaurant<\/strong> zum vielf\u00e4ltigen ganzt\u00e4gigen Speisenangebot bei <strong>Kerrys K\u00fcche<\/strong>, Unsere f\u00fcnf verschiedenen Restaurants laden die G\u00e4ste zu einer gastronomischen Reise ein. <strong>Centro Bar<\/strong>, Preisgekr\u00f6nte Cocktails und Live-Jazz schaffen eine Atmosph\u00e4re, in der Begegnungen stattfinden und Geschichten entstehen. Und jeden Morgen erwartet Sie unser luxuri\u00f6ses Ambiente. <strong>Fr\u00fchst\u00fccksbuffet (06:30\u201310:30)<\/strong> \u2014 von den G\u00e4sten f\u00fcr seine Frische und internationale Vielfalt gelobt \u2014 gibt den Ton f\u00fcr einen gelungenen Start in den Tag an.<\/p><h3>Wohlbefinden, Verbundenheit und Gemeinschaft<\/h3><p>Wahrer Luxus bedeutet mehr als nur Komfort \u2013 er bedeutet Vitalit\u00e4t. Unser hochmodernes Fitnessstudio, der beheizte Innenpool, die Tennis- und Basketballpl\u00e4tze sowie die Joggingstrecke im Freien laden unsere G\u00e4ste zu einem aktiven Lebensstil ein. Wer Ruhe sucht, findet in unseren Massager\u00e4umen, der Sauna, den Dampfb\u00e4dern und dem Whirlpool Momente purer Entspannung. Ob Sie Squash spielen oder im Dachgarten unter dem Sternenhimmel ein Glas Wein genie\u00dfen \u2013 das Kerry Hotel vermittelt ein Gef\u00fchl von Ausgeglichenheit und Zugeh\u00f6rigkeit.<\/p><h3>Verwurzelt in Peking, verbunden mit der Welt<\/h3><p>Unser Standort ist kein Zufall. <strong>490 Meter von der U-Bahn-Station Jintaixizhao entfernt<\/strong> Und <strong>680 Meter vom Bahnhof Guomao entfernt<\/strong>, Wir befinden uns am Schnittpunkt von Handel, Kultur und Vernetzung. G\u00e4ste erreichen die Verbotene Stadt, den Tiananmen-Platz oder Sanlitun in wenigen Minuten \u2013 und kehren dennoch in die ruhige Oase unseres \u00fcppigen Innengartens und unserer beschaulichen G\u00e4nge zur\u00fcck.<\/p><p>Wir sprechen Ihre Sprache \u2013 im wahrsten Sinne des Wortes. Mit Mitarbeitern, die flie\u00dfend sprechen <strong>Englisch und Mandarin<\/strong>, Dank der am Empfang verf\u00fcgbaren \u00dcbersetzungstools ist Kommunikation nie ein Hindernis. Unser 24-Stunden-Concierge-Service sorgt daf\u00fcr, dass jeder Wunsch \u2013 von der Buchung einer Chinesischen Mauer-Tour bis hin zur Organisation von Flughafentransfers \u2013 zuvorkommend und effizient erf\u00fcllt wird.<\/p><h3>Das Kerry-Versprechen: Gastfreundschaft, die Herzen ber\u00fchrt<\/h3><p>Seit \u00fcber zwei Jahrzehnten durften wir Diplomaten, CEOs, K\u00fcnstler und Familien begr\u00fc\u00dfen \u2013 jeder von ihnen hat seine Spuren in unserer Geschichte hinterlassen. Ihr Feedback, ihre Anregungen und ihr L\u00e4cheln haben uns zu dem gemacht, was wir heute sind: ein Hotel, das Erwartungen nicht nur erf\u00fcllt, sondern \u00fcbertrifft.<\/p><p>Wir h\u00f6ren zu. Wir passen uns an. Wir entwickeln Innovationen. Und wir vergessen nie, dass hinter jeder Buchung ein Mensch steht \u2013 jemand, der Trost, Gemeinschaft oder Inspiration sucht. Deshalb optimieren wir kontinuierlich unsere Services, modernisieren unsere Einrichtungen und verst\u00e4rken unser Engagement f\u00fcr Nachhaltigkeit und Gemeinschaft.<\/p><p>Im Kerry Hotel in Peking schreiben wir unsere Geschichte weiter \u2013 mit jedem Gast, jedem L\u00e4cheln, jedem unvergesslichen Erlebnis. Seien Sie dabei. Lassen Sie uns Teil Ihres n\u00e4chsten Kapitels werden.<\/p><p data-spm-anchor-id=\"a2ty_o01.29997173.0.i70.4f03c921hZz1xG\"><em>Willkommen zu Hause \u2013 im Herzen von Peking.<\/em><\/p>\t\t\t\t\t\t\t\t<\/div>\n\t\t\t\t\t<\/div>\n\t\t\t\t<\/div>\n\t\t\t\t<section class=\"elementor-section elementor-top-section elementor-element elementor-element-58568fff elementor-section-stretched elementor-section-boxed elementor-section-gap-beside-yes elementor-section-height-default elementor-section-height-default elementor-section-column-vertical-align-stretch\" data-id=\"58568fff\" data-element_type=\"section\" data-e-type=\"section\" data-settings=\"{&quot;background_background&quot;:&quot;classic&quot;,&quot;stretch_section&quot;:&quot;section-stretched&quot;}\">\n\t\t\t\t\t\t<div class=\"elementor-container elementor-column-gap-extended\">\n\t\t\t\t\t<div class=\"elementor-column elementor-col-100 elementor-top-column elementor-element elementor-element-64d815f6\" data-id=\"64d815f6\" data-element_type=\"column\" data-e-type=\"column\">\n\t\t\t<div class=\"elementor-widget-wrap elementor-element-populated\">\n\t\t\t\t\t\t<div class=\"elementor-element elementor-element-725cd0ac elementor-widget elementor-widget-nuss-heading\" data-id=\"725cd0ac\" data-element_type=\"widget\" data-e-type=\"widget\" data-widget_type=\"nuss-heading.default\">\n\t\t\t\t<div class=\"elementor-widget-container\">\n\t\t\t\t\t\t\t<div class=\"nuss-modern-heading\">\r\n\t\t\t\t\t\t<div class=\"heading-secondary-wrap\">\r\n\t\t\t\t<h3 class=\"heading-secondary elementor-heading-title\">Verf\u00fcgbarkeit pr\u00fcfen <\/h3>\t\t\t<\/div>\r\n\t\t\r\n\t\t\t\r\n\t\t\t\r\n\t\t\t\t\t<\/div>\r\n\t\t\t\t\t<\/div>\n\t\t\t\t<\/div>\n\t\t\t\t<div class=\"elementor-element elementor-element-75093a1 elementor-widget elementor-widget-text-editor\" data-id=\"75093a1\" data-element_type=\"widget\" data-e-type=\"widget\" data-widget_type=\"text-editor.default\">\n\t\t\t\t\t\t\t\t\t<iframe border=\"0\" src=\"https:\/\/www.trip.com\/partners\/ad\/S6494511?Allianceid=4590391&#038;SID=273202182&#038;trip_sub1=\" style=\"width:1000px;height:200px\" frameborder=\"0\" scrolling=\"no\" id=\"S6494511\"><\/iframe>\t\t\t\t\t\t\t\t<\/div>\n\t\t\t\t\t<\/div>\n\t\t<\/div>\n\t\t\t\t\t<\/div>\n\t\t<\/section>\n\t\t\t\t<\/div>","protected":false},"excerpt":{"rendered":"<p>Our Story: Where Global Vision Meets Beijing\u2019s Heartbeat \u2014 The Legacy of Kerry Hotel, Beijing Nestled at the vibrant epicenter of China\u2019s capital, Kerry Hotel, Beijing is more than a luxury hotel \u2014 it is a living narrative of ambition, cultural exchange, and enduring hospitality. Since its inception in 1999 as the Kerry Centre Hotel, [&hellip;]<\/p>\n","protected":false},"author":1,"featured_media":0,"parent":0,"menu_order":0,"comment_status":"closed","ping_status":"closed","template":"","meta":{"footnotes":""},"class_list":["post-2104","page","type-page","status-publish","hentry","post-no-thumbnail"],"_links":{"self":[{"href":"https:\/\/kerryhotelbeijing.com\/de\/wp-json\/wp\/v2\/pages\/2104","targetHints":{"allow":["GET"]}}],"collection":[{"href":"https:\/\/kerryhotelbeijing.com\/de\/wp-json\/wp\/v2\/pages"}],"about":[{"href":"https:\/\/kerryhotelbeijing.com\/de\/wp-json\/wp\/v2\/types\/page"}],"author":[{"embeddable":true,"href":"https:\/\/kerryhotelbeijing.com\/de\/wp-json\/wp\/v2\/users\/1"}],"replies":[{"embeddable":true,"href":"https:\/\/kerryhotelbeijing.com\/de\/wp-json\/wp\/v2\/comments?post=2104"}],"version-history":[{"count":0,"href":"https:\/\/kerryhotelbeijing.com\/de\/wp-json\/wp\/v2\/pages\/2104\/revisions"}],"wp:attachment":[{"href":"https:\/\/kerryhotelbeijing.com\/de\/wp-json\/wp\/v2\/media?parent=2104"}],"curies":[{"name":"wp","href":"https:\/\/api.w.org\/{rel}","templated":true}]}}